{"id":40,"date":"2019-04-22T08:45:44","date_gmt":"2019-04-22T08:45:44","guid":{"rendered":"http:\/\/lpstgjiu.ro\/?page_id=40"},"modified":"2026-04-01T13:49:50","modified_gmt":"2026-04-01T10:49:50","slug":"home-2","status":"publish","type":"page","link":"https:\/\/lpstgjiu.ro\/","title":{"rendered":"Acas\u0103"},"content":{"rendered":"\n<p>Felicit\u0103ri elevilor no\u0219tri pentru rezultatele deosebite ob\u021binute la Concursul Jude\u021bean \u201eValue Your English\u201d, sec\u021biunea \u201eCreative Writing\u201d, etapa jude\u021bean\u0103, desf\u0103\u0219urat duminic\u0103, 29 martie 2026!<br>Suntem m\u00e2ndri s\u0103 anun\u021b\u0103m performan\u021bele elevilor care au reprezentat \u0219coala noastr\u0103 cu seriozitate, creativitate \u0219i pasiune pentru limba englez\u0103:<br>Clasa a V a:<br>Fierascu Elena Alexia &#8211; 100p (Premiul I)<br>Drosu Patric &#8211; 99p (Premiul al II-lea)<br>Julea Amalia &#8211; 99 (Premiul al II-lea)<br>Piroi M\u0103d\u0103lina &#8211; 98 (Premiul al III-lea)<br>B\u0103lan Ioana &#8211; 97 (Men\u021biune)<br>Plotog Flavia &#8211; 96 (Men\u021biune)<br>Ciop\u0103noiu Ioan Matei-90p<br>Goang\u0103 Eduard Ionu\u021b-90p<br>Clasa a VI a:<br>Lupu Andreea &#8211; 100p (Premiul I)<br>Iacobescu Ariana &#8211; 99p (Premiul al II-lea)<br>Lupulescu Radu &#8211; 98p (Premiul al III-lea)<br>Clasa a VII a:<br>Drosu Rebeca Maria-100p (Premiul I)<br>Enea Cosmina \u0218tefania-100p (Premiul I)<br>Malacu Alexandra Maria-100p (Premiul I)<br>Oproiu David Dumitru-95p (Men\u021biune)<br>S\u00eerbu Luca Adrian-91p<br>Participarea la acest concurs a eviden\u021biat nu doar competen\u021bele lingvistice ale elevilor, ci \u0219i capacitatea lor de a-\u0219i exprima ideile \u00eentr-un mod original \u0219i coerent, demonstr\u00e2nd creativitate \u0219i spirit critic.<br>Felicit\u0103ri tuturor participan\u021bilor pentru implicare \u0219i profesorilor coordonatori pentru sprijinul acordat!<\/p>\n\n\n\n<p><br>V\u0103 dorim mult succes \u00een continuare \u0219i c\u00e2t mai multe realiz\u0103ri!<\/p>\n\n\n\n<hr class=\"wp-block-separator has-alpha-channel-opacity\"\/>\n\n\n\n<p>Felicit\u0103ri elevilor no\u0219tri pentru performan\u021ba deosebit\u0103 de a se califica la Olimpiada de Preg\u0103tire Sportiv\u0103 Teoretic\u0103!<\/p>\n\n\n\n<p>Prin munc\u0103, perseveren\u021b\u0103 \u0219i pasiune pentru domeniul sportului, a\u021bi demonstrat c\u0103 seriozitatea \u0219i dorin\u021ba de a progresa aduc rezultate remarcabile. Calificarea voastr\u0103 reprezint\u0103 nu doar o realizare personal\u0103, ci \u0219i un motiv de m\u00e2ndrie pentru \u0219coal\u0103, profesori \u0219i colegi.<\/p>\n\n\n\n<p>V\u0103 dorim mult succes \u00een etapa urm\u0103toare, \u00eencredere \u00een propriile for\u021be \u0219i rezultate pe m\u0103sura efortului depus. Suntem convin\u0219i c\u0103 ve\u021bi reprezenta cu cinste \u0219coala noastr\u0103!<\/p>\n\n\n\n<p>Bravo \u0219i mult succes mai departe!<\/p>\n\n\n\n<figure class=\"wp-block-image size-large\"><img fetchpriority=\"high\" decoding=\"async\" width=\"1024\" height=\"768\" src=\"https:\/\/lpstgjiu.ro\/wp-content\/uploads\/2026\/03\/Olimpiada-Pregatire-Sportiva-Teoretica-afis-1024x768.jpg\" alt=\"\" class=\"wp-image-2821\" srcset=\"https:\/\/lpstgjiu.ro\/wp-content\/uploads\/2026\/03\/Olimpiada-Pregatire-Sportiva-Teoretica-afis-1024x768.jpg 1024w, https:\/\/lpstgjiu.ro\/wp-content\/uploads\/2026\/03\/Olimpiada-Pregatire-Sportiva-Teoretica-afis-300x225.jpg 300w, https:\/\/lpstgjiu.ro\/wp-content\/uploads\/2026\/03\/Olimpiada-Pregatire-Sportiva-Teoretica-afis-768x576.jpg 768w, https:\/\/lpstgjiu.ro\/wp-content\/uploads\/2026\/03\/Olimpiada-Pregatire-Sportiva-Teoretica-afis-660x495.jpg 660w, https:\/\/lpstgjiu.ro\/wp-content\/uploads\/2026\/03\/Olimpiada-Pregatire-Sportiva-Teoretica-afis.jpg 1500w\" sizes=\"(max-width: 1024px) 100vw, 1024px\" \/><\/figure>\n\n\n\n<p>Dragi p\u0103rin\u021bi \u0219i viitori elevi,<\/p>\n\n\n\n<pre class=\"wp-block-code\"><code>        <strong>\u0218coala noastr\u0103, Liceul cu Program Sportiv, are bucuria de a v\u0103 invita la Ziua Por\u021bilor Deschise, care va avea loc mar\u021bi, 17 martie 2026, \u00eencep\u00e2nd cu ora 16.00 la sediul nostru din 23 August, nr.100, T\u00e2rgu Jiu.\n         Evenimentul reprezint\u0103 o oportunitate de a descoperi mediul educa\u021bional pe care \u00eel oferim, de a vizita s\u0103lile de clas\u0103, de a cunoa\u0219te cadrele didactice \u0219i de a afla mai multe despre programele \u0219i activit\u0103\u021bile desf\u0103\u0219urate \u00een cadrul \u0219colii noastre.\n       Va fi o zi special\u0103 \u00een care: <\/strong><\/code><\/pre>\n\n\n\n<p>&#x2665;&#xfe0f; ve\u021bi vizita s\u0103lile de clas\u0103;<br>&#x2665;&#xfe0f;ve\u021bi cunoa\u0219te cadrele didactice;<br>&#x2665;&#xfe0f;ve\u021bi afla informa\u021bii despre \u00eenscriere;<br>&#x2665;&#xfe0f;Copiii se vor bucura de activit\u0103\u021bi \u0219i surprize preg\u0103tite pentru ei.<br>V\u0103 a\u0219tept\u0103m cu drag s\u0103 ne cunoa\u0219tem \u0219i s\u0103 v\u0103 prezent\u0103m locul \u00een care copiii cresc, \u00eenva\u021b\u0103 \u0219i \u00ee\u0219i descoper\u0103 poten\u021bialul.<br>Cadrele didactice ale Liceului cu Program Sportiv, T\u00e2rgu Jiu.<\/p>\n\n\n\n<figure class=\"wp-block-image size-large is-resized\"><img decoding=\"async\" width=\"683\" height=\"1024\" src=\"https:\/\/lpstgjiu.ro\/wp-content\/uploads\/2026\/03\/ZIUA-PORSILOR-DESCHISE-683x1024.jpeg\" alt=\"\" class=\"wp-image-2792\" style=\"width:838px;height:auto\" srcset=\"https:\/\/lpstgjiu.ro\/wp-content\/uploads\/2026\/03\/ZIUA-PORSILOR-DESCHISE-683x1024.jpeg 683w, https:\/\/lpstgjiu.ro\/wp-content\/uploads\/2026\/03\/ZIUA-PORSILOR-DESCHISE-200x300.jpeg 200w, https:\/\/lpstgjiu.ro\/wp-content\/uploads\/2026\/03\/ZIUA-PORSILOR-DESCHISE-768x1152.jpeg 768w, https:\/\/lpstgjiu.ro\/wp-content\/uploads\/2026\/03\/ZIUA-PORSILOR-DESCHISE-660x990.jpeg 660w, https:\/\/lpstgjiu.ro\/wp-content\/uploads\/2026\/03\/ZIUA-PORSILOR-DESCHISE.jpeg 1024w\" sizes=\"(max-width: 683px) 100vw, 683px\" \/><\/figure>\n\n\n\n<div data-wp-interactive=\"core\/file\" class=\"wp-block-file\"><object data-wp-bind--hidden=\"!state.hasPdfPreview\" hidden class=\"wp-block-file__embed\" data=\"https:\/\/lpstgjiu.ro\/wp-content\/uploads\/2026\/02\/Siguranta-minorilor.pdf\" type=\"application\/pdf\" style=\"width:100%;height:602px\" aria-label=\"\u00cenglobare pentru Siguran\u021ba minorilor.\"><\/object><a id=\"wp-block-file--media-88edaccb-1130-49d4-93c0-670b40280cbd\" href=\"https:\/\/lpstgjiu.ro\/wp-content\/uploads\/2026\/02\/Siguranta-minorilor.pdf\">Siguran\u021ba minorilor<\/a><a href=\"https:\/\/lpstgjiu.ro\/wp-content\/uploads\/2026\/02\/Siguranta-minorilor.pdf\" class=\"wp-block-file__button wp-element-button\" download aria-describedby=\"wp-block-file--media-88edaccb-1130-49d4-93c0-670b40280cbd\">Descarc\u0103<\/a><\/div>\n\n\n\n<div class=\"wp-block-uagb-buttons uagb-buttons__outer-wrap uagb-btn__default-btn uagb-btn-tablet__default-btn uagb-btn-mobile__default-btn uagb-block-46e92342\"><div class=\"uagb-buttons__wrap uagb-buttons-layout-wrap \">\n<div class=\"wp-block-uagb-buttons-child uagb-buttons__outer-wrap uagb-block-4de125a1 wp-block-button\"><div class=\"uagb-button__wrapper\"><a class=\"uagb-buttons-repeater wp-block-button__link\" aria-label=\"\" href=\"#\" rel=\"follow noopener\" target=\"_self\" role=\"button\"><div class=\"uagb-button__link\">Click Here<\/div><\/a><\/div><\/div>\n<\/div><\/div>\n\n\n\n<p>        A doua activitate din cadrul proiectului interjude\u021bean <strong>\u201eVia\u021ba \u2013 ca o zi de Florii\u201d <\/strong>\u2013 <strong>\u201eSunt recunosc\u0103tor pentru\u2026\u201d<\/strong> \u2013 s-a desf\u0103\u0219urat at\u00e2t \u00een cadrul Liceului cu Program Sportiv, c\u00e2t \u0219i la Structura \u0218coala Gimnazial\u0103 \u201ePompiliu Marcea\u201d.<br>\u00cen aceste zile, \u0219coala a devenit un spa\u021biu al reflec\u021biei, al recuno\u0219tin\u021bei \u0219i al mesajelor pozitive. Holurile s-au umplut de g\u00e2nduri sincere, de aprecieri exprimate din suflet \u0219i de emo\u021bii frumoase.<br>         Elevii au scris mesaje pentru p\u0103rin\u021bi, profesori, medici, colegi \u0219i pentru to\u021bi cei care le sunt sprijin zi de zi. Copacii recuno\u0219tin\u021bei, borcanele simbolice \u0219i elementele realizate de fiecare clas\u0103 au transformat spa\u021biile \u0219colii \u00eentr-un loc al sensibilit\u0103\u021bii \u0219i al bucuriei de a aprecia.<br>         Prin aceast\u0103 activitate, copiii au \u00eenv\u0103\u021bat c\u0103 recuno\u0219tin\u021ba apropie, une\u0219te \u0219i \u00eent\u0103re\u0219te comunitatea.<br>         Felicit\u0103ri cadrelor didactice implicate \u0219i elevilor care au dovedit creativitate, implicare \u0219i mult suflet!<\/p>\n\n\n\n<figure class=\"wp-block-gallery has-nested-images columns-default is-cropped wp-block-gallery-1 is-layout-flex wp-block-gallery-is-layout-flex\">\n<figure class=\"wp-block-image size-large\"><img decoding=\"async\" width=\"1024\" height=\"473\" data-id=\"2753\" src=\"https:\/\/lpstgjiu.ro\/wp-content\/uploads\/2026\/02\/1-2-1024x473.jpeg\" alt=\"\" class=\"wp-image-2753\" srcset=\"https:\/\/lpstgjiu.ro\/wp-content\/uploads\/2026\/02\/1-2-1024x473.jpeg 1024w, https:\/\/lpstgjiu.ro\/wp-content\/uploads\/2026\/02\/1-2-300x139.jpeg 300w, https:\/\/lpstgjiu.ro\/wp-content\/uploads\/2026\/02\/1-2-768x355.jpeg 768w, https:\/\/lpstgjiu.ro\/wp-content\/uploads\/2026\/02\/1-2-1536x710.jpeg 1536w, https:\/\/lpstgjiu.ro\/wp-content\/uploads\/2026\/02\/1-2-660x305.jpeg 660w, https:\/\/lpstgjiu.ro\/wp-content\/uploads\/2026\/02\/1-2.jpeg 2000w\" sizes=\"(max-width: 1024px) 100vw, 1024px\" \/><\/figure>\n\n\n\n<figure class=\"wp-block-image size-large\"><img loading=\"lazy\" decoding=\"async\" width=\"473\" height=\"1024\" data-id=\"2750\" src=\"https:\/\/lpstgjiu.ro\/wp-content\/uploads\/2026\/02\/6-2-473x1024.jpeg\" alt=\"\" class=\"wp-image-2750\" srcset=\"https:\/\/lpstgjiu.ro\/wp-content\/uploads\/2026\/02\/6-2-473x1024.jpeg 473w, https:\/\/lpstgjiu.ro\/wp-content\/uploads\/2026\/02\/6-2-139x300.jpeg 139w, https:\/\/lpstgjiu.ro\/wp-content\/uploads\/2026\/02\/6-2-768x1662.jpeg 768w, https:\/\/lpstgjiu.ro\/wp-content\/uploads\/2026\/02\/6-2-710x1536.jpeg 710w, https:\/\/lpstgjiu.ro\/wp-content\/uploads\/2026\/02\/6-2-660x1429.jpeg 660w, https:\/\/lpstgjiu.ro\/wp-content\/uploads\/2026\/02\/6-2.jpeg 924w\" sizes=\"(max-width: 473px) 100vw, 473px\" \/><\/figure>\n\n\n\n<figure class=\"wp-block-image size-large\"><img loading=\"lazy\" decoding=\"async\" width=\"768\" height=\"1024\" data-id=\"2751\" src=\"https:\/\/lpstgjiu.ro\/wp-content\/uploads\/2026\/02\/10-3-768x1024.jpeg\" alt=\"\" class=\"wp-image-2751\" srcset=\"https:\/\/lpstgjiu.ro\/wp-content\/uploads\/2026\/02\/10-3-768x1024.jpeg 768w, https:\/\/lpstgjiu.ro\/wp-content\/uploads\/2026\/02\/10-3-225x300.jpeg 225w, https:\/\/lpstgjiu.ro\/wp-content\/uploads\/2026\/02\/10-3-1152x1536.jpeg 1152w, https:\/\/lpstgjiu.ro\/wp-content\/uploads\/2026\/02\/10-3-660x880.jpeg 660w, https:\/\/lpstgjiu.ro\/wp-content\/uploads\/2026\/02\/10-3.jpeg 1536w\" sizes=\"(max-width: 768px) 100vw, 768px\" \/><\/figure>\n\n\n\n<figure class=\"wp-block-image size-large\"><img loading=\"lazy\" decoding=\"async\" width=\"768\" height=\"1024\" data-id=\"2752\" src=\"https:\/\/lpstgjiu.ro\/wp-content\/uploads\/2026\/02\/15-1-768x1024.jpeg\" alt=\"\" class=\"wp-image-2752\" srcset=\"https:\/\/lpstgjiu.ro\/wp-content\/uploads\/2026\/02\/15-1-768x1024.jpeg 768w, https:\/\/lpstgjiu.ro\/wp-content\/uploads\/2026\/02\/15-1-225x300.jpeg 225w, https:\/\/lpstgjiu.ro\/wp-content\/uploads\/2026\/02\/15-1-1152x1536.jpeg 1152w, https:\/\/lpstgjiu.ro\/wp-content\/uploads\/2026\/02\/15-1-660x880.jpeg 660w, https:\/\/lpstgjiu.ro\/wp-content\/uploads\/2026\/02\/15-1.jpeg 1536w\" sizes=\"(max-width: 768px) 100vw, 768px\" \/><\/figure>\n\n\n\n<figure class=\"wp-block-image size-large\"><img loading=\"lazy\" decoding=\"async\" width=\"768\" height=\"1024\" data-id=\"2754\" src=\"https:\/\/lpstgjiu.ro\/wp-content\/uploads\/2026\/02\/16-1-768x1024.jpeg\" alt=\"\" class=\"wp-image-2754\" srcset=\"https:\/\/lpstgjiu.ro\/wp-content\/uploads\/2026\/02\/16-1-768x1024.jpeg 768w, https:\/\/lpstgjiu.ro\/wp-content\/uploads\/2026\/02\/16-1-225x300.jpeg 225w, https:\/\/lpstgjiu.ro\/wp-content\/uploads\/2026\/02\/16-1-1152x1536.jpeg 1152w, https:\/\/lpstgjiu.ro\/wp-content\/uploads\/2026\/02\/16-1-660x880.jpeg 660w, https:\/\/lpstgjiu.ro\/wp-content\/uploads\/2026\/02\/16-1.jpeg 1536w\" sizes=\"(max-width: 768px) 100vw, 768px\" \/><\/figure>\n\n\n\n<figure class=\"wp-block-image size-large\"><img loading=\"lazy\" decoding=\"async\" width=\"768\" height=\"1024\" data-id=\"2755\" src=\"https:\/\/lpstgjiu.ro\/wp-content\/uploads\/2026\/02\/23-1-768x1024.jpeg\" alt=\"\" class=\"wp-image-2755\" srcset=\"https:\/\/lpstgjiu.ro\/wp-content\/uploads\/2026\/02\/23-1-768x1024.jpeg 768w, https:\/\/lpstgjiu.ro\/wp-content\/uploads\/2026\/02\/23-1-225x300.jpeg 225w, https:\/\/lpstgjiu.ro\/wp-content\/uploads\/2026\/02\/23-1-1152x1536.jpeg 1152w, https:\/\/lpstgjiu.ro\/wp-content\/uploads\/2026\/02\/23-1-660x880.jpeg 660w, https:\/\/lpstgjiu.ro\/wp-content\/uploads\/2026\/02\/23-1.jpeg 1200w\" sizes=\"(max-width: 768px) 100vw, 768px\" \/><\/figure>\n\n\n\n<figure class=\"wp-block-image size-large\"><img loading=\"lazy\" decoding=\"async\" width=\"1024\" height=\"768\" data-id=\"2756\" src=\"https:\/\/lpstgjiu.ro\/wp-content\/uploads\/2026\/02\/28-1-1024x768.jpeg\" alt=\"\" class=\"wp-image-2756\" srcset=\"https:\/\/lpstgjiu.ro\/wp-content\/uploads\/2026\/02\/28-1-1024x768.jpeg 1024w, https:\/\/lpstgjiu.ro\/wp-content\/uploads\/2026\/02\/28-1-300x225.jpeg 300w, https:\/\/lpstgjiu.ro\/wp-content\/uploads\/2026\/02\/28-1-768x576.jpeg 768w, https:\/\/lpstgjiu.ro\/wp-content\/uploads\/2026\/02\/28-1-1536x1152.jpeg 1536w, https:\/\/lpstgjiu.ro\/wp-content\/uploads\/2026\/02\/28-1-660x495.jpeg 660w, https:\/\/lpstgjiu.ro\/wp-content\/uploads\/2026\/02\/28-1.jpeg 2048w\" sizes=\"(max-width: 1024px) 100vw, 1024px\" \/><\/figure>\n\n\n\n<figure class=\"wp-block-image size-large\"><img loading=\"lazy\" decoding=\"async\" width=\"768\" height=\"1024\" data-id=\"2757\" src=\"https:\/\/lpstgjiu.ro\/wp-content\/uploads\/2026\/02\/29-1-768x1024.jpeg\" alt=\"\" class=\"wp-image-2757\" srcset=\"https:\/\/lpstgjiu.ro\/wp-content\/uploads\/2026\/02\/29-1-768x1024.jpeg 768w, https:\/\/lpstgjiu.ro\/wp-content\/uploads\/2026\/02\/29-1-225x300.jpeg 225w, https:\/\/lpstgjiu.ro\/wp-content\/uploads\/2026\/02\/29-1-1152x1536.jpeg 1152w, https:\/\/lpstgjiu.ro\/wp-content\/uploads\/2026\/02\/29-1-660x880.jpeg 660w, https:\/\/lpstgjiu.ro\/wp-content\/uploads\/2026\/02\/29-1.jpeg 1536w\" sizes=\"(max-width: 768px) 100vw, 768px\" \/><\/figure>\n\n\n\n<figure class=\"wp-block-image size-large\"><img loading=\"lazy\" decoding=\"async\" width=\"1024\" height=\"768\" data-id=\"2758\" src=\"https:\/\/lpstgjiu.ro\/wp-content\/uploads\/2026\/02\/30-1-1024x768.jpeg\" alt=\"\" class=\"wp-image-2758\" srcset=\"https:\/\/lpstgjiu.ro\/wp-content\/uploads\/2026\/02\/30-1-1024x768.jpeg 1024w, https:\/\/lpstgjiu.ro\/wp-content\/uploads\/2026\/02\/30-1-300x225.jpeg 300w, https:\/\/lpstgjiu.ro\/wp-content\/uploads\/2026\/02\/30-1-768x576.jpeg 768w, https:\/\/lpstgjiu.ro\/wp-content\/uploads\/2026\/02\/30-1-1536x1152.jpeg 1536w, https:\/\/lpstgjiu.ro\/wp-content\/uploads\/2026\/02\/30-1-660x495.jpeg 660w, https:\/\/lpstgjiu.ro\/wp-content\/uploads\/2026\/02\/30-1.jpeg 2048w\" sizes=\"(max-width: 1024px) 100vw, 1024px\" \/><\/figure>\n\n\n\n<figure class=\"wp-block-image size-large\"><img loading=\"lazy\" decoding=\"async\" width=\"1024\" height=\"768\" data-id=\"2759\" src=\"https:\/\/lpstgjiu.ro\/wp-content\/uploads\/2026\/02\/36-1-1024x768.jpeg\" alt=\"\" class=\"wp-image-2759\" srcset=\"https:\/\/lpstgjiu.ro\/wp-content\/uploads\/2026\/02\/36-1-1024x768.jpeg 1024w, https:\/\/lpstgjiu.ro\/wp-content\/uploads\/2026\/02\/36-1-300x225.jpeg 300w, https:\/\/lpstgjiu.ro\/wp-content\/uploads\/2026\/02\/36-1-768x576.jpeg 768w, https:\/\/lpstgjiu.ro\/wp-content\/uploads\/2026\/02\/36-1-1536x1152.jpeg 1536w, https:\/\/lpstgjiu.ro\/wp-content\/uploads\/2026\/02\/36-1-660x495.jpeg 660w, https:\/\/lpstgjiu.ro\/wp-content\/uploads\/2026\/02\/36-1.jpeg 2048w\" sizes=\"(max-width: 1024px) 100vw, 1024px\" \/><\/figure>\n\n\n\n<figure class=\"wp-block-image size-large\"><img loading=\"lazy\" decoding=\"async\" width=\"768\" height=\"1024\" data-id=\"2760\" src=\"https:\/\/lpstgjiu.ro\/wp-content\/uploads\/2026\/02\/40-1-768x1024.jpeg\" alt=\"\" class=\"wp-image-2760\" srcset=\"https:\/\/lpstgjiu.ro\/wp-content\/uploads\/2026\/02\/40-1-768x1024.jpeg 768w, https:\/\/lpstgjiu.ro\/wp-content\/uploads\/2026\/02\/40-1-225x300.jpeg 225w, https:\/\/lpstgjiu.ro\/wp-content\/uploads\/2026\/02\/40-1-1152x1536.jpeg 1152w, https:\/\/lpstgjiu.ro\/wp-content\/uploads\/2026\/02\/40-1-660x880.jpeg 660w, https:\/\/lpstgjiu.ro\/wp-content\/uploads\/2026\/02\/40-1.jpeg 1536w\" sizes=\"(max-width: 768px) 100vw, 768px\" \/><\/figure>\n\n\n\n<figure class=\"wp-block-image size-large\"><img loading=\"lazy\" decoding=\"async\" width=\"768\" height=\"1024\" data-id=\"2761\" src=\"https:\/\/lpstgjiu.ro\/wp-content\/uploads\/2026\/02\/45-1-768x1024.jpeg\" alt=\"\" class=\"wp-image-2761\" srcset=\"https:\/\/lpstgjiu.ro\/wp-content\/uploads\/2026\/02\/45-1-768x1024.jpeg 768w, https:\/\/lpstgjiu.ro\/wp-content\/uploads\/2026\/02\/45-1-225x300.jpeg 225w, https:\/\/lpstgjiu.ro\/wp-content\/uploads\/2026\/02\/45-1-1152x1536.jpeg 1152w, https:\/\/lpstgjiu.ro\/wp-content\/uploads\/2026\/02\/45-1-660x880.jpeg 660w, https:\/\/lpstgjiu.ro\/wp-content\/uploads\/2026\/02\/45-1.jpeg 1512w\" sizes=\"(max-width: 768px) 100vw, 768px\" \/><\/figure>\n\n\n\n<figure class=\"wp-block-image size-large\"><img loading=\"lazy\" decoding=\"async\" width=\"768\" height=\"1024\" data-id=\"2762\" src=\"https:\/\/lpstgjiu.ro\/wp-content\/uploads\/2026\/02\/46-1-768x1024.jpeg\" alt=\"\" class=\"wp-image-2762\" srcset=\"https:\/\/lpstgjiu.ro\/wp-content\/uploads\/2026\/02\/46-1-768x1024.jpeg 768w, https:\/\/lpstgjiu.ro\/wp-content\/uploads\/2026\/02\/46-1-225x300.jpeg 225w, https:\/\/lpstgjiu.ro\/wp-content\/uploads\/2026\/02\/46-1-1152x1536.jpeg 1152w, https:\/\/lpstgjiu.ro\/wp-content\/uploads\/2026\/02\/46-1-660x880.jpeg 660w, https:\/\/lpstgjiu.ro\/wp-content\/uploads\/2026\/02\/46-1.jpeg 1512w\" sizes=\"(max-width: 768px) 100vw, 768px\" \/><\/figure>\n\n\n\n<figure class=\"wp-block-image size-large\"><img loading=\"lazy\" decoding=\"async\" width=\"768\" height=\"1024\" data-id=\"2764\" src=\"https:\/\/lpstgjiu.ro\/wp-content\/uploads\/2026\/02\/47-1-768x1024.jpeg\" alt=\"\" class=\"wp-image-2764\" srcset=\"https:\/\/lpstgjiu.ro\/wp-content\/uploads\/2026\/02\/47-1-768x1024.jpeg 768w, https:\/\/lpstgjiu.ro\/wp-content\/uploads\/2026\/02\/47-1-225x300.jpeg 225w, https:\/\/lpstgjiu.ro\/wp-content\/uploads\/2026\/02\/47-1-1152x1536.jpeg 1152w, https:\/\/lpstgjiu.ro\/wp-content\/uploads\/2026\/02\/47-1-660x880.jpeg 660w, https:\/\/lpstgjiu.ro\/wp-content\/uploads\/2026\/02\/47-1.jpeg 1512w\" sizes=\"(max-width: 768px) 100vw, 768px\" \/><\/figure>\n\n\n\n<figure class=\"wp-block-image size-large\"><img loading=\"lazy\" decoding=\"async\" width=\"768\" height=\"1024\" data-id=\"2763\" src=\"https:\/\/lpstgjiu.ro\/wp-content\/uploads\/2026\/02\/48-1-768x1024.jpeg\" alt=\"\" class=\"wp-image-2763\" srcset=\"https:\/\/lpstgjiu.ro\/wp-content\/uploads\/2026\/02\/48-1-768x1024.jpeg 768w, https:\/\/lpstgjiu.ro\/wp-content\/uploads\/2026\/02\/48-1-225x300.jpeg 225w, https:\/\/lpstgjiu.ro\/wp-content\/uploads\/2026\/02\/48-1-1152x1536.jpeg 1152w, https:\/\/lpstgjiu.ro\/wp-content\/uploads\/2026\/02\/48-1-660x880.jpeg 660w, https:\/\/lpstgjiu.ro\/wp-content\/uploads\/2026\/02\/48-1.jpeg 1512w\" sizes=\"(max-width: 768px) 100vw, 768px\" \/><\/figure>\n\n\n\n<figure class=\"wp-block-image size-large\"><img loading=\"lazy\" decoding=\"async\" width=\"768\" height=\"1024\" data-id=\"2766\" src=\"https:\/\/lpstgjiu.ro\/wp-content\/uploads\/2026\/02\/49-1-768x1024.jpeg\" alt=\"\" class=\"wp-image-2766\" srcset=\"https:\/\/lpstgjiu.ro\/wp-content\/uploads\/2026\/02\/49-1-768x1024.jpeg 768w, https:\/\/lpstgjiu.ro\/wp-content\/uploads\/2026\/02\/49-1-225x300.jpeg 225w, https:\/\/lpstgjiu.ro\/wp-content\/uploads\/2026\/02\/49-1-1152x1536.jpeg 1152w, https:\/\/lpstgjiu.ro\/wp-content\/uploads\/2026\/02\/49-1-660x880.jpeg 660w, https:\/\/lpstgjiu.ro\/wp-content\/uploads\/2026\/02\/49-1.jpeg 1512w\" sizes=\"(max-width: 768px) 100vw, 768px\" \/><\/figure>\n\n\n\n<figure class=\"wp-block-image size-large\"><img loading=\"lazy\" decoding=\"async\" width=\"768\" height=\"1024\" data-id=\"2765\" src=\"https:\/\/lpstgjiu.ro\/wp-content\/uploads\/2026\/02\/50-1-768x1024.jpeg\" alt=\"\" class=\"wp-image-2765\" srcset=\"https:\/\/lpstgjiu.ro\/wp-content\/uploads\/2026\/02\/50-1-768x1024.jpeg 768w, https:\/\/lpstgjiu.ro\/wp-content\/uploads\/2026\/02\/50-1-225x300.jpeg 225w, https:\/\/lpstgjiu.ro\/wp-content\/uploads\/2026\/02\/50-1-1152x1536.jpeg 1152w, https:\/\/lpstgjiu.ro\/wp-content\/uploads\/2026\/02\/50-1-660x880.jpeg 660w, https:\/\/lpstgjiu.ro\/wp-content\/uploads\/2026\/02\/50-1.jpeg 1512w\" sizes=\"(max-width: 768px) 100vw, 768px\" \/><\/figure>\n\n\n\n<figure class=\"wp-block-image size-large\"><img loading=\"lazy\" decoding=\"async\" width=\"1024\" height=\"768\" data-id=\"2767\" src=\"https:\/\/lpstgjiu.ro\/wp-content\/uploads\/2026\/02\/51-1-1024x768.jpeg\" alt=\"\" class=\"wp-image-2767\" srcset=\"https:\/\/lpstgjiu.ro\/wp-content\/uploads\/2026\/02\/51-1-1024x768.jpeg 1024w, https:\/\/lpstgjiu.ro\/wp-content\/uploads\/2026\/02\/51-1-300x225.jpeg 300w, https:\/\/lpstgjiu.ro\/wp-content\/uploads\/2026\/02\/51-1-768x576.jpeg 768w, https:\/\/lpstgjiu.ro\/wp-content\/uploads\/2026\/02\/51-1-1536x1152.jpeg 1536w, https:\/\/lpstgjiu.ro\/wp-content\/uploads\/2026\/02\/51-1-660x495.jpeg 660w, https:\/\/lpstgjiu.ro\/wp-content\/uploads\/2026\/02\/51-1.jpeg 1600w\" sizes=\"(max-width: 1024px) 100vw, 1024px\" \/><\/figure>\n\n\n\n<figure class=\"wp-block-image size-large\"><img loading=\"lazy\" decoding=\"async\" width=\"1024\" height=\"768\" data-id=\"2768\" src=\"https:\/\/lpstgjiu.ro\/wp-content\/uploads\/2026\/02\/53-1-1024x768.jpeg\" alt=\"\" class=\"wp-image-2768\" srcset=\"https:\/\/lpstgjiu.ro\/wp-content\/uploads\/2026\/02\/53-1-1024x768.jpeg 1024w, https:\/\/lpstgjiu.ro\/wp-content\/uploads\/2026\/02\/53-1-300x225.jpeg 300w, https:\/\/lpstgjiu.ro\/wp-content\/uploads\/2026\/02\/53-1-768x576.jpeg 768w, https:\/\/lpstgjiu.ro\/wp-content\/uploads\/2026\/02\/53-1-1536x1152.jpeg 1536w, https:\/\/lpstgjiu.ro\/wp-content\/uploads\/2026\/02\/53-1-660x495.jpeg 660w, https:\/\/lpstgjiu.ro\/wp-content\/uploads\/2026\/02\/53-1.jpeg 1600w\" sizes=\"(max-width: 1024px) 100vw, 1024px\" \/><\/figure>\n<\/figure>\n","protected":false},"excerpt":{"rendered":"<p>Felicit\u0103ri elevilor no\u0219tri pentru rezultatele deosebite ob\u021binute la Concursul Jude\u021bean \u201eValue Your English\u201d, sec\u021biunea \u201eCreative Writing\u201d, etapa jude\u021bean\u0103, desf\u0103\u0219urat duminic\u0103, 29 martie 2026!Suntem m\u00e2ndri s\u0103 anun\u021b\u0103m performan\u021bele elevilor care au reprezentat \u0219coala noastr\u0103 cu seriozitate, creativitate \u0219i pasiune pentru limba englez\u0103:Clasa a V a:Fierascu Elena Alexia &#8211; 100p (Premiul I)Drosu Patric &#8211; 99p (Premiul al\u2026 <span class=\"read-more\"><a href=\"https:\/\/lpstgjiu.ro\/\">Cite\u0219te mai mult &raquo;<\/a><\/span><\/p>\n","protected":false},"author":1,"featured_media":0,"parent":0,"menu_order":0,"comment_status":"closed","ping_status":"closed","template":"","meta":{"_uag_custom_page_level_css":"","footnotes":""},"class_list":["post-40","page","type-page","status-publish","hentry"],"uagb_featured_image_src":{"full":false,"thumbnail":false,"medium":false,"medium_large":false,"large":false,"1536x1536":false,"2048x2048":false,"post-thumbnail":false,"excerpt-thumbnail":false,"excerpt-thumbnail-mobile":false,"rpwe-thumbnail":false},"uagb_author_info":{"display_name":"Liana Popovici","author_link":"https:\/\/lpstgjiu.ro\/index.php\/author\/vuddxbj7cn\/"},"uagb_comment_info":0,"uagb_excerpt":"Felicit\u0103ri elevilor no\u0219tri pentru rezultatele deosebite ob\u021binute la Concursul Jude\u021bean \u201eValue Your English\u201d, sec\u021biunea \u201eCreative Writing\u201d, etapa jude\u021bean\u0103, desf\u0103\u0219urat duminic\u0103, 29 martie 2026!Suntem m\u00e2ndri s\u0103 anun\u021b\u0103m performan\u021bele elevilor care au reprezentat \u0219coala noastr\u0103 cu seriozitate, creativitate \u0219i pasiune pentru limba englez\u0103:Clasa a V a:Fierascu Elena Alexia &#8211; 100p (Premiul I)Drosu Patric &#8211; 99p (Premiul al\u2026&hellip;","_links":{"self":[{"href":"https:\/\/lpstgjiu.ro\/index.php\/wp-json\/wp\/v2\/pages\/40","targetHints":{"allow":["GET"]}}],"collection":[{"href":"https:\/\/lpstgjiu.ro\/index.php\/wp-json\/wp\/v2\/pages"}],"about":[{"href":"https:\/\/lpstgjiu.ro\/index.php\/wp-json\/wp\/v2\/types\/page"}],"author":[{"embeddable":true,"href":"https:\/\/lpstgjiu.ro\/index.php\/wp-json\/wp\/v2\/users\/1"}],"replies":[{"embeddable":true,"href":"https:\/\/lpstgjiu.ro\/index.php\/wp-json\/wp\/v2\/comments?post=40"}],"version-history":[{"count":278,"href":"https:\/\/lpstgjiu.ro\/index.php\/wp-json\/wp\/v2\/pages\/40\/revisions"}],"predecessor-version":[{"id":3259,"href":"https:\/\/lpstgjiu.ro\/index.php\/wp-json\/wp\/v2\/pages\/40\/revisions\/3259"}],"wp:attachment":[{"href":"https:\/\/lpstgjiu.ro\/index.php\/wp-json\/wp\/v2\/media?parent=40"}],"curies":[{"name":"wp","href":"https:\/\/api.w.org\/{rel}","templated":true}]}}