{"id":36,"date":"2019-04-22T08:39:20","date_gmt":"2019-04-22T08:39:20","guid":{"rendered":"http:\/\/lpstgjiu.ro\/?page_id=36"},"modified":"2026-03-27T13:20:20","modified_gmt":"2026-03-27T10:20:20","slug":"activitati-extrascolare","status":"publish","type":"page","link":"https:\/\/lpstgjiu.ro\/index.php\/activitati-extrascolare\/","title":{"rendered":"Activit\u0103\u021bi extra\u0219colare"},"content":{"rendered":"\n<p>&nbsp; &nbsp; &nbsp; &nbsp; &nbsp; &nbsp; Liceul cu Program Sportiv T\u00e2rgu Jiu a s\u0103rb\u0103torit Ziua Poli\u021biei Rom\u00e2ne care aduce \u00een prim-plan munca \u0219i devotamentul celor care poart\u0103 cu onoare uniforma de poli\u021bist. A fost un prilej de recuno\u0219tin\u021b\u0103 pentru poli\u021bi\u0219tii care vegheaz\u0103 la siguran\u021ba noastr\u0103, la respectarea legii \u0219i la protejarea ordinii publice, adesea \u00een condi\u021bii dificile \u0219i imprevizibile. Aceast\u0103 \u00eent\u00e2lnire a fost nu doar o aniversare oficial\u0103, ci \u0219i un moment de reflec\u021bie asupra importan\u021bei respectului fa\u021b\u0103 de lege, a responsabilit\u0103\u021bii civice. Elevii no\u0219tri au avut ocazia s\u0103 vad\u0103 autospecialele bine echipate \u0219i echipamentele de protec\u021bie care \u00eempreun\u0103 cu investi\u021biile \u00een tehnologie, logistic\u0103 \u0219i infrastructur\u0103 contribuie la siguran\u021ba tuturor.<\/p>\n\n\n\n<figure class=\"wp-block-gallery-1 is-layout-flex wp-block-gallery-is-layout-flex\">\n\n<figure><img decoding=\"async\" data-id=\"3183\" src=\"https:\/\/lpstgjiu.ro\/wp-content\/uploads\/2026\/03\/1-1-1024x473.jpeg\" alt=\"\" \/><\/figure>\n\n\n<figure><img decoding=\"async\" data-id=\"3186\" src=\"https:\/\/lpstgjiu.ro\/wp-content\/uploads\/2026\/03\/2-1-1024x473.jpeg\" alt=\"\" \/><\/figure>\n\n\n<figure><img decoding=\"async\" data-id=\"3188\" src=\"https:\/\/lpstgjiu.ro\/wp-content\/uploads\/2026\/03\/3-1-473x1024.jpeg\" alt=\"\" \/><\/figure>\n\n\n<figure><img decoding=\"async\" data-id=\"3184\" src=\"https:\/\/lpstgjiu.ro\/wp-content\/uploads\/2026\/03\/4-1-1024x473.jpeg\" alt=\"\" \/><\/figure>\n\n\n<figure><img decoding=\"async\" data-id=\"3185\" src=\"https:\/\/lpstgjiu.ro\/wp-content\/uploads\/2026\/03\/5-1-1024x473.jpeg\" alt=\"\" \/><\/figure>\n\n\n<figure><img decoding=\"async\" data-id=\"3187\" src=\"https:\/\/lpstgjiu.ro\/wp-content\/uploads\/2026\/03\/6-1-1024x473.jpeg\" alt=\"\" \/><\/figure>\n\n\n<figure><img decoding=\"async\" data-id=\"3191\" src=\"https:\/\/lpstgjiu.ro\/wp-content\/uploads\/2026\/03\/7-1-1024x473.jpeg\" alt=\"\" \/><\/figure>\n\n\n<figure><img decoding=\"async\" data-id=\"3189\" src=\"https:\/\/lpstgjiu.ro\/wp-content\/uploads\/2026\/03\/8-1-1024x473.jpeg\" alt=\"\" \/><\/figure>\n\n\n<figure><img decoding=\"async\" data-id=\"3192\" src=\"https:\/\/lpstgjiu.ro\/wp-content\/uploads\/2026\/03\/9-1-1024x473.jpeg\" alt=\"\" \/><\/figure>\n\n\n<figure><img decoding=\"async\" data-id=\"3193\" src=\"https:\/\/lpstgjiu.ro\/wp-content\/uploads\/2026\/03\/10-1-1024x473.jpeg\" alt=\"\" \/><\/figure>\n\n\n<figure><img decoding=\"async\" data-id=\"3190\" src=\"https:\/\/lpstgjiu.ro\/wp-content\/uploads\/2026\/03\/11-2-1024x473.jpeg\" alt=\"\" \/><\/figure>\n\n<\/figure>\n\n\n\n<figure class=\"wp-block-gallery-2 is-layout-flex wp-block-gallery-is-layout-flex\">\n\n<figure><img decoding=\"async\" data-id=\"2858\" src=\"https:\/\/lpstgjiu.ro\/wp-content\/uploads\/2026\/03\/1-1024x768.jpeg\" alt=\"\" \/><\/figure>\n\n\n<figure><img decoding=\"async\" data-id=\"2859\" src=\"https:\/\/lpstgjiu.ro\/wp-content\/uploads\/2026\/03\/2-1024x576.jpeg\" alt=\"\" \/><\/figure>\n\n\n<figure><img decoding=\"async\" data-id=\"2854\" src=\"https:\/\/lpstgjiu.ro\/wp-content\/uploads\/2026\/03\/3-1024x577.jpeg\" alt=\"\" \/><\/figure>\n\n\n<figure><img decoding=\"async\" data-id=\"2855\" src=\"https:\/\/lpstgjiu.ro\/wp-content\/uploads\/2026\/03\/4-1024x576.jpeg\" alt=\"\" \/><\/figure>\n\n\n<figure><img decoding=\"async\" data-id=\"2856\" src=\"https:\/\/lpstgjiu.ro\/wp-content\/uploads\/2026\/03\/5.jpeg\" alt=\"\" \/><\/figure>\n\n\n<figure><img decoding=\"async\" data-id=\"2857\" src=\"https:\/\/lpstgjiu.ro\/wp-content\/uploads\/2026\/03\/6.jpeg\" alt=\"\" \/><\/figure>\n\n\n<figure><img decoding=\"async\" data-id=\"2860\" src=\"https:\/\/lpstgjiu.ro\/wp-content\/uploads\/2026\/03\/7-1024x768.jpeg\" alt=\"\" \/><\/figure>\n\n\n<figure><img decoding=\"async\" data-id=\"2862\" src=\"https:\/\/lpstgjiu.ro\/wp-content\/uploads\/2026\/03\/8-1024x760.jpeg\" alt=\"\" \/><\/figure>\n\n\n<figure><img decoding=\"async\" data-id=\"2861\" src=\"https:\/\/lpstgjiu.ro\/wp-content\/uploads\/2026\/03\/9-768x1024.jpeg\" alt=\"\" \/><\/figure>\n\n\n<figure><img decoding=\"async\" data-id=\"2863\" src=\"https:\/\/lpstgjiu.ro\/wp-content\/uploads\/2026\/03\/10-768x1024.jpeg\" alt=\"\" \/><\/figure>\n\n\n<figure><img decoding=\"async\" data-id=\"2864\" src=\"https:\/\/lpstgjiu.ro\/wp-content\/uploads\/2026\/03\/11-768x1024.jpeg\" alt=\"\" \/><\/figure>\n\n\n<figure><img decoding=\"async\" data-id=\"2865\" src=\"https:\/\/lpstgjiu.ro\/wp-content\/uploads\/2026\/03\/12-1024x768.jpeg\" alt=\"\" \/><\/figure>\n\n\n<figure><img decoding=\"async\" data-id=\"2866\" src=\"https:\/\/lpstgjiu.ro\/wp-content\/uploads\/2026\/03\/13-1024x473.jpeg\" alt=\"\" \/><\/figure>\n\n\n<figure><img decoding=\"async\" data-id=\"2867\" src=\"https:\/\/lpstgjiu.ro\/wp-content\/uploads\/2026\/03\/14-1024x473.jpeg\" alt=\"\" \/><\/figure>\n\n\n<figure><img decoding=\"async\" data-id=\"2868\" src=\"https:\/\/lpstgjiu.ro\/wp-content\/uploads\/2026\/03\/15-1024x473.jpeg\" alt=\"\" \/><\/figure>\n\n\n<figure><img decoding=\"async\" data-id=\"2869\" src=\"https:\/\/lpstgjiu.ro\/wp-content\/uploads\/2026\/03\/16-1024x473.jpeg\" alt=\"\" \/><\/figure>\n\n\n<figure><img decoding=\"async\" data-id=\"2871\" src=\"https:\/\/lpstgjiu.ro\/wp-content\/uploads\/2026\/03\/17-1024x473.jpeg\" alt=\"\" \/><\/figure>\n\n\n<figure><img decoding=\"async\" data-id=\"2870\" src=\"https:\/\/lpstgjiu.ro\/wp-content\/uploads\/2026\/03\/18-1024x473.jpeg\" alt=\"\" \/><\/figure>\n\n\n<figure><img decoding=\"async\" data-id=\"2872\" src=\"https:\/\/lpstgjiu.ro\/wp-content\/uploads\/2026\/03\/20-1024x461.jpeg\" alt=\"\" \/><\/figure>\n\n<\/figure>\n\n\n\n<figure><video style=\"aspect-ratio: 848 \/ 478;\" src=\"https:\/\/lpstgjiu.ro\/wp-content\/uploads\/2026\/03\/WhatsApp-Video-2026-03-20-at-14.23.25.mp4\" controls=\"controls\" width=\"848\" height=\"478\"><\/video><\/figure>\n\n\n\n<figure><video style=\"aspect-ratio: 478 \/ 850;\" src=\"https:\/\/lpstgjiu.ro\/wp-content\/uploads\/2026\/03\/WhatsApp-Video-2026-03-20-at-14.23.40.mp4\" controls=\"controls\" width=\"478\" height=\"850\"><\/video><\/figure>\n\n\n\n<figure><video style=\"aspect-ratio: 848 \/ 478;\" src=\"https:\/\/lpstgjiu.ro\/wp-content\/uploads\/2026\/03\/WhatsApp-Video-2026-03-20-at-14.27.32.mp4\" controls=\"controls\" width=\"848\" height=\"478\"><\/video><\/figure>\n\n\n\n<p>Elevii Liceului cu Program Sportiv \u0219i ai structurii Scoala Gimnazial\u0103 &#8222;Pompiliu Marcea&#8221; au marcat cu entuziasm \u0219i creativitate s\u0103rb\u0103toarea Francofoniei printr-o serie de activit\u0103\u021bi dedicate culturii \u0219i limbii franceze. Atmosfera a fost una vibrant\u0103, plin\u0103 de culoare \u0219i energie, reflect\u00e2nd pasiunea elevilor pentru diversitate \u0219i comunicare interna\u021bional\u0103.<\/p>\n\n\n\n<p>Programul &#8222;F\u00eate de la Francophonie&#8221; a cuprins urm\u0103toarele activit\u0103\u021bi coordonate de doamnele profesoare: Raluca L\u0103p\u0103dat, Luuza Corcodel \u0219i Claudia Petroniu:<\/p>\n\n\n\n<ul class=\"wp-block-list\">\n<li>prezentarea unui program artistic dedicat Zilei Francofoniei (poezii, c\u00e2ntece, dans);<\/li>\n\n\n\n<li>flashmob;<\/li>\n\n\n\n<li>expozi\u021bie de afi\u0219e \u0219i desene specifice Fran\u021bei<\/li>\n\n\n\n<li>Virelangues<\/li>\n\n\n\n<li>La France en r\u00e9alit\u00e9 virtuelle<\/li>\n<\/ul>\n\n\n\n<p>Prin implicarea activ\u0103 \u0219i spiritul de echip\u0103, elevii au demonstrat c\u0103 Francofonia nu \u00eenseamn\u0103 doar o limb\u0103, ci \u0219i o punte \u00eentre culturi, valori \u0219i oameni. Felicit\u0103ri tuturor participan\u021bilor pentru implicare \u0219i pentru modul \u00een care au reu\u0219it s\u0103 transforme aceast\u0103 zi \u00eentr-o adev\u0103rat\u0103 s\u0103rb\u0103toare!<\/p>\n\n\n\n<p>Dragi p\u0103rin\u021bi \u0219i viitori elevi,<\/p>\n\n\n\n<pre><code> \u0218coala noastr\u0103, Liceul cu Program Sportiv, are bucuria de a v\u0103 invita la Ziua Por\u021bilor Deschise, care va avea loc mar\u021bi, 17 martie 2026, \u00eencep\u00e2nd cu ora 16.00 la sediul nostru din 23 August, nr.100, T\u00e2rgu Jiu.\n  Evenimentul reprezint\u0103 o oportunitate de a descoperi mediul educa\u021bional pe care \u00eel oferim, de a vizita s\u0103lile de clas\u0103, de a cunoa\u0219te cadrele didactice \u0219i de a afla mai multe despre programele \u0219i activit\u0103\u021bile desf\u0103\u0219urate \u00een cadrul \u0219colii noastre.\n  Va fi o zi special\u0103 \u00een care: <\/code><\/pre>\n\n\n\n<p>&#x2665;&#xfe0f; ve\u021bi vizita s\u0103lile de clas\u0103;<br>&#x2665;&#xfe0f;ve\u021bi cunoa\u0219te cadrele didactice;<br>&#x2665;&#xfe0f;ve\u021bi afla informa\u021bii despre \u00eenscriere;<br>&#x2665;&#xfe0f;Copiii se vor bucura de activit\u0103\u021bi \u0219i surprize preg\u0103tite pentru ei.<br>V\u0103 a\u0219tept\u0103m cu drag s\u0103 ne cunoa\u0219tem \u0219i s\u0103 v\u0103 prezent\u0103m locul \u00een care copiii cresc, \u00eenva\u021b\u0103 \u0219i \u00ee\u0219i descoper\u0103 poten\u021bialul.<br>Cadrele didactice ale Liceului cu Program Sportiv, T\u00e2rgu Jiu.<\/p>\n\n\n\n<figure><img decoding=\"async\" style=\"width: 839px; height: auto;\" src=\"https:\/\/lpstgjiu.ro\/wp-content\/uploads\/2026\/03\/ZIUA-PORSILOR-DESCHISE-1-683x1024.jpeg\" alt=\"\" \/><\/figure>\n\n\n\n<p>A doua activitate din cadrul proiectului interjude\u021bean <strong>\u201eVia\u021ba \u2013 ca o zi de Florii\u201d<\/strong> \u2013 <strong>\u201eSunt recunosc\u0103tor pentru\u2026\u201d<\/strong> \u2013 s-a desf\u0103\u0219urat at\u00e2t \u00een cadrul Liceului cu Program Sportiv, c\u00e2t \u0219i la Structura \u0218coala Gimnazial\u0103 \u201ePompiliu Marcea\u201d.<br>\u00cen aceste zile, \u0219coala a devenit un spa\u021biu al reflec\u021biei, al recuno\u0219tin\u021bei \u0219i al mesajelor pozitive. Holurile s-au umplut de g\u00e2nduri sincere, de aprecieri exprimate din suflet \u0219i de emo\u021bii frumoase.<br>Elevii au scris mesaje pentru p\u0103rin\u021bi, profesori, medici, colegi \u0219i pentru to\u021bi cei care le sunt sprijin zi de zi. Copacii recuno\u0219tin\u021bei, borcanele simbolice \u0219i elementele realizate de fiecare clas\u0103 au transformat spa\u021biile \u0219colii \u00eentr-un loc al sensibilit\u0103\u021bii \u0219i al bucuriei de a aprecia.<br>Prin aceast\u0103 activitate, copiii au \u00eenv\u0103\u021bat c\u0103 recuno\u0219tin\u021ba apropie, une\u0219te \u0219i \u00eent\u0103re\u0219te comunitatea.<br><strong><em>Felicit\u0103ri cadrelor didactice implicate \u0219i elevilor care au dovedit creativitate, implicare \u0219i mult suflet!<\/em><\/strong><\/p>\n\n\n\n\n<figure class=\"is-vertical is-layout-flex wp-container-core-group-is-layout-8cf370e7 wp-block-group-is-layout-flex\"><img fetchpriority=\"high\" decoding=\"async\" title=\"\" role=\"img\" src=\"https:\/\/lpstgjiu.ro\/wp-content\/uploads\/2026\/02\/1-1024x473.jpeg\" sizes=\"(max-width: 480px) 150px\"  alt=\"\" width=\"1024\" height=\"473\" \/><\/figure>\n\n\n\n\n<figure class=\"wp-block-gallery-3 is-layout-flex wp-block-gallery-is-layout-flex\">\n\n<figure><img decoding=\"async\" data-id=\"2721\" src=\"https:\/\/lpstgjiu.ro\/wp-content\/uploads\/2026\/02\/10-1-768x1024.jpeg\" alt=\"\" \/><\/figure>\n\n\n<figure><img decoding=\"async\" data-id=\"2723\" src=\"https:\/\/lpstgjiu.ro\/wp-content\/uploads\/2026\/02\/1-1-1024x473.jpeg\" alt=\"\" \/><\/figure>\n\n\n<figure><img decoding=\"async\" data-id=\"2727\" src=\"https:\/\/lpstgjiu.ro\/wp-content\/uploads\/2026\/02\/6-1-473x1024.jpeg\" alt=\"\" \/><\/figure>\n\n\n<figure><img decoding=\"async\" data-id=\"2725\" src=\"https:\/\/lpstgjiu.ro\/wp-content\/uploads\/2026\/02\/10-2-768x1024.jpeg\" alt=\"\" \/><\/figure>\n\n\n<figure><img decoding=\"async\" data-id=\"2726\" src=\"https:\/\/lpstgjiu.ro\/wp-content\/uploads\/2026\/02\/15-768x1024.jpeg\" alt=\"\" \/><\/figure>\n\n\n<figure><img decoding=\"async\" data-id=\"2724\" src=\"https:\/\/lpstgjiu.ro\/wp-content\/uploads\/2026\/02\/16-768x1024.jpeg\" alt=\"\" \/><\/figure>\n\n\n<figure><img decoding=\"async\" data-id=\"2728\" src=\"https:\/\/lpstgjiu.ro\/wp-content\/uploads\/2026\/02\/23-768x1024.jpeg\" alt=\"\" \/><\/figure>\n\n\n<figure><img decoding=\"async\" data-id=\"2729\" src=\"https:\/\/lpstgjiu.ro\/wp-content\/uploads\/2026\/02\/28-1024x768.jpeg\" alt=\"\" \/><\/figure>\n\n\n<figure><img decoding=\"async\" data-id=\"2730\" src=\"https:\/\/lpstgjiu.ro\/wp-content\/uploads\/2026\/02\/29-768x1024.jpeg\" alt=\"\" \/><\/figure>\n\n\n<figure><img decoding=\"async\" data-id=\"2732\" src=\"https:\/\/lpstgjiu.ro\/wp-content\/uploads\/2026\/02\/30-1024x768.jpeg\" alt=\"\" \/><\/figure>\n\n\n<figure><img decoding=\"async\" data-id=\"2731\" src=\"https:\/\/lpstgjiu.ro\/wp-content\/uploads\/2026\/02\/36-1024x768.jpeg\" alt=\"\" \/><\/figure>\n\n\n<figure><img decoding=\"async\" data-id=\"2733\" src=\"https:\/\/lpstgjiu.ro\/wp-content\/uploads\/2026\/02\/40-768x1024.jpeg\" alt=\"\" \/><\/figure>\n\n\n<figure><img decoding=\"async\" data-id=\"2734\" src=\"https:\/\/lpstgjiu.ro\/wp-content\/uploads\/2026\/02\/45-768x1024.jpeg\" alt=\"\" \/><\/figure>\n\n\n<figure><img decoding=\"async\" data-id=\"2735\" src=\"https:\/\/lpstgjiu.ro\/wp-content\/uploads\/2026\/02\/46-768x1024.jpeg\" alt=\"\" \/><\/figure>\n\n\n<figure><img decoding=\"async\" data-id=\"2736\" src=\"https:\/\/lpstgjiu.ro\/wp-content\/uploads\/2026\/02\/47-768x1024.jpeg\" alt=\"\" \/><\/figure>\n\n\n<figure><img decoding=\"async\" data-id=\"2737\" src=\"https:\/\/lpstgjiu.ro\/wp-content\/uploads\/2026\/02\/48-768x1024.jpeg\" alt=\"\" \/><\/figure>\n\n\n<figure><img decoding=\"async\" data-id=\"2738\" src=\"https:\/\/lpstgjiu.ro\/wp-content\/uploads\/2026\/02\/49-768x1024.jpeg\" alt=\"\" \/><\/figure>\n\n\n<figure><img decoding=\"async\" data-id=\"2739\" src=\"https:\/\/lpstgjiu.ro\/wp-content\/uploads\/2026\/02\/50-768x1024.jpeg\" alt=\"\" \/><\/figure>\n\n\n<figure><img decoding=\"async\" data-id=\"2740\" src=\"https:\/\/lpstgjiu.ro\/wp-content\/uploads\/2026\/02\/51-1024x768.jpeg\" alt=\"\" \/><\/figure>\n\n\n<figure><img decoding=\"async\" data-id=\"2741\" src=\"https:\/\/lpstgjiu.ro\/wp-content\/uploads\/2026\/02\/53-1024x768.jpeg\" alt=\"\" \/><\/figure>\n\n<\/figure>\n\n\n\n<figure id=\"Br\u00e2ncu\u0219i\"><video style=\"aspect-ratio: 960 \/ 720;\" src=\"http:\/\/lpstgjiu.ro\/wp-content\/uploads\/2022\/02\/Proiect-educational-judetean-Amintindu-ne-de-Brancusi.mp4\" autoplay=\"autoplay\" controls=\"controls\" width=\"960\" height=\"720\"><\/video><\/figure>\n\n\n\n<hr \/>\n\n\n\n<p><strong>Eminescu &#8211; o etenitate ce nu moare<\/strong>. <strong>Ziua Culturii Na\u021bionale <\/strong><\/p>\n\n\n\n<p><strong><em>14-15 ianuarie 2022<\/em><\/strong><\/p>\n\n\n\n<p>15 ianuarie al fiec\u0103rui an ce trece \u00eenseamn\u0103, mai presus de orice, EMINESCU. Ne amintim rostirea perfect\u0103 a poetului na\u021bional \u0219i ne propunem s\u0103 ne \u00eent\u00e2lnim mai des cu textul \u00eenc\u0103rcat de sublim \u0219i de genialitate.<br>\u00cencep\u00e2nd cu 2010, 15 ianuarie este \u0219i Ziua Culturii Na\u021bionale.<br>Ast\u0103zi am marcat aceste evenimente deosebite \u00een spa\u021biul primitor al bibliotecii \u0219colare de la Liceul cu Program Sportiv T\u00e2rgu Jiu. Catedra de limba \u0219i literatur\u0103 rom\u00e2n\u0103, un grup de elevi \u0219i de profesori, al\u0103turi de doamna bibliotecara Dana \u0218tefan au z\u0103bovit cu g\u00e2ndul al\u0103turi de versul eminescian.<br>Poezia ne va fi mereu, \u00een timpuri oric\u00e2t de tulburi, un spa\u021biu magic unde ne putem alina sufletul at\u00e2t de \u00eencercat \u00een ultima perioada.<\/p>\n\n\n\n<figure class=\"wp-block-gallery-4 is-layout-flex wp-block-gallery-is-layout-flex\">\n\n<figure><img decoding=\"async\" data-id=\"1117\" src=\"http:\/\/lpstgjiu.ro\/wp-content\/uploads\/2022\/01\/WhatsApp-Image-2022-01-13-at-17.27.33-768x1024.jpeg\" alt=\"\" \/><\/figure>\n\n\n<figure><img decoding=\"async\" data-id=\"1118\" src=\"http:\/\/lpstgjiu.ro\/wp-content\/uploads\/2022\/01\/WhatsApp-Image-2022-01-13-at-17.19.49-768x1024.jpeg\" alt=\"\" \/><\/figure>\n\n\n<figure><img decoding=\"async\" data-id=\"1119\" src=\"http:\/\/lpstgjiu.ro\/wp-content\/uploads\/2022\/01\/WhatsApp-Image-2022-01-13-at-17.19.18-1-1024x462.jpeg\" alt=\"\" \/><\/figure>\n\n\n<figure><img decoding=\"async\" data-id=\"1120\" src=\"http:\/\/lpstgjiu.ro\/wp-content\/uploads\/2022\/01\/WhatsApp-Image-2022-01-13-at-17.19.18-1024x556.jpeg\" alt=\"\" \/><\/figure>\n\n\n<figure><img decoding=\"async\" data-id=\"1121\" src=\"http:\/\/lpstgjiu.ro\/wp-content\/uploads\/2022\/01\/WhatsApp-Image-2022-01-13-at-17.19.17-462x1024.jpeg\" alt=\"\" \/><\/figure>\n\n<\/figure>\n\n\n\n<figure><img decoding=\"async\" src=\"https:\/\/lpstgjiu.ro\/wp-content\/uploads\/2025\/05\/TARG-CARTEc-791x1024.jpg\" alt=\"\" \/><\/figure>\n\n\n\n<p>&nbsp;<\/p>\n","protected":false},"excerpt":{"rendered":"<p>&nbsp; &nbsp; &nbsp; &nbsp; &nbsp; &nbsp; Liceul cu Program Sportiv T\u00e2rgu Jiu a s\u0103rb\u0103torit Ziua Poli\u021biei Rom\u00e2ne care aduce \u00een prim-plan munca \u0219i devotamentul celor care poart\u0103 cu onoare uniforma de poli\u021bist. A fost un prilej de recuno\u0219tin\u021b\u0103 pentru poli\u021bi\u0219tii care vegheaz\u0103 la siguran\u021ba noastr\u0103, la respectarea legii \u0219i la protejarea ordinii publice, adesea \u00een\u2026 <span class=\"read-more\"><a href=\"https:\/\/lpstgjiu.ro\/index.php\/activitati-extrascolare\/\">Cite\u0219te mai mult &raquo;<\/a><\/span><\/p>\n","protected":false},"author":1,"featured_media":0,"parent":0,"menu_order":0,"comment_status":"closed","ping_status":"closed","template":"","meta":{"_uag_custom_page_level_css":"","footnotes":""},"class_list":["post-36","page","type-page","status-publish","hentry"],"uagb_featured_image_src":{"full":false,"thumbnail":false,"medium":false,"medium_large":false,"large":false,"1536x1536":false,"2048x2048":false,"post-thumbnail":false,"excerpt-thumbnail":false,"excerpt-thumbnail-mobile":false,"rpwe-thumbnail":false},"uagb_author_info":{"display_name":"Liana Popovici","author_link":"https:\/\/lpstgjiu.ro\/index.php\/author\/vuddxbj7cn\/"},"uagb_comment_info":0,"uagb_excerpt":"&nbsp; &nbsp; &nbsp; &nbsp; &nbsp; &nbsp; Liceul cu Program Sportiv T\u00e2rgu Jiu a s\u0103rb\u0103torit Ziua Poli\u021biei Rom\u00e2ne care aduce \u00een prim-plan munca \u0219i devotamentul celor care poart\u0103 cu onoare uniforma de poli\u021bist. A fost un prilej de recuno\u0219tin\u021b\u0103 pentru poli\u021bi\u0219tii care vegheaz\u0103 la siguran\u021ba noastr\u0103, la respectarea legii \u0219i la protejarea ordinii publice, adesea \u00een\u2026&hellip;","_links":{"self":[{"href":"https:\/\/lpstgjiu.ro\/index.php\/wp-json\/wp\/v2\/pages\/36","targetHints":{"allow":["GET"]}}],"collection":[{"href":"https:\/\/lpstgjiu.ro\/index.php\/wp-json\/wp\/v2\/pages"}],"about":[{"href":"https:\/\/lpstgjiu.ro\/index.php\/wp-json\/wp\/v2\/types\/page"}],"author":[{"embeddable":true,"href":"https:\/\/lpstgjiu.ro\/index.php\/wp-json\/wp\/v2\/users\/1"}],"replies":[{"embeddable":true,"href":"https:\/\/lpstgjiu.ro\/index.php\/wp-json\/wp\/v2\/comments?post=36"}],"version-history":[{"count":27,"href":"https:\/\/lpstgjiu.ro\/index.php\/wp-json\/wp\/v2\/pages\/36\/revisions"}],"predecessor-version":[{"id":3198,"href":"https:\/\/lpstgjiu.ro\/index.php\/wp-json\/wp\/v2\/pages\/36\/revisions\/3198"}],"wp:attachment":[{"href":"https:\/\/lpstgjiu.ro\/index.php\/wp-json\/wp\/v2\/media?parent=36"}],"curies":[{"name":"wp","href":"https:\/\/api.w.org\/{rel}","templated":true}]}}