{"id":35,"date":"2019-04-22T08:39:20","date_gmt":"2019-04-22T08:39:20","guid":{"rendered":"http:\/\/lpstgjiu.ro\/?page_id=35"},"modified":"2021-04-22T15:02:32","modified_gmt":"2021-04-22T12:02:32","slug":"rose","status":"publish","type":"page","link":"https:\/\/lpstgjiu.ro\/index.php\/rose\/","title":{"rendered":"ROSE"},"content":{"rendered":"\n<div class=\"wp-block-button\"><a class=\"wp-block-button__link has-very-dark-gray-color has-very-light-gray-background-color has-text-color has-background\" href=\"http:\/\/lpstgjiu.ro\/index.php\/internationale\/\">\u00cenapoi<\/a><\/div>\n\n\n\n<p>Modul de repartizare a laptop-urilor achizi\u0163ionate prin Proiectul privind \u00eenv\u0103\u0163\u0103m\u00e2ntul secundar &#8211; ROSE, 2021:<\/p>\n\n\n\n<div class=\"wp-block-file\"><a href=\"http:\/\/lpstgjiu.ro\/wp-content\/uploads\/2021\/04\/LISTA-beneficiari-laptop-ROSE.pdf\">LISTA-beneficiari-laptop-ROSE<\/a><a href=\"http:\/\/lpstgjiu.ro\/wp-content\/uploads\/2021\/04\/LISTA-beneficiari-laptop-ROSE.pdf\" class=\"wp-block-file__button\" download>Download<\/a><\/div>\n\n\n\n<div class=\"wp-block-file\"><a href=\"http:\/\/lpstgjiu.ro\/wp-content\/uploads\/2021\/04\/Anunt-informare-repartizare-laptop-ROSE.pdf\">Anunt-informare-repartizare-laptop-ROSE<\/a><a href=\"http:\/\/lpstgjiu.ro\/wp-content\/uploads\/2021\/04\/Anunt-informare-repartizare-laptop-ROSE.pdf\" class=\"wp-block-file__button\" download>Download<\/a><\/div>\n\n\n\n<div class=\"wp-block-file\"><a href=\"http:\/\/lpstgjiu.ro\/wp-content\/uploads\/2021\/04\/Metodologie-distribuire-laptopuri.pdf\">Metodologie-distribuire-laptopuri<\/a><a href=\"http:\/\/lpstgjiu.ro\/wp-content\/uploads\/2021\/04\/Metodologie-distribuire-laptopuri.pdf\" class=\"wp-block-file__button\" download>Download<\/a><\/div>\n\n\n\n<div class=\"wp-block-file\"><a href=\"http:\/\/lpstgjiu.ro\/wp-content\/uploads\/2021\/04\/PO-distribuire-laptopuri.pdf\">PO-distribuire-laptopuri<\/a><a href=\"http:\/\/lpstgjiu.ro\/wp-content\/uploads\/2021\/04\/PO-distribuire-laptopuri.pdf\" class=\"wp-block-file__button\" download>Download<\/a><\/div>\n\n\n\n<p><\/p>\n\n\n\n<ul class=\"wp-block-list\"><li><a href=\"http:\/\/lpstgjiu.ro\/index.php\/achizitie-pachet-servicii-turistice-patru-loturi\/\">Achizi\u021bie pachet servicii turistice 4 loturi<\/a><\/li><li><a href=\"http:\/\/lpstgjiu.ro\/index.php\/achizitie-bunuri-aparat-aer-conditionat\/\">Achizi\u021bie bunuri: aparat aer condi\u021bionat<\/a><\/li><li><a href=\"http:\/\/lpstgjiu.ro\/index.php\/achizitie-bunuri-imprimante-multifunctionale\/\">Achizi\u021bie bunuri: imprimante multifunc\u021bionale<\/a><\/li><li><a href=\"http:\/\/lpstgjiu.ro\/index.php\/achizitii-bunurilaptop-uri\/\" data-type=\"page\" data-id=\"891\">Achizi\u021bie bunuri: laptop-uri<\/a><\/li><li><a href=\"http:\/\/lpstgjiu.ro\/index.php\/activitati\/\">Activit\u0103\u021bi<\/a><\/li><li>Achizi\u021bii servicii individuale de consultan\u021b\u0103: dezvoltare personal\u0103 a elevilor<ol><li><a href=\"http:\/\/lpstgjiu.ro\/wp-content\/uploads\/2020\/11\/Invitatie-de-participare.pdf\">Invita\u021bie de participare<\/a><\/li><li><a href=\"http:\/\/lpstgjiu.ro\/wp-content\/uploads\/2020\/11\/Anexa-5.1-Termeni-de-referinta-1-1.pdf\">Termeni de referin\u021b\u0103<\/a><\/li><\/ol><\/li><\/ul>\n\n\n\n<p class=\"has-text-align-center\">PROIECTUL PRIVIND INVATAMANTUL SECUNDAR (ROSE)<\/p>\n\n\n\n<p class=\"has-text-align-center\">SCHEMA DE GRANTURI PENTRU LICEE<\/p>\n\n\n\n<p class=\"has-text-align-center\">BENEFICIAR LICEUL CU PROGRAM SPORTIV TG.JIU<\/p>\n\n\n\n<p class=\"has-text-align-center\"><strong>TITLUL PROIECTULUI \u201ePOT, VREAU,\nREUSESC!\u201d<\/strong><\/p>\n\n\n\n<p class=\"has-text-align-center\">ACORD DE GRANT NR.SGL\/RT\/134 din 27.06.2017<\/p>\n\n\n\n<p class=\"has-text-align-center\"><strong>POT, VREAU, REU\u0218ESC!<\/strong><\/p>\n\n\n\n<p class=\"has-text-align-right\">Director adj, prof. Petroniu Claudia<\/p>\n\n\n\n<p class=\"has-text-align-right\">Liceul cu Program Sportiv Tg-Jiu<\/p>\n\n\n\n<p>            ROSE este un proiect care \u00ee\u0219i propune s\u0103 contribuie la reducerea abandonului \u00een \u00eenv\u0103\u021b\u0103m\u00e2ntul secundar \u0219i ter\u021biar&nbsp; \u0219i la&nbsp; cre\u0219terea ratei de promovare a examenului de bacalaureat. <br> Proiectul, finan\u021bat printr-un \u00eemprumut de 200 de milioane de euro acordat de Banca Interna\u021bional\u0103 pentru Reconstruc\u021bie \u0219i Dezvoltare, va fi implementat de c\u0103tre Ministerul Educa\u021biei Na\u021bionale pe o perioad\u0103 de&nbsp; 7 ani, \u00eentre 2015 \u0219i 2022. <\/p>\n\n\n\n<p>          Liceul cu Program Sportiv Tg-Jiu a participat cu o propunere de proiect (&#8222;Pot, vreau, reu\u0219esc!&#8221;) \u00eenc\u0103 din prima rund\u0103, aplica\u021bia fiind acceptat\u0103 \u0219i subven\u021bionat\u0103 printr-un grant de 450 050 lei, pentru anii 2017-2021, perioad\u0103 \u00een care la nivelul liceului se vor desf\u0103\u0219ura activit\u0103\u021bi pedagogice \u0219i de sprijin (activit\u0103\u021bi remediale, interactive bazate pe educa\u021bie nonformal\u0103, de consiliere \u0219i dezvoltare personal\u0103, cu p\u0103rin\u021bii), activit\u0103\u021bi extracurriculare \u0219i activit\u0103\u021bi de renovare \u0219i dotare. <\/p>\n\n\n\n<p>        Obiectivul general al proiectului este cre\u0219terea ratei de promovare a examenului de bacalaureat de c\u0103tre elevii Liceului cu Program Sportiv din Tg-Jiu, printr-un program interactiv bazat pe educa\u021bie formal\u0103 \u0219i non-formal\u0103. <\/p>\n\n\n\n<p>         Grupul \u021bint\u0103 va fi format din elevii claselor a IX-XII ai liceului nostru, filiera voca\u021bional\u0103- profil sportiv \u0219i filiera teoretic\u0103- profil \u0219tiin\u021be ale naturii, iar elevii beneficiari apar\u021bin unuia sau mai multor grupuri dezavantajate identificate la nivelul \u0219colii: elevi cu unul sau ambii p\u0103rin\u021bi pleca\u021bi \u00een str\u0103in\u0103tate sau deceda\u021bi, elevi din familii cu venituri mici, elevi naveti\u0219ti care locuiesc \u00een afara ora\u0219ului, elevi cu cerin\u021be educa\u021bionale speciale.<\/p>\n\n\n\n<p>          Ei vor beneficia de ore de preg\u0103tire pedagogic\u0103, de remediere, \u00een vederea absolvirii liceului \u0219i promov\u0103rii examenului de bacalaureat \u0219i a continu\u0103rii studiilor \u00een \u00eenv\u0103\u021b\u0103m\u00e2ntul universitar, urm\u0103rindu-se:<\/p>\n\n\n\n<p>-dezvoltarea\ncompeten\u021belor cheie prin programele de preg\u0103tire suplimentar\u0103 la disciplinele\nlimba rom\u00e2n\u0103, istorie, geografie, matematic\u0103, biologie, limbi moderne,\ninformatic\u0103.<\/p>\n\n\n\n<p>-ameliorarea\nrezultatelor \u0219colare ca urmare a cre\u0219terii stimei de sine \u0219i a motiva\u021biei\npentru \u00eenv\u0103\u021b\u0103tur\u0103 \u0219i a promov\u0103rii educa\u021biei non-formale<\/p>\n\n\n\n<p>-facilitarea\nintegr\u0103rii sociale.<\/p>\n\n\n\n<p>          De asemenea, prin proiectul ROSE, elevii \u0219i profesorii de la Liceul cu Program Sportiv vor beneficia \u0219i de dot\u0103ri pentru modernizarea procesului de predare-\u00eenv\u0103\u021bare-evaluare: toate clasele vor fi dotate cu table albe magnetice, videoproiectoare, laptop-uri. Laboratorul de informatic\u0103 va fi \u00eembun\u0103t\u0103\u021bit cu hard-disk-uri \u0219i aparat de aer condi\u021bionat. Biblioteca va avea un col\u021b CDI cu calculatoare, &nbsp;imprimant\u0103 \u0219i numeroase c\u0103r\u021bi ce \u00eei vor ajuta pe elevi s\u0103-\u0219i aprofundeze cuno\u0219tin\u021bele.<\/p>\n\n\n\n<p>          \u00cen fiecare an de proiect, vor fi selecta\u021bi elevi care vor vizita un centru universitar pentru a se informa corect \u00een privin\u021ba profilului pe care vor s\u0103 \u00eel urmeze \u00een \u00eenv\u0103\u021b\u0103m\u00e2ntul superior. <\/p>\n\n\n\n<p>          \u00cen vederea implement\u0103rii acestui proiect, Liceul cu Program Sportiv se bucur\u0103 \u0219i de implicarea \u0219i sus\u021binerea comunit\u0103\u021bii locale. Astfel, ONG-uri locale, Asocia\u021bia de P\u0103rin\u021bi a \u0219colii, etc ne sunt al\u0103turi \u00een desf\u0103\u0219urarea activit\u0103\u021bilor, \u00eencuraj\u00e2nd elevii spre succes.<\/p>\n\n\n\n<p>          Printre rezultatele a\u0219teptate amintim: cre\u0219terea ratei de promovare a examenului de bacalaureat, men\u021binerea ratei de absolvire a claselor terminale, cre\u0219terea num\u0103rului de elevi \u00eenscri\u0219i la liceul nostru, cre\u0219terea poten\u021bialului elevilor de adaptare la situa\u021bii noi de \u00eenv\u0103\u021bare, valorificarea resurselor de \u00eenv\u0103\u021bare online \u0219i offline, facilitarea elevilor din zone defavorizate la noile tehnologii.<\/p>\n","protected":false},"excerpt":{"rendered":"<p>Modul de repartizare a laptop-urilor achizi\u0163ionate prin Proiectul privind \u00eenv\u0103\u0163\u0103m\u00e2ntul secundar &#8211; ROSE, 2021: Achizi\u021bie pachet servicii turistice 4 loturi Achizi\u021bie bunuri: aparat aer condi\u021bionat Achizi\u021bie bunuri: imprimante multifunc\u021bionale Achizi\u021bie bunuri: laptop-uri Activit\u0103\u021bi Achizi\u021bii servicii individuale de consultan\u021b\u0103: dezvoltare personal\u0103 a elevilor Invita\u021bie de participare Termeni de referin\u021b\u0103 PROIECTUL PRIVIND INVATAMANTUL SECUNDAR (ROSE) SCHEMA DE\u2026 <span class=\"read-more\"><a href=\"https:\/\/lpstgjiu.ro\/index.php\/rose\/\">Cite\u0219te mai mult &raquo;<\/a><\/span><\/p>\n","protected":false},"author":1,"featured_media":0,"parent":0,"menu_order":0,"comment_status":"closed","ping_status":"closed","template":"","meta":{"_uag_custom_page_level_css":"","footnotes":""},"class_list":["post-35","page","type-page","status-publish","hentry"],"uagb_featured_image_src":{"full":false,"thumbnail":false,"medium":false,"medium_large":false,"large":false,"1536x1536":false,"2048x2048":false,"post-thumbnail":false,"excerpt-thumbnail":false,"excerpt-thumbnail-mobile":false,"rpwe-thumbnail":false},"uagb_author_info":{"display_name":"Liana Popovici","author_link":"https:\/\/lpstgjiu.ro\/index.php\/author\/vuddxbj7cn\/"},"uagb_comment_info":0,"uagb_excerpt":"Modul de repartizare a laptop-urilor achizi\u0163ionate prin Proiectul privind \u00eenv\u0103\u0163\u0103m\u00e2ntul secundar &#8211; ROSE, 2021: Achizi\u021bie pachet servicii turistice 4 loturi Achizi\u021bie bunuri: aparat aer condi\u021bionat Achizi\u021bie bunuri: imprimante multifunc\u021bionale Achizi\u021bie bunuri: laptop-uri Activit\u0103\u021bi Achizi\u021bii servicii individuale de consultan\u021b\u0103: dezvoltare personal\u0103 a elevilor Invita\u021bie de participare Termeni de referin\u021b\u0103 PROIECTUL PRIVIND INVATAMANTUL SECUNDAR (ROSE) SCHEMA DE\u2026&hellip;","_links":{"self":[{"href":"https:\/\/lpstgjiu.ro\/index.php\/wp-json\/wp\/v2\/pages\/35","targetHints":{"allow":["GET"]}}],"collection":[{"href":"https:\/\/lpstgjiu.ro\/index.php\/wp-json\/wp\/v2\/pages"}],"about":[{"href":"https:\/\/lpstgjiu.ro\/index.php\/wp-json\/wp\/v2\/types\/page"}],"author":[{"embeddable":true,"href":"https:\/\/lpstgjiu.ro\/index.php\/wp-json\/wp\/v2\/users\/1"}],"replies":[{"embeddable":true,"href":"https:\/\/lpstgjiu.ro\/index.php\/wp-json\/wp\/v2\/comments?post=35"}],"version-history":[{"count":13,"href":"https:\/\/lpstgjiu.ro\/index.php\/wp-json\/wp\/v2\/pages\/35\/revisions"}],"predecessor-version":[{"id":2542,"href":"https:\/\/lpstgjiu.ro\/index.php\/wp-json\/wp\/v2\/pages\/35\/revisions\/2542"}],"wp:attachment":[{"href":"https:\/\/lpstgjiu.ro\/index.php\/wp-json\/wp\/v2\/media?parent=35"}],"curies":[{"name":"wp","href":"https:\/\/api.w.org\/{rel}","templated":true}]}}