{"id":3014,"date":"2026-03-26T13:35:12","date_gmt":"2026-03-26T10:35:12","guid":{"rendered":"https:\/\/lpstgjiu.ro\/?page_id=3014"},"modified":"2026-03-26T13:44:07","modified_gmt":"2026-03-26T10:44:07","slug":"activitati-extrascolare-structura","status":"publish","type":"page","link":"https:\/\/lpstgjiu.ro\/index.php\/activitati-extrascolare-structura\/","title":{"rendered":"ACTIVIT\u0102\u021aI EXTRA\u0218COLARE &#8211; Structur\u0103"},"content":{"rendered":"\n<figure class=\"wp-block-gallery has-nested-images columns-default is-cropped wp-block-gallery-1 is-layout-flex wp-block-gallery-is-layout-flex\">\n<figure class=\"wp-block-image size-large\"><img fetchpriority=\"high\" decoding=\"async\" width=\"772\" height=\"793\" data-id=\"3019\" src=\"https:\/\/lpstgjiu.ro\/wp-content\/uploads\/2026\/03\/11-1.jpeg\" alt=\"\" class=\"wp-image-3019\" srcset=\"https:\/\/lpstgjiu.ro\/wp-content\/uploads\/2026\/03\/11-1.jpeg 772w, https:\/\/lpstgjiu.ro\/wp-content\/uploads\/2026\/03\/11-1-292x300.jpeg 292w, https:\/\/lpstgjiu.ro\/wp-content\/uploads\/2026\/03\/11-1-768x789.jpeg 768w, https:\/\/lpstgjiu.ro\/wp-content\/uploads\/2026\/03\/11-1-660x678.jpeg 660w, https:\/\/lpstgjiu.ro\/wp-content\/uploads\/2026\/03\/11-1-45x45.jpeg 45w\" sizes=\"(max-width: 772px) 100vw, 772px\" \/><\/figure>\n\n\n\n<figure class=\"wp-block-image size-large\"><img decoding=\"async\" width=\"1024\" height=\"768\" data-id=\"3020\" src=\"https:\/\/lpstgjiu.ro\/wp-content\/uploads\/2026\/03\/22.jpeg\" alt=\"\" class=\"wp-image-3020\" srcset=\"https:\/\/lpstgjiu.ro\/wp-content\/uploads\/2026\/03\/22.jpeg 1024w, https:\/\/lpstgjiu.ro\/wp-content\/uploads\/2026\/03\/22-300x225.jpeg 300w, https:\/\/lpstgjiu.ro\/wp-content\/uploads\/2026\/03\/22-768x576.jpeg 768w, https:\/\/lpstgjiu.ro\/wp-content\/uploads\/2026\/03\/22-660x495.jpeg 660w\" sizes=\"(max-width: 1024px) 100vw, 1024px\" \/><\/figure>\n\n\n\n<figure class=\"wp-block-image size-large\"><img decoding=\"async\" width=\"1024\" height=\"576\" data-id=\"3022\" src=\"https:\/\/lpstgjiu.ro\/wp-content\/uploads\/2026\/03\/33.jpeg\" alt=\"\" class=\"wp-image-3022\" srcset=\"https:\/\/lpstgjiu.ro\/wp-content\/uploads\/2026\/03\/33.jpeg 1024w, https:\/\/lpstgjiu.ro\/wp-content\/uploads\/2026\/03\/33-300x169.jpeg 300w, https:\/\/lpstgjiu.ro\/wp-content\/uploads\/2026\/03\/33-768x432.jpeg 768w, https:\/\/lpstgjiu.ro\/wp-content\/uploads\/2026\/03\/33-660x371.jpeg 660w\" sizes=\"(max-width: 1024px) 100vw, 1024px\" \/><\/figure>\n\n\n\n<figure class=\"wp-block-image size-large\"><img loading=\"lazy\" decoding=\"async\" width=\"1024\" height=\"760\" data-id=\"3021\" src=\"https:\/\/lpstgjiu.ro\/wp-content\/uploads\/2026\/03\/44.jpeg\" alt=\"\" class=\"wp-image-3021\" srcset=\"https:\/\/lpstgjiu.ro\/wp-content\/uploads\/2026\/03\/44.jpeg 1024w, https:\/\/lpstgjiu.ro\/wp-content\/uploads\/2026\/03\/44-300x223.jpeg 300w, https:\/\/lpstgjiu.ro\/wp-content\/uploads\/2026\/03\/44-768x570.jpeg 768w, https:\/\/lpstgjiu.ro\/wp-content\/uploads\/2026\/03\/44-660x490.jpeg 660w\" sizes=\"(max-width: 1024px) 100vw, 1024px\" \/><\/figure>\n\n\n\n<figure class=\"wp-block-image size-large\"><img loading=\"lazy\" decoding=\"async\" width=\"768\" height=\"1024\" data-id=\"3023\" src=\"https:\/\/lpstgjiu.ro\/wp-content\/uploads\/2026\/03\/55.jpeg\" alt=\"\" class=\"wp-image-3023\" srcset=\"https:\/\/lpstgjiu.ro\/wp-content\/uploads\/2026\/03\/55.jpeg 768w, https:\/\/lpstgjiu.ro\/wp-content\/uploads\/2026\/03\/55-225x300.jpeg 225w, https:\/\/lpstgjiu.ro\/wp-content\/uploads\/2026\/03\/55-660x880.jpeg 660w\" sizes=\"(max-width: 768px) 100vw, 768px\" \/><\/figure>\n\n\n\n<figure class=\"wp-block-image size-large\"><img loading=\"lazy\" decoding=\"async\" width=\"768\" height=\"1024\" data-id=\"3024\" src=\"https:\/\/lpstgjiu.ro\/wp-content\/uploads\/2026\/03\/66.jpeg\" alt=\"\" class=\"wp-image-3024\" srcset=\"https:\/\/lpstgjiu.ro\/wp-content\/uploads\/2026\/03\/66.jpeg 768w, https:\/\/lpstgjiu.ro\/wp-content\/uploads\/2026\/03\/66-225x300.jpeg 225w, https:\/\/lpstgjiu.ro\/wp-content\/uploads\/2026\/03\/66-660x880.jpeg 660w\" sizes=\"(max-width: 768px) 100vw, 768px\" \/><\/figure>\n\n\n\n<figure class=\"wp-block-image size-large\"><img loading=\"lazy\" decoding=\"async\" width=\"1024\" height=\"768\" data-id=\"3025\" src=\"https:\/\/lpstgjiu.ro\/wp-content\/uploads\/2026\/03\/77.jpeg\" alt=\"\" class=\"wp-image-3025\" srcset=\"https:\/\/lpstgjiu.ro\/wp-content\/uploads\/2026\/03\/77.jpeg 1024w, https:\/\/lpstgjiu.ro\/wp-content\/uploads\/2026\/03\/77-300x225.jpeg 300w, https:\/\/lpstgjiu.ro\/wp-content\/uploads\/2026\/03\/77-768x576.jpeg 768w, https:\/\/lpstgjiu.ro\/wp-content\/uploads\/2026\/03\/77-660x495.jpeg 660w\" sizes=\"(max-width: 1024px) 100vw, 1024px\" \/><\/figure>\n\n\n\n<figure class=\"wp-block-image size-large\"><img loading=\"lazy\" decoding=\"async\" width=\"768\" height=\"1024\" data-id=\"3027\" src=\"https:\/\/lpstgjiu.ro\/wp-content\/uploads\/2026\/03\/88.jpeg\" alt=\"\" class=\"wp-image-3027\" srcset=\"https:\/\/lpstgjiu.ro\/wp-content\/uploads\/2026\/03\/88.jpeg 768w, https:\/\/lpstgjiu.ro\/wp-content\/uploads\/2026\/03\/88-225x300.jpeg 225w, https:\/\/lpstgjiu.ro\/wp-content\/uploads\/2026\/03\/88-660x880.jpeg 660w\" sizes=\"(max-width: 768px) 100vw, 768px\" \/><\/figure>\n\n\n\n<figure class=\"wp-block-image size-large\"><img loading=\"lazy\" decoding=\"async\" width=\"780\" height=\"786\" data-id=\"3026\" src=\"https:\/\/lpstgjiu.ro\/wp-content\/uploads\/2026\/03\/99.jpeg\" alt=\"\" class=\"wp-image-3026\" srcset=\"https:\/\/lpstgjiu.ro\/wp-content\/uploads\/2026\/03\/99.jpeg 780w, https:\/\/lpstgjiu.ro\/wp-content\/uploads\/2026\/03\/99-298x300.jpeg 298w, https:\/\/lpstgjiu.ro\/wp-content\/uploads\/2026\/03\/99-150x150.jpeg 150w, https:\/\/lpstgjiu.ro\/wp-content\/uploads\/2026\/03\/99-768x774.jpeg 768w, https:\/\/lpstgjiu.ro\/wp-content\/uploads\/2026\/03\/99-660x665.jpeg 660w, https:\/\/lpstgjiu.ro\/wp-content\/uploads\/2026\/03\/99-45x45.jpeg 45w\" sizes=\"(max-width: 780px) 100vw, 780px\" \/><\/figure>\n<\/figure>\n\n\n\n<p>Elevii de la Structura Scoala Gimnazial\u0103 \u201ePompiliu Marcea\u201d au marcat cu entuziasm \u0219i creativitate s\u0103rb\u0103toarea Francofoniei printr-o serie de activit\u0103\u021bi dedicate culturii \u0219i limbii franceze. Atmosfera a fost una vibrant\u0103, plin\u0103 de culoare \u0219i energie, reflect\u00e2nd pasiunea elevilor pentru diversitate \u0219i comunicare interna\u021bional\u0103.<\/p>\n\n\n\n<p>Programul \u201eF\u00eate de la Francophonie\u201d a cuprins urm\u0103toarele activit\u0103\u021bi coordonate de doamnele profesoare: Raluca L\u0103p\u0103dat, Luuza Corcodel \u0219i Claudia Petroniu:<\/p>\n\n\n\n<ul class=\"wp-block-list\">\n<li>prezentarea unui program artistic dedicat Zilei Francofoniei (poezii, c\u00e2ntece, dans);<\/li>\n\n\n\n<li>flashmob;<\/li>\n\n\n\n<li>expozi\u021bie de afi\u0219e \u0219i desene specifice Fran\u021bei<\/li>\n\n\n\n<li>Virelangues<\/li>\n\n\n\n<li>La France en r\u00e9alit\u00e9 virtuelle<\/li>\n<\/ul>\n\n\n\n<p>Prin implicarea activ\u0103 \u0219i spiritul de echip\u0103, elevii au demonstrat c\u0103 Francofonia nu \u00eenseamn\u0103 doar o limb\u0103, ci \u0219i o punte \u00eentre culturi, valori \u0219i oameni. Felicit\u0103ri tuturor participan\u021bilor pentru implicare \u0219i pentru modul \u00een care au reu\u0219it s\u0103 transforme aceast\u0103 zi \u00eentr-o adev\u0103rat\u0103 s\u0103rb\u0103toare!<\/p>\n","protected":false},"excerpt":{"rendered":"<p>Elevii de la Structura Scoala Gimnazial\u0103 \u201ePompiliu Marcea\u201d au marcat cu entuziasm \u0219i creativitate s\u0103rb\u0103toarea Francofoniei printr-o serie de activit\u0103\u021bi dedicate culturii \u0219i limbii franceze. Atmosfera a fost una vibrant\u0103, plin\u0103 de culoare \u0219i energie, reflect\u00e2nd pasiunea elevilor pentru diversitate \u0219i comunicare interna\u021bional\u0103. Programul \u201eF\u00eate de la Francophonie\u201d a cuprins urm\u0103toarele activit\u0103\u021bi coordonate de doamnele\u2026 <span class=\"read-more\"><a href=\"https:\/\/lpstgjiu.ro\/index.php\/activitati-extrascolare-structura\/\">Cite\u0219te mai mult &raquo;<\/a><\/span><\/p>\n","protected":false},"author":2,"featured_media":0,"parent":0,"menu_order":0,"comment_status":"closed","ping_status":"closed","template":"","meta":{"_uag_custom_page_level_css":"","footnotes":""},"class_list":["post-3014","page","type-page","status-publish","hentry"],"uagb_featured_image_src":{"full":false,"thumbnail":false,"medium":false,"medium_large":false,"large":false,"1536x1536":false,"2048x2048":false,"post-thumbnail":false,"excerpt-thumbnail":false,"excerpt-thumbnail-mobile":false,"rpwe-thumbnail":false},"uagb_author_info":{"display_name":"Elena Drig\u0103","author_link":"https:\/\/lpstgjiu.ro\/index.php\/author\/elenadriga\/"},"uagb_comment_info":0,"uagb_excerpt":"Elevii de la Structura Scoala Gimnazial\u0103 \u201ePompiliu Marcea\u201d au marcat cu entuziasm \u0219i creativitate s\u0103rb\u0103toarea Francofoniei printr-o serie de activit\u0103\u021bi dedicate culturii \u0219i limbii franceze. Atmosfera a fost una vibrant\u0103, plin\u0103 de culoare \u0219i energie, reflect\u00e2nd pasiunea elevilor pentru diversitate \u0219i comunicare interna\u021bional\u0103. Programul \u201eF\u00eate de la Francophonie\u201d a cuprins urm\u0103toarele activit\u0103\u021bi coordonate de doamnele\u2026&hellip;","_links":{"self":[{"href":"https:\/\/lpstgjiu.ro\/index.php\/wp-json\/wp\/v2\/pages\/3014","targetHints":{"allow":["GET"]}}],"collection":[{"href":"https:\/\/lpstgjiu.ro\/index.php\/wp-json\/wp\/v2\/pages"}],"about":[{"href":"https:\/\/lpstgjiu.ro\/index.php\/wp-json\/wp\/v2\/types\/page"}],"author":[{"embeddable":true,"href":"https:\/\/lpstgjiu.ro\/index.php\/wp-json\/wp\/v2\/users\/2"}],"replies":[{"embeddable":true,"href":"https:\/\/lpstgjiu.ro\/index.php\/wp-json\/wp\/v2\/comments?post=3014"}],"version-history":[{"count":3,"href":"https:\/\/lpstgjiu.ro\/index.php\/wp-json\/wp\/v2\/pages\/3014\/revisions"}],"predecessor-version":[{"id":3029,"href":"https:\/\/lpstgjiu.ro\/index.php\/wp-json\/wp\/v2\/pages\/3014\/revisions\/3029"}],"wp:attachment":[{"href":"https:\/\/lpstgjiu.ro\/index.php\/wp-json\/wp\/v2\/media?parent=3014"}],"curies":[{"name":"wp","href":"https:\/\/api.w.org\/{rel}","templated":true}]}}