{"id":30,"date":"2019-04-22T08:39:20","date_gmt":"2019-04-22T08:39:20","guid":{"rendered":"http:\/\/lpstgjiu.ro\/?page_id=30"},"modified":"2022-06-20T19:23:32","modified_gmt":"2022-06-20T16:23:32","slug":"proiecte","status":"publish","type":"page","link":"https:\/\/lpstgjiu.ro\/index.php\/proiecte\/","title":{"rendered":"Proiecte"},"content":{"rendered":"\n<h2 class=\"wp-block-heading\">&#8211; <a href=\"http:\/\/lpstgjiu.ro\/index.php\/judetene\/\">Jude\u021bene<\/a><\/h2>\n\n\n\n<h2 class=\"wp-block-heading\">&#8211; <a href=\"http:\/\/lpstgjiu.ro\/index.php\/nationale\/\">Na\u021bionale<\/a><\/h2>\n\n\n\n<h2 class=\"wp-block-heading\">&#8211; <a href=\"http:\/\/lpstgjiu.ro\/index.php\/internationale\/\">Interna\u021bionale<\/a><\/h2>\n\n\n\n<p class=\"has-text-align-center has-large-font-size\"><strong>Proiect &#8222;INTEGRITATE \u015eI TRANSPAREN\u0162\u0102&#8221;<\/strong><\/p>\n\n\n\n<figure class=\"wp-block-video\"><video controls src=\"http:\/\/lpstgjiu.ro\/wp-content\/uploads\/2022\/06\/4-12.05.2022-Spot-video-nr.2-Varianta-1.mp4\"><\/video><figcaption>4-12.05.2022-Spot-video-nr.2-Varianta-1<\/figcaption><\/figure>\n\n\n\n<figure class=\"wp-block-image\"><img fetchpriority=\"high\" decoding=\"async\" width=\"8534\" height=\"7151\" src=\"http:\/\/lpstgjiu.ro\/wp-content\/uploads\/2022\/06\/3-05.05.2022-Montaj-foto-mesaj-de-campanie-Varianta-2.png\" alt=\"\" class=\"wp-image-1416\" srcset=\"https:\/\/lpstgjiu.ro\/wp-content\/uploads\/2022\/06\/3-05.05.2022-Montaj-foto-mesaj-de-campanie-Varianta-2.png 8534w, https:\/\/lpstgjiu.ro\/wp-content\/uploads\/2022\/06\/3-05.05.2022-Montaj-foto-mesaj-de-campanie-Varianta-2-300x251.png 300w, https:\/\/lpstgjiu.ro\/wp-content\/uploads\/2022\/06\/3-05.05.2022-Montaj-foto-mesaj-de-campanie-Varianta-2-1024x858.png 1024w, https:\/\/lpstgjiu.ro\/wp-content\/uploads\/2022\/06\/3-05.05.2022-Montaj-foto-mesaj-de-campanie-Varianta-2-768x644.png 768w, https:\/\/lpstgjiu.ro\/wp-content\/uploads\/2022\/06\/3-05.05.2022-Montaj-foto-mesaj-de-campanie-Varianta-2-1536x1287.png 1536w, https:\/\/lpstgjiu.ro\/wp-content\/uploads\/2022\/06\/3-05.05.2022-Montaj-foto-mesaj-de-campanie-Varianta-2-2048x1716.png 2048w\" sizes=\"(max-width: 8534px) 100vw, 8534px\" \/><figcaption>3-05.05.2022-Montaj-foto-mesaj-de-campanie-Varianta-2<\/figcaption><\/figure>\n\n\n\n<figure class=\"wp-block-video\"><video controls src=\"http:\/\/lpstgjiu.ro\/wp-content\/uploads\/2022\/06\/2-28.04.2022-Spot-video-nr.1-Varianta-1.mp4\"><\/video><figcaption>2-28.04.2022-Spot-video-nr.1-Varianta-1<\/figcaption><\/figure>\n\n\n\n<figure class=\"wp-block-image\"><img decoding=\"async\" width=\"8534\" height=\"7150\" src=\"http:\/\/lpstgjiu.ro\/wp-content\/uploads\/2022\/06\/1-21.04.2022-Poster-cu-slogan-Varianta-2.png\" alt=\"\" class=\"wp-image-1414\" srcset=\"https:\/\/lpstgjiu.ro\/wp-content\/uploads\/2022\/06\/1-21.04.2022-Poster-cu-slogan-Varianta-2.png 8534w, https:\/\/lpstgjiu.ro\/wp-content\/uploads\/2022\/06\/1-21.04.2022-Poster-cu-slogan-Varianta-2-300x251.png 300w, https:\/\/lpstgjiu.ro\/wp-content\/uploads\/2022\/06\/1-21.04.2022-Poster-cu-slogan-Varianta-2-1024x858.png 1024w, https:\/\/lpstgjiu.ro\/wp-content\/uploads\/2022\/06\/1-21.04.2022-Poster-cu-slogan-Varianta-2-768x643.png 768w, https:\/\/lpstgjiu.ro\/wp-content\/uploads\/2022\/06\/1-21.04.2022-Poster-cu-slogan-Varianta-2-1536x1287.png 1536w, https:\/\/lpstgjiu.ro\/wp-content\/uploads\/2022\/06\/1-21.04.2022-Poster-cu-slogan-Varianta-2-2048x1716.png 2048w\" sizes=\"(max-width: 8534px) 100vw, 8534px\" \/><figcaption>1-21.04.2022-Poster-cu-slogan-Varianta-2<\/figcaption><\/figure>\n","protected":false},"excerpt":{"rendered":"<p>&#8211; Jude\u021bene &#8211; Na\u021bionale &#8211; Interna\u021bionale Proiect &#8222;INTEGRITATE \u015eI TRANSPAREN\u0162\u0102&#8221;<\/p>\n","protected":false},"author":1,"featured_media":0,"parent":0,"menu_order":0,"comment_status":"closed","ping_status":"closed","template":"","meta":{"_uag_custom_page_level_css":"","footnotes":""},"class_list":["post-30","page","type-page","status-publish","hentry"],"uagb_featured_image_src":{"full":false,"thumbnail":false,"medium":false,"medium_large":false,"large":false,"1536x1536":false,"2048x2048":false,"post-thumbnail":false,"excerpt-thumbnail":false,"excerpt-thumbnail-mobile":false,"rpwe-thumbnail":false},"uagb_author_info":{"display_name":"Liana Popovici","author_link":"https:\/\/lpstgjiu.ro\/index.php\/author\/vuddxbj7cn\/"},"uagb_comment_info":0,"uagb_excerpt":"&#8211; Jude\u021bene &#8211; Na\u021bionale &#8211; Interna\u021bionale Proiect &#8222;INTEGRITATE \u015eI TRANSPAREN\u0162\u0102&#8221;","_links":{"self":[{"href":"https:\/\/lpstgjiu.ro\/index.php\/wp-json\/wp\/v2\/pages\/30","targetHints":{"allow":["GET"]}}],"collection":[{"href":"https:\/\/lpstgjiu.ro\/index.php\/wp-json\/wp\/v2\/pages"}],"about":[{"href":"https:\/\/lpstgjiu.ro\/index.php\/wp-json\/wp\/v2\/types\/page"}],"author":[{"embeddable":true,"href":"https:\/\/lpstgjiu.ro\/index.php\/wp-json\/wp\/v2\/users\/1"}],"replies":[{"embeddable":true,"href":"https:\/\/lpstgjiu.ro\/index.php\/wp-json\/wp\/v2\/comments?post=30"}],"version-history":[{"count":10,"href":"https:\/\/lpstgjiu.ro\/index.php\/wp-json\/wp\/v2\/pages\/30\/revisions"}],"predecessor-version":[{"id":1429,"href":"https:\/\/lpstgjiu.ro\/index.php\/wp-json\/wp\/v2\/pages\/30\/revisions\/1429"}],"wp:attachment":[{"href":"https:\/\/lpstgjiu.ro\/index.php\/wp-json\/wp\/v2\/media?parent=30"}],"curies":[{"name":"wp","href":"https:\/\/api.w.org\/{rel}","templated":true}]}}