{"id":2990,"date":"2026-03-26T12:01:12","date_gmt":"2026-03-26T09:01:12","guid":{"rendered":"https:\/\/lpstgjiu.ro\/?page_id=2990"},"modified":"2026-03-26T13:11:15","modified_gmt":"2026-03-26T10:11:15","slug":"cadre-didactice-2","status":"publish","type":"page","link":"https:\/\/lpstgjiu.ro\/index.php\/cadre-didactice-2\/","title":{"rendered":"CADRE DIDACTICE"},"content":{"rendered":"\n<p>Prof. coordonator: P\u0103tr\u0103\u0219coiu Rozica Sevasti\u021ba Carmen<\/p>\n\n\n\n<details class=\"wp-block-details is-layout-flow wp-block-details-is-layout-flow\"><summary>Limb\u0103 \u0219i comunicare<\/summary>\n<p>M\u0103nescu Alexandra Florina- doctorat, grad didactic II<\/p>\n\n\n\n<p>P\u0103tr\u0103\u0219coiu Rozica Sevasti\u021ba Carmen- grad didactic I<\/p>\n\n\n\n<p>Istrate Vasilica Oana- grad didactic I<\/p>\n\n\n\n<p>Scr\u0103deanu Neonila Eniser- grad didactic I<\/p>\n\n\n\n<p>Corcodel Ionela Luiza- grad didactic I<\/p>\n<\/details>\n\n\n\n<details class=\"wp-block-details is-layout-flow wp-block-details-is-layout-flow\"><summary>Matematic\u0103 \u0219i stiin\u021be ale naturii<\/summary>\n<p>Stroie Marius Daniel- grad didactic I<\/p>\n\n\n\n<p>Ciulic\u0103 Loredana Roxana- grad didactic I<\/p>\n\n\n\n<p>Cre\u021ban Claudia Maria- grad didactic I<\/p>\n\n\n\n<p>Cochin\u0103 Monica Gabriela&#8211; grad didactic I<\/p>\n<\/details>\n\n\n\n<details class=\"wp-block-details is-layout-flow wp-block-details-is-layout-flow\"><summary>Om \u0219i societate<\/summary>\n<p>Balcanu Sorin&#8211; grad didactic I<\/p>\n\n\n\n<p>Iliusi Ilie Marian- grad didactic I<\/p>\n<\/details>\n\n\n\n<p>Arpezeanu Maria Roxana- grad didactic I<\/p>\n\n\n\n<p>Ularu Lelia Anamaria- grad didactic I<\/p>\n\n\n\n<details class=\"wp-block-details is-layout-flow wp-block-details-is-layout-flow\"><summary>Arte<\/summary>\n<p>Ciurea Diana Ileana- grad didactic I<\/p>\n\n\n\n<p>Ti\u021ba Paula- grad didactic I<\/p>\n<\/details>\n\n\n\n<details class=\"wp-block-details is-layout-flow wp-block-details-is-layout-flow\"><summary>Educa\u021bie fizic\u0103,sport si s\u0103n\u0103tate<\/summary>\n<p>Floroiu Drago\u0219- grad didactic I<\/p>\n\n\n\n<p>Ciop\u0103noiu \u0218tefania- grad didactic I<\/p>\n<\/details>\n\n\n\n<details class=\"wp-block-details is-layout-flow wp-block-details-is-layout-flow\"><summary>Tehnologii<\/summary>\n<p>B\u0103loi Vasile- grad didactic I<\/p>\n\n\n\n<p>C\u0103r\u0103van Daniela- grad didactic I<\/p>\n<\/details>\n\n\n\n<details class=\"wp-block-details is-layout-flow wp-block-details-is-layout-flow\"><summary>Consiliere \u0219i orientare<\/summary>\n<p>Scr\u0103deanu Neonila Eniser-cls. a V-a A-AR<\/p>\n\n\n\n<p>P\u0103tr\u0103\u0219coiu Rozica Sevasti\u021ba Carmen-cls. a V-a B-AR<\/p>\n\n\n\n<p>Cre\u021ban Claudia Maria&#8211;cls. a VI-a A-AR<\/p>\n\n\n\n<p>Balcanu Sorin-cls. a VI-a B-AR<\/p>\n\n\n\n<p>Ciop\u0103noiu \u0218tefania-cls. a VII-a A-AR<\/p>\n\n\n\n<p>Cochin\u0103 Monica Gabriela-cls. a VII-a B-AR<\/p>\n\n\n\n<p>C\u0103r\u0103van Daniela-cls. a VIII-a A-AR<\/p>\n\n\n\n<p>Corcodel Ionela Luiza-cls. a VIII-a B-AR<\/p>\n<\/details>\n\n\n\n<p>B\u0103la\u0219a Camelia CP A-AR<\/p>\n\n\n\n<p>Gogelescu-B\u0103di\u021ba Ana-Maria CP B-AR<\/p>\n\n\n\n<p>Rujenescu Carmen I A-AR<\/p>\n\n\n\n<p>F\u00eer\u021b\u0103 Clara I B-AR<\/p>\n\n\n\n<p>Ban\u021ba Vica-Nicoleta II A-AR<\/p>\n\n\n\n<p>Du\u021b\u0103 Aureliana II B-AR<\/p>\n\n\n\n<p>Popovici Camelia III A-AR<\/p>\n\n\n\n<p>Cre\u021ban Andreea Lucia III B-AR<\/p>\n\n\n\n<p>Constantin Lucia Monica IV A-AR<\/p>\n\n\n\n<p>Vasilescu Liliana IV B-AR<\/p>\n\n\n\n<p>Buleac M\u0103d\u0103lina Olivia IV C-AR<\/p>\n\n\n\n<details class=\"wp-block-details is-layout-flow wp-block-details-is-layout-flow\"><summary>Prof. \u00eenv. primar<\/summary>\n<p>B\u0103la\u0219a Camelia-grad didactic I<\/p>\n\n\n\n<p>Gogelescu-B\u0103di\u021ba Ana-Maria-grad didactic I<\/p>\n\n\n\n<p>Rujenescu Carmen-grad didactic I<\/p>\n\n\n\n<p>F\u00eer\u021b\u0103 Clara-grad didactic I<\/p>\n\n\n\n<p>Ban\u021ba Vica-Nicoleta-grad didactic I<\/p>\n\n\n\n<p>Du\u021b\u0103 Aureliana-grad didactic I<\/p>\n\n\n\n<p>Popovici Camelia-grad didactic I<\/p>\n\n\n\n<p>Cre\u021ban Andreea Lucia-grad didactic I<\/p>\n\n\n\n<p>Constantin Lucia Monica-grad didactic I<\/p>\n\n\n\n<p>Vasilescu Liliana-grad didactic I<\/p>\n\n\n\n<p>Buleac M\u0103d\u0103lina Olivia-grad didactic I<\/p>\n<\/details>\n\n\n\n<p><\/p>\n","protected":false},"excerpt":{"rendered":"<p>Prof. coordonator: P\u0103tr\u0103\u0219coiu Rozica Sevasti\u021ba Carmen Arpezeanu Maria Roxana- grad didactic I Ularu Lelia Anamaria- grad didactic I B\u0103la\u0219a Camelia CP A-AR Gogelescu-B\u0103di\u021ba Ana-Maria CP B-AR Rujenescu Carmen I A-AR F\u00eer\u021b\u0103 Clara I B-AR Ban\u021ba Vica-Nicoleta II A-AR Du\u021b\u0103 Aureliana II B-AR Popovici Camelia III A-AR Cre\u021ban Andreea Lucia III B-AR Constantin Lucia Monica IV\u2026 <span class=\"read-more\"><a href=\"https:\/\/lpstgjiu.ro\/index.php\/cadre-didactice-2\/\">Cite\u0219te mai mult &raquo;<\/a><\/span><\/p>\n","protected":false},"author":5,"featured_media":0,"parent":0,"menu_order":0,"comment_status":"closed","ping_status":"closed","template":"","meta":{"_uag_custom_page_level_css":"","footnotes":""},"class_list":["post-2990","page","type-page","status-publish","hentry"],"uagb_featured_image_src":{"full":false,"thumbnail":false,"medium":false,"medium_large":false,"large":false,"1536x1536":false,"2048x2048":false,"post-thumbnail":false,"excerpt-thumbnail":false,"excerpt-thumbnail-mobile":false,"rpwe-thumbnail":false},"uagb_author_info":{"display_name":"Coltan Gabriela","author_link":"https:\/\/lpstgjiu.ro\/index.php\/author\/coltangabriela\/"},"uagb_comment_info":0,"uagb_excerpt":"Prof. coordonator: P\u0103tr\u0103\u0219coiu Rozica Sevasti\u021ba Carmen Arpezeanu Maria Roxana- grad didactic I Ularu Lelia Anamaria- grad didactic I B\u0103la\u0219a Camelia CP A-AR Gogelescu-B\u0103di\u021ba Ana-Maria CP B-AR Rujenescu Carmen I A-AR F\u00eer\u021b\u0103 Clara I B-AR Ban\u021ba Vica-Nicoleta II A-AR Du\u021b\u0103 Aureliana II B-AR Popovici Camelia III A-AR Cre\u021ban Andreea Lucia III B-AR Constantin Lucia Monica IV\u2026&hellip;","_links":{"self":[{"href":"https:\/\/lpstgjiu.ro\/index.php\/wp-json\/wp\/v2\/pages\/2990","targetHints":{"allow":["GET"]}}],"collection":[{"href":"https:\/\/lpstgjiu.ro\/index.php\/wp-json\/wp\/v2\/pages"}],"about":[{"href":"https:\/\/lpstgjiu.ro\/index.php\/wp-json\/wp\/v2\/types\/page"}],"author":[{"embeddable":true,"href":"https:\/\/lpstgjiu.ro\/index.php\/wp-json\/wp\/v2\/users\/5"}],"replies":[{"embeddable":true,"href":"https:\/\/lpstgjiu.ro\/index.php\/wp-json\/wp\/v2\/comments?post=2990"}],"version-history":[{"count":5,"href":"https:\/\/lpstgjiu.ro\/index.php\/wp-json\/wp\/v2\/pages\/2990\/revisions"}],"predecessor-version":[{"id":3013,"href":"https:\/\/lpstgjiu.ro\/index.php\/wp-json\/wp\/v2\/pages\/2990\/revisions\/3013"}],"wp:attachment":[{"href":"https:\/\/lpstgjiu.ro\/index.php\/wp-json\/wp\/v2\/media?parent=2990"}],"curies":[{"name":"wp","href":"https:\/\/api.w.org\/{rel}","templated":true}]}}