{"id":2575,"date":"2026-02-19T13:03:25","date_gmt":"2026-02-19T10:03:25","guid":{"rendered":"https:\/\/lpstgjiu.ro\/?page_id=2575"},"modified":"2026-04-22T13:54:26","modified_gmt":"2026-04-22T10:54:26","slug":"cadre-didactice","status":"publish","type":"page","link":"https:\/\/lpstgjiu.ro\/index.php\/cadre-didactice\/","title":{"rendered":"Cadre didactice"},"content":{"rendered":"\n<div class=\"wp-block-columns is-layout-flex wp-container-core-columns-is-layout-9d6595d7 wp-block-columns-is-layout-flex\">\n<div class=\"wp-block-column is-layout-flow wp-block-column-is-layout-flow\" style=\"flex-basis:100%\">\n<details class=\"wp-block-details is-layout-flow wp-block-details-is-layout-flow\"><summary><em><strong>Limba \u0219i literatura rom\u00e2n\u0103<\/strong><\/em><\/summary>\n<p>Prof. Nanu Cristina Elena &#8211; gradul I<\/p>\n\n\n\n<p>Prof. Ionescu Irina Mihaela &#8211; gradul I<\/p>\n\n\n\n<p>Prof. M\u0103tr\u0103gun\u0103 Maria Magdalena &#8211; gradul I<\/p>\n\n\n\n<p>Prof. S\u0103vescu Claudia &#8211; gradul I<\/p>\n<\/details>\n<\/div>\n<\/div>\n\n\n\n<details class=\"wp-block-details is-layout-flow wp-block-details-is-layout-flow\"><summary><strong><em>Limbi moderne<\/em><\/strong><\/summary>\n<p>Prof. Scredeanu Irina Mihaela &#8211; gradul I<\/p>\n\n\n\n<p>Prof. T\u0103m\u00ee\u0219i Maria Mirela &#8211; gradul I<\/p>\n\n\n\n<p>Prof. L\u0103p\u0103dat Raluca &#8211; gradul I<\/p>\n\n\n\n<p>Prof. Petroniu Maria Claudia &#8211; gradul I<\/p>\n<\/details>\n\n\n\n<details class=\"wp-block-details is-layout-flow wp-block-details-is-layout-flow\"><summary><em><strong>Matematic\u0103<\/strong><\/em><\/summary>\n<p>Prof. Ionescu Nastasia- gradul I<\/p>\n\n\n\n<p>Prof. Poa\u021b\u0103 Iulieta &#8211; gradul I<\/p>\n<\/details>\n\n\n\n<details class=\"wp-block-details is-layout-flow wp-block-details-is-layout-flow\"><summary><strong><em>Informatic\u0103<\/em><\/strong><\/summary>\n<p>Prof. Popovici Sorina Liana- gradul I<\/p>\n<\/details>\n\n\n\n<details class=\"wp-block-details is-layout-flow wp-block-details-is-layout-flow\"><summary><strong><em>Istorie<\/em><\/strong><\/summary>\n<p>Prof. Ta\u0219c\u0103u Liliana &#8211; gradul I<\/p>\n\n\n\n<p>Prof. Bozdogescu Adrian &#8211; gradul I<\/p>\n<\/details>\n\n\n\n<details class=\"wp-block-details is-layout-flow wp-block-details-is-layout-flow\"><summary><em><strong>Fizic\u0103 \/ Chimie<\/strong><\/em><\/summary>\n<p>Prof. Cre\u021ban Iozefina Simona &#8211; gradul I<\/p>\n\n\n\n<p>Prof. Cre\u021ban Claudia &#8211; gradul I<\/p>\n\n\n\n<p>Prof. Popovici Sorina Liana- gradul I<\/p>\n<\/details>\n\n\n\n<details class=\"wp-block-details is-layout-flow wp-block-details-is-layout-flow\"><summary><em><strong>Religie<\/strong><\/em><\/summary>\n<p>Prof. P\u0103un Marian Emanoil &#8211; gradul I<\/p>\n<\/details>\n\n\n\n<details class=\"wp-block-details is-layout-flow wp-block-details-is-layout-flow\"><summary><em><strong>Desen \/ Muzic\u0103<\/strong><\/em><\/summary>\n<p>Prof. Norocea Rodica &#8211; gradul I<\/p>\n\n\n\n<p>Prof. Cioclei Adela &#8211; gradul I<\/p>\n<\/details>\n\n\n\n<details class=\"wp-block-details is-layout-flow wp-block-details-is-layout-flow\"><summary><em><strong>Educa\u021bie fizic\u0103 \u0219i sport<\/strong><\/em><\/summary>\n<p>Priescu Cristian Florin &#8211; gradul I &#8211; fotbal<\/p>\n\n\n\n<p>R\u0103scol Gabriel Adrian &#8211; gradul I &#8211; fotbal<\/p>\n\n\n\n<p>Cojocaru Constantin &#8211; gradul I &#8211; fotbal<\/p>\n<\/details>\n\n\n\n<p>Prof. Cernitoiu Cosmin &#8211; gradul I &#8211; fotbal<\/p>\n\n\n\n<p>Prof. T\u00eelvescu Valentin &#8211; gradul I &#8211; fotbal<\/p>\n\n\n\n<p>Prof. Andrie\u0219 Ion Liviu &#8211; gradul I &#8211; handbal<\/p>\n\n\n\n<p>Prof. Dinu\u021boiu Mihaela Camelia &#8211; gradul I &#8211; handbal<\/p>\n\n\n\n<p>Prof. S\u0103vulescu Ionela Daniela &#8211; gradul I &#8211; handbal<\/p>\n\n\n\n<p>Prof. Gorun Adrian &#8211; gradul I &#8211; handbal<\/p>\n\n\n\n<p>Prof. Martinescu Paula &#8211; gradul I &#8211; handbal<\/p>\n\n\n\n<p>Prof. Ciobanu Lauren\u021biu &#8211; gradul I &#8211; atletism<\/p>\n\n\n\n<p>Prof. Lisei Lucian &#8211; gradul I &#8211; atletism<\/p>\n\n\n\n<p>Prof. Fugaru Simona Elena &#8211; gradul I &#8211; atletism<\/p>\n\n\n\n<p>Prof. Roven\u021ba Simona Elena &#8211; gradul I &#8211; Preg\u0103tire Sportiv\u0103 Teoretic\u0103<\/p>\n\n\n\n<p><\/p>\n","protected":false},"excerpt":{"rendered":"<p>Prof. Cernitoiu Cosmin &#8211; gradul I &#8211; fotbal Prof. T\u00eelvescu Valentin &#8211; gradul I &#8211; fotbal Prof. Andrie\u0219 Ion Liviu &#8211; gradul I &#8211; handbal Prof. Dinu\u021boiu Mihaela Camelia &#8211; gradul I &#8211; handbal Prof. S\u0103vulescu Ionela Daniela &#8211; gradul I &#8211; handbal Prof. Gorun Adrian &#8211; gradul I &#8211; handbal Prof. Martinescu Paula &#8211;\u2026 <span class=\"read-more\"><a href=\"https:\/\/lpstgjiu.ro\/index.php\/cadre-didactice\/\">Cite\u0219te mai mult &raquo;<\/a><\/span><\/p>\n","protected":false},"author":2,"featured_media":0,"parent":0,"menu_order":0,"comment_status":"closed","ping_status":"closed","template":"","meta":{"_uag_custom_page_level_css":"","footnotes":"[]"},"class_list":["post-2575","page","type-page","status-publish","hentry"],"uagb_featured_image_src":{"full":false,"thumbnail":false,"medium":false,"medium_large":false,"large":false,"1536x1536":false,"2048x2048":false,"post-thumbnail":false,"excerpt-thumbnail":false,"excerpt-thumbnail-mobile":false,"rpwe-thumbnail":false},"uagb_author_info":{"display_name":"Elena Drig\u0103","author_link":"https:\/\/lpstgjiu.ro\/index.php\/author\/elenadriga\/"},"uagb_comment_info":0,"uagb_excerpt":"Prof. Cernitoiu Cosmin &#8211; gradul I &#8211; fotbal Prof. T\u00eelvescu Valentin &#8211; gradul I &#8211; fotbal Prof. Andrie\u0219 Ion Liviu &#8211; gradul I &#8211; handbal Prof. Dinu\u021boiu Mihaela Camelia &#8211; gradul I &#8211; handbal Prof. S\u0103vulescu Ionela Daniela &#8211; gradul I &#8211; handbal Prof. Gorun Adrian &#8211; gradul I &#8211; handbal Prof. Martinescu Paula &#8211;\u2026&hellip;","_links":{"self":[{"href":"https:\/\/lpstgjiu.ro\/index.php\/wp-json\/wp\/v2\/pages\/2575","targetHints":{"allow":["GET"]}}],"collection":[{"href":"https:\/\/lpstgjiu.ro\/index.php\/wp-json\/wp\/v2\/pages"}],"about":[{"href":"https:\/\/lpstgjiu.ro\/index.php\/wp-json\/wp\/v2\/types\/page"}],"author":[{"embeddable":true,"href":"https:\/\/lpstgjiu.ro\/index.php\/wp-json\/wp\/v2\/users\/2"}],"replies":[{"embeddable":true,"href":"https:\/\/lpstgjiu.ro\/index.php\/wp-json\/wp\/v2\/comments?post=2575"}],"version-history":[{"count":58,"href":"https:\/\/lpstgjiu.ro\/index.php\/wp-json\/wp\/v2\/pages\/2575\/revisions"}],"predecessor-version":[{"id":3348,"href":"https:\/\/lpstgjiu.ro\/index.php\/wp-json\/wp\/v2\/pages\/2575\/revisions\/3348"}],"wp:attachment":[{"href":"https:\/\/lpstgjiu.ro\/index.php\/wp-json\/wp\/v2\/media?parent=2575"}],"curies":[{"name":"wp","href":"https:\/\/api.w.org\/{rel}","templated":true}]}}