{"id":234,"date":"2019-05-08T15:59:47","date_gmt":"2019-05-08T12:59:47","guid":{"rendered":"http:\/\/lpstgjiu.ro\/?page_id=234"},"modified":"2026-03-30T08:29:42","modified_gmt":"2026-03-30T05:29:42","slug":"rezultate-2","status":"publish","type":"page","link":"https:\/\/lpstgjiu.ro\/index.php\/rezultate-2\/","title":{"rendered":"Rezultate concursuri \u0219i olimpiade \u0219colare"},"content":{"rendered":"\n<p>REZULTATE CREATIVE WRITING_etapa judeteana_29.03.2026<\/p>\n\n\n\n<div data-wp-interactive=\"core\/file\" class=\"wp-block-file\"><object data-wp-bind--hidden=\"!state.hasPdfPreview\" hidden class=\"wp-block-file__embed\" data=\"https:\/\/lpstgjiu.ro\/wp-content\/uploads\/2026\/03\/REZULTATE-CREATIVE-WRITING_etapa-judeteana_29.03.2026.pdf\" type=\"application\/pdf\" style=\"width:100%;height:600px\" aria-label=\"\u00cenglobare pentru REZULTATE CREATIVE WRITING_etapa judeteana_29.03.2026.\"><\/object><a id=\"wp-block-file--media-87403acb-49ae-4a52-b987-2213d05ce1fe\" href=\"https:\/\/lpstgjiu.ro\/wp-content\/uploads\/2026\/03\/REZULTATE-CREATIVE-WRITING_etapa-judeteana_29.03.2026.pdf\">REZULTATE CREATIVE WRITING_etapa judeteana_29.03.2026<\/a><a href=\"https:\/\/lpstgjiu.ro\/wp-content\/uploads\/2026\/03\/REZULTATE-CREATIVE-WRITING_etapa-judeteana_29.03.2026.pdf\" class=\"wp-block-file__button wp-element-button\" download aria-describedby=\"wp-block-file--media-87403acb-49ae-4a52-b987-2213d05ce1fe\">Descarc\u0103<\/a><\/div>\n\n\n\n\n\n<p>&nbsp; &nbsp; Felicit\u0103ri elevilor no\u0219tri pentru performan\u021ba deosebit\u0103 de a se califica la Olimpiada de Preg\u0103tire Sportiv\u0103 Teoretic\u0103!<\/p>\n\n\n\n<p>&nbsp; &nbsp;Prin munc\u0103, perseveren\u021b\u0103 \u0219i pasiune pentru domeniul sportului, a\u021bi demonstrat c\u0103 seriozitatea \u0219i dorin\u021ba de a progresa aduc rezultate remarcabile. Calificarea voastr\u0103 reprezint\u0103 nu doar o realizare personal\u0103, ci \u0219i un motiv de m\u00e2ndrie pentru \u0219coal\u0103, profesori \u0219i colegi.<\/p>\n\n\n\n<p>&nbsp; &nbsp; &nbsp;V\u0103 dorim mult succes \u00een etapa urm\u0103toare, \u00eencredere \u00een propriile for\u021be \u0219i rezultate pe m\u0103sura efortului depus. Suntem convin\u0219i c\u0103 ve\u021bi reprezenta cu cinste \u0219coala noastr\u0103!<\/p>\n\n\n\n<p>&nbsp; &nbsp; &nbsp; &nbsp; &nbsp; &nbsp; &nbsp; &nbsp; &nbsp; &nbsp; &nbsp; &nbsp; &nbsp;<em><strong>Bravo \u0219i mult succes mai departe!<\/strong><\/em><\/p>\n\n\n\n<figure><img decoding=\"async\" src=\"https:\/\/lpstgjiu.ro\/wp-content\/uploads\/2026\/03\/pst1-1-1024x768.jpg\" alt=\"\" \/><\/figure>\n\n\n\n<object style=\"width: 100%; height: 600px;\" data=\"https:\/\/lpstgjiu.ro\/wp-content\/uploads\/2026\/03\/Rezultate-anonimizate.pdf\" type=\"application\/pdf\" width=\"300\" height=\"150\" aria-label=\"Rezultate anonimizate\"><\/object><a id=\"wp-block-file--media-cc928e04-6079-4414-9204-b3aed9740a2f\" href=\"https:\/\/lpstgjiu.ro\/wp-content\/uploads\/2026\/03\/Rezultate-anonimizate.pdf\">Rezultate anonimizate<\/a><a href=\"https:\/\/lpstgjiu.ro\/wp-content\/uploads\/2026\/03\/Rezultate-anonimizate.pdf\" download=\"\" aria-describedby=\"wp-block-file--media-cc928e04-6079-4414-9204-b3aed9740a2f\">Descarc\u0103<\/a>\n\n\n\n\n\n<p><em>Performan\u021b\u0103 \u0219i perseveren\u021b\u0103 la Olimpiada de Lingvistic\u0103!<br>Elevul nostru, Andrei Luis Bord\u00eenc, clasa a VIII-a, Liceul cu Program Sportiv T\u00e2rgu-Jiu \u2013 Structura \u0218coala Gimnazial\u0103 \u201ePompiliu Marcea\u201d, a ob\u021binut locul al II-lea la etapa jude\u021bean\u0103 a Olimpiadei de Lingvistic\u0103, Sec\u021biunea Exerci\u021biu 2.<br>Este a treia participare consecutiv\u0103 a lui Andrei la aceast\u0103 competi\u021bie de elit\u0103 \u2013 o olimpiad\u0103 provocatoare, care se adreseaz\u0103 elevilor pasiona\u021bi de logic\u0103, de limbaj \u0219i de fine\u021bea mecanismelor lingvistice. \u00cen fiecare an Andrei a urcat pe podium, demonstr\u00e2nd consecven\u021b\u0103, seriozitate \u0219i o pasiune autentic\u0103 pentru lingvistic\u0103.<br>Anul trecut, performan\u021ba sa l-a dus la etapa na\u021bional\u0103, unde a reprezentat cu m\u00e2ndrie \u0219coala \u0219i jude\u021bul. \u00cen acest an, a ob\u021binut locul al II-lea jude\u021bean, la doar c\u00e2teva sutimi distan\u021b\u0103 de o nou\u0103 calificare na\u021bional\u0103 \u2014 o dovad\u0103 clar\u0103 a nivelului s\u0103u ridicat de preg\u0103tire.<br>\u00cel felicit\u0103m pentru parcursul remarcabil, pentru perseveren\u021b\u0103 \u0219i pentru bucuria cu care a ales, an de an, aceast\u0103 provocare intelectual\u0103!<br>Felicit\u0103ri, Andrei!<br>Felicit\u0103ri doamnei profesor coordonator, Alexandra Florina M\u0103nescu, pentru \u00eendrumare \u0219i dedicare!<br>Suntem m\u00e2ndri de voi!<\/em><\/p>\n\n\n\n<figure><img decoding=\"async\" src=\"https:\/\/lpstgjiu.ro\/wp-content\/uploads\/2026\/03\/diploma-683x1024.jpeg\" alt=\"\" \/><\/figure>\n\n\n\n<p><strong><mark style=\"background-color: rgba(0, 0, 0, 0);\">Anul \u0219colar 2024-2025<\/mark><\/strong><\/p>\n\n\n\n<p class=\"has-medium-font-size\">Sportivii str\u0103lucesc din nou! Liceul cu Program Sportiv este din nou pe podium la Olimpiada Na\u021bional\u0103 de Preg\u0103tire Sportiv\u0103 Teoretic\u0103:<br>Profesor coordonator: Simona Roven\u021ba<br>\u2606 Premiul I: Vintilescu Andrei<br>\u2606 Men\u021biune: Golynskyy Ania<br>\u2606 Men\u021biune: Faur Tiberiu<br>Munca \u0219i d\u0103ruirea au dus la aceste rezultate extraordinare! Felicit\u0103ri, d-na director adjunct Simona Roven\u021ba!!! Felicit\u0103ri tuturor!<\/p>\n\n\n\n\n\n<figure class=\"wp-block-gallery-1 is-layout-flex wp-block-gallery-is-layout-flex\">\n\n<figure><img decoding=\"async\" data-id=\"2374\" src=\"https:\/\/lpstgjiu.ro\/wp-content\/uploads\/2025\/04\/WhatsApp-Image-2025-04-26-at-11.19.02-3-2-768x1024.jpeg\" alt=\"\" \/><\/figure>\n\n\n<figure><img decoding=\"async\" data-id=\"2370\" src=\"https:\/\/lpstgjiu.ro\/wp-content\/uploads\/2025\/04\/WhatsApp-Image-2025-04-26-at-11.19.02-2-768x1024.jpeg\" alt=\"\" \/><\/figure>\n\n\n<figure><img decoding=\"async\" data-id=\"2372\" src=\"https:\/\/lpstgjiu.ro\/wp-content\/uploads\/2025\/04\/WhatsApp-Image-2025-04-26-at-11.19.02-768x1024.jpeg\" alt=\"\" \/><\/figure>\n\n\n<figure><img decoding=\"async\" data-id=\"2375\" src=\"https:\/\/lpstgjiu.ro\/wp-content\/uploads\/2025\/04\/WhatsApp-Image-2025-04-26-at-11.19.02-1-4-768x1024.jpeg\" alt=\"\" \/><\/figure>\n\n<\/figure>\n\n\n\n<p class=\"has-text-align-center has-black-color has-text-color has-link-color has-medium-font-size wp-elements-815e1206e2782cb6dfd1e566ca9cd218\"><p>REZULTATE CONCURS JUDE\u021aEAN &#8222;VALUE YOUR ENGLISH&#8221;, sec\u021biunea &#8222;TEST YOUR ENGLISH&#8221; &#8211; etapa jude\u021bean\u0103, 12.04.2025<\/p><\/p>\n\n\n\n<object style=\"width: 100%; height: 580px;\" data=\"https:\/\/lpstgjiu.ro\/wp-content\/uploads\/2025\/04\/Rezultate-initiale-Concurs-TYE-1.pdf\" type=\"application\/pdf\" width=\"300\" height=\"150\" aria-label=\"Rezultate-initiale-Concurs-TYE\"><\/object><a id=\"wp-block-file--media-1c7a3410-2457-4129-aa0f-903cb1c817b0\" href=\"https:\/\/lpstgjiu.ro\/wp-content\/uploads\/2025\/04\/Rezultate-initiale-Concurs-TYE-1.pdf\">Rezultate-initiale-Concurs-TYE<\/a><a href=\"https:\/\/lpstgjiu.ro\/wp-content\/uploads\/2025\/04\/Rezultate-initiale-Concurs-TYE-1.pdf\" download=\"\" aria-describedby=\"wp-block-file--media-1c7a3410-2457-4129-aa0f-903cb1c817b0\">Descarc\u0103<\/a>\n\n\n\n\n\n<object style=\"width: 100%; height: 610px;\" data=\"https:\/\/lpstgjiu.ro\/wp-content\/uploads\/2025\/04\/Anunt-contestatii-1.pdf\" type=\"application\/pdf\" width=\"300\" height=\"150\" aria-label=\"            Anunt-contestatii\"><\/object><a id=\"wp-block-file--media-f77e45b0-7329-48f3-9af5-05e9995f1682\" href=\"https:\/\/lpstgjiu.ro\/wp-content\/uploads\/2025\/04\/Anunt-contestatii-1.pdf\"> Anunt-contestatii<\/a><a href=\"https:\/\/lpstgjiu.ro\/wp-content\/uploads\/2025\/04\/Anunt-contestatii-1.pdf\" download=\"\" aria-describedby=\"wp-block-file--media-f77e45b0-7329-48f3-9af5-05e9995f1682\">Descarc\u0103<\/a>\n\n\n\n\n\n\n\n<object style=\"width: 100%; height: 600px;\" data=\"https:\/\/lpstgjiu.ro\/wp-content\/uploads\/2025\/03\/Rezultate-Olimpiada-de-Pregatire-Sportiva-Teoretica-2025-1.pdf\" type=\"application\/pdf\" width=\"300\" height=\"150\" aria-label=\"Rezultate-Olimpiada-de-Pregatire-Sportiva-Teoretica-2025\"><\/object><a id=\"wp-block-file--media-d8a67248-fb68-4452-8ef7-d0e838b84e1a\" href=\"https:\/\/lpstgjiu.ro\/wp-content\/uploads\/2025\/03\/Rezultate-Olimpiada-de-Pregatire-Sportiva-Teoretica-2025-1.pdf\">Rezultate-Olimpiada-de-Pregatire-Sportiva-Teoretica-2025<\/a><a href=\"https:\/\/lpstgjiu.ro\/wp-content\/uploads\/2025\/03\/Rezultate-Olimpiada-de-Pregatire-Sportiva-Teoretica-2025-1.pdf\" download=\"\" aria-describedby=\"wp-block-file--media-d8a67248-fb68-4452-8ef7-d0e838b84e1a\">Download<\/a>\n\n\n\n\n\n<object style=\"width: 100%; height: 590px;\" data=\"https:\/\/lpstgjiu.ro\/wp-content\/uploads\/2025\/03\/REZULTATE-istorie.pdf\" type=\"application\/pdf\" width=\"300\" height=\"150\" aria-label=\"REZULTATE-istorie\"><\/object><a id=\"wp-block-file--media-d6a925d6-2fce-4205-9def-fd37a62de964\" href=\"https:\/\/lpstgjiu.ro\/wp-content\/uploads\/2025\/03\/REZULTATE-istorie.pdf\">REZULTATE-istorie<\/a><a href=\"https:\/\/lpstgjiu.ro\/wp-content\/uploads\/2025\/03\/REZULTATE-istorie.pdf\" download=\"\" aria-describedby=\"wp-block-file--media-d6a925d6-2fce-4205-9def-fd37a62de964\">Download<br \/><\/a>\n\n\n\n\n\n<object style=\"width: 100%; height: 600px;\" data=\"https:\/\/lpstgjiu.ro\/wp-content\/uploads\/2025\/03\/Rezultate-socio-umane.pdf\" type=\"application\/pdf\" width=\"300\" height=\"150\" aria-label=\"Rezultate -socio-umane\"><\/object><a id=\"wp-block-file--media-f3608451-283c-449c-8505-3f4906bd4a9f\" href=\"https:\/\/lpstgjiu.ro\/wp-content\/uploads\/2025\/03\/Rezultate-socio-umane.pdf\">Rezultate -socio-umane<\/a><a href=\"https:\/\/lpstgjiu.ro\/wp-content\/uploads\/2025\/03\/Rezultate-socio-umane.pdf\" download=\"\" aria-describedby=\"wp-block-file--media-f3608451-283c-449c-8505-3f4906bd4a9f\">Download<\/a>\n\n\n\n\n\n<p class=\"has-text-align-center has-medium-font-size\"><p>\u00cen data de 20.03.2024, orele 13, la Liceul cu Program Sportiv T\u00e2rgu Jiu, se va desf\u0103\u015fura etapa jude\u0163ean\u0103 a<\/p><\/p>\n\n\n\n<p class=\"has-text-align-center has-medium-font-size\"><p>Concursului na\u021bional \u201eIstorie \u0219i societate \u00een dimensiune virtual\u0103\u201d, organizat de Inspectoratul \u0218colar Jude\u021bean Gorj.<br>Concursul se adreseaz\u0103 exclusiv elevilor de liceu.<\/p><\/p>\n\n\n\n<figure><img decoding=\"async\" src=\"https:\/\/lpstgjiu.ro\/wp-content\/uploads\/2025\/04\/WhatsApp-Image-2024-03-18-at-14.52.28-1024x1024-1.jpeg\" alt=\"\" \/><\/figure>\n\n\n\n<p><strong><mark style=\"background-color: rgba(0, 0, 0, 0);\">Anul \u0219colar 2023-202<\/mark><\/strong>4<\/p>\n\n\n\n<p>Rezultate OLLR &#8211; etapa local\u0103<\/p>\n\n\n\n<a id=\"wp-block-file--media-ec9516e1-08ee-4cdc-bdaa-a503c60d40dc\" href=\"https:\/\/lpstgjiu.ro\/wp-content\/uploads\/2024\/02\/Rezultate-OLLR.jpeg\" target=\"_blank\" rel=\"noreferrer noopener\">Rezultate-OLLR<\/a>\n\n\n\n<hr \/>\n\n\n\n<p><strong><mark style=\"background-color: rgba(0, 0, 0, 0);\">Anul \u0219colar 2021-2022<\/mark><\/strong><\/p>\n\n\n\n<p>&nbsp;<\/p>\n\n\n\n<ul class=\"wp-block-list\">\n<li><em><strong>Olimpiada Na\u021bional\u0103 de Preg\u0103tire Sportiv\u0103 Teoretic\u0103 &#8211; etapa na\u0163ional\u0103, 27-30 aprilie 2022, Foc\u015fani:<\/strong> <\/em><\/li>\n<\/ul>\n\n\n\n<p class=\"has-text-align-center\"><p><strong><mark style=\"background-color: rgba(0, 0, 0, 0);\">Locul III<\/mark><\/strong>, P\u00eeni\u0219oar\u0103 Valentina Bianca &#8211; clasa a X-a<\/p><\/p>\n\n\n\n<p class=\"has-text-align-center\"><p><strong><mark style=\"background-color: rgba(0, 0, 0, 0);\">MEN\u0162IUNE,<\/mark><\/strong> Tutunaru Lyly Andreea &#8211; clasa a XI-a<\/p><\/p>\n\n\n\n<p class=\"has-text-align-right\"><p>Profesor coordonator, Roven\u021ba Simona Elena<\/p><\/p>\n\n\n<p style=\"text-align: center;\"><img fetchpriority=\"high\" decoding=\"async\" src=\"http:\/\/lpstgjiu.ro\/wp-content\/uploads\/2022\/05\/MENTIUNE-ONPST-2022-Tutunaru-Lyly-1-300x212.jpg\" alt=\"\" width=\"271\" height=\"192\" \/> <img decoding=\"async\" src=\"http:\/\/lpstgjiu.ro\/wp-content\/uploads\/2022\/05\/Locul-III-ONPST-2022-Pinisoara-Valentina-3-300x212.jpg\" alt=\"\" width=\"265\" height=\"187\" \/><\/p>\n<p><img decoding=\"async\" src=\"http:\/\/lpstgjiu.ro\/wp-content\/uploads\/2022\/05\/WhatsApp-Image-2022-04-30-at-13.30.46-1-225x300.jpeg\" alt=\"\" width=\"250\" height=\"333\" \/><\/p>\n\n\n<hr \/>\n\n\n\n<ul class=\"wp-block-list\">\n<li><strong><em><mark style=\"background-color: rgba(0, 0, 0, 0);\">Calificare la etapa na\u0163ional\u0103<\/mark>:<\/em><\/strong>\n<ol class=\"wp-block-list\">\n<li>Olimpiada Na\u0163ional\u0103 de Preg\u0103tire Sportiv\u0103 Teoretic\u0103, P\u00eeni\u015foar\u0103 Valentina Bianca, clasa a X-a C, profesor coordonator Roven\u0163a Simona Elena;<\/li>\n\n\n\n<li>Olimpiada Na\u0163ional\u0103 de Preg\u0103tire Sportiv\u0103 Teoretic\u0103, Tutunaru Lyly Andreea, clasa a XI-a B, profesor coordonator Roven\u0163a Simona Elena.<\/li>\n<\/ol>\n<\/li>\n<\/ul>\n\n\n\n<hr \/>\n\n\n\n<ul class=\"wp-block-list\">\n<li><strong><em>Olimpiada Na\u021bional\u0103 de religie &#8211; cultul otodox &#8211; etapa jude\u021bean\u0103, 19 martie 2022, T\u00e2rgu Jiu:<\/em><\/strong><\/li>\n<\/ul>\n\n\n\n<p class=\"has-text-align-center\"><p><strong><mark style=\"background-color: rgba(0, 0, 0, 0);\">Locul II<\/mark><\/strong>, Cruceru Maria Bianca &#8211; clasa a VIII-a A<\/p><\/p>\n\n\n\n<p class=\"has-text-align-center\"><p>Profesor coordonator, P\u0103un Marian Emanoil<\/p><\/p>\n\n\n\n\n\n<hr \/>\n\n\n\n<ul class=\"wp-block-list\">\n<li><em><strong>Olimpiada Na\u021bional\u0103 de Preg\u0103tire Sportiv\u0103 Teoretic\u0103 &#8211; etapa jude\u021bean\u0103, 19 martie 2022, T\u00e2rgu Jiu:<\/strong> <\/em><\/li>\n<\/ul>\n\n\n\n<p class=\"has-text-align-center\"><p><strong><mark style=\"background-color: rgba(0, 0, 0, 0);\">Locul I<\/mark><\/strong>, P\u00eeni\u0219oar\u0103 Valentina Bianca &#8211; clasa a X-a C<\/p><\/p>\n\n\n\n<p class=\"has-text-align-center\"><p><strong><mark style=\"background-color: rgba(0, 0, 0, 0);\">Locul I<\/mark><\/strong>, Tutunaru Lyly Andreea &#8211; clasa a XI-a B<\/p><\/p>\n\n\n\n<p class=\"has-text-align-right\"><p>Profesor coordonator, Roven\u021ba Simona Elena<\/p><\/p>\n\n\n\n<hr \/>\n\n\n\n<ul class=\"wp-block-list\">\n<li><strong><em>Olimpiada Na\u021bional\u0103 de limbi clasice: greac\u0103 veche, latin\u0103 &#8211; etapa jude\u021bean\u0103, 13 martie 2022, T\u00e2rgu Jiu:<\/em><\/strong><\/li>\n<\/ul>\n\n\n\n<p class=\"has-text-align-center\"><p><strong><mark style=\"background-color: rgba(0, 0, 0, 0);\">Locul VI<\/mark><\/strong>, Rasoveanu Rebeca Andreea &#8211; clasa a VII-a A<\/p><\/p>\n\n\n\n<p class=\"has-text-align-center\"><p><strong><mark style=\"background-color: rgba(0, 0, 0, 0);\">Locul VII<\/mark><\/strong>, Becheanu Ilaria Maria &#8211; clasa a VII-a A<\/p><\/p>\n\n\n\n<p class=\"has-text-align-right\"><p>Profesor coordonator, M\u0103tr\u0103gun\u0103 Maria Magdalena<\/p><\/p>\n\n\n\n<hr \/>\n\n\n\n<p class=\"has-text-align-right\"><p>&nbsp;<\/p><\/p>\n\n\n\n<ul class=\"wp-block-list\">\n<li><strong><em><mark style=\"background-color: rgba(0, 0, 0, 0);\">Calificare la etapa jude\u021bean\u0103<\/mark>:<\/em><\/strong><\/li>\n<\/ul>\n\n\n\n<ol class=\"wp-block-list\">\n<li><strong><em>Olimpiada Na\u021bional\u0103 de Limba Englez\u0103<\/em><\/strong>: Biondi Arianna Gaia Elisa &#8211; clasa a VII-a A, profesor coordonator Scredeanu Irina Mihaela;<\/li>\n<\/ol>\n\n\n\n<hr \/>\n\n\n\n<ul class=\"wp-block-list\">\n<li><strong><em>Festivalul &#8211; Concurs de Poezie Religioas\u0103, Concurs interjude\u0163ean, Edi\u0163ia a XV-a, on-line, septembrie &#8211; noiembrie 2021, T\u00e2rgu Jiu: <\/em><\/strong><\/li>\n<\/ul>\n\n\n\n<p class=\"has-text-align-center\"><p><strong>Premiul al II-lea,<\/strong> Albu Ana Maria &#8211; clasa a XII-a D<\/p><\/p>\n\n\n\n<p class=\"has-text-align-center\"><p><strong><mark style=\"background-color: rgba(0, 0, 0, 0);\">Men\u0163iune<\/mark>,<\/strong> Becheanu Ilaria Maria- clasa a VII-a A<\/p><\/p>\n\n\n\n<p class=\"has-text-align-right\"><p>Profesor coordonator, B\u0103loi Simona Elena<\/p><\/p>\n\n\n\n<p>&nbsp;<\/p>\n","protected":false},"excerpt":{"rendered":"<p>REZULTATE CREATIVE WRITING_etapa judeteana_29.03.2026 &nbsp; &nbsp; Felicit\u0103ri elevilor no\u0219tri pentru performan\u021ba deosebit\u0103 de a se califica la Olimpiada de Preg\u0103tire Sportiv\u0103 Teoretic\u0103! &nbsp; &nbsp;Prin munc\u0103, perseveren\u021b\u0103 \u0219i pasiune pentru domeniul sportului, a\u021bi demonstrat c\u0103 seriozitatea \u0219i dorin\u021ba de a progresa aduc rezultate remarcabile. Calificarea voastr\u0103 reprezint\u0103 nu doar o realizare personal\u0103, ci \u0219i un motiv\u2026 <span class=\"read-more\"><a href=\"https:\/\/lpstgjiu.ro\/index.php\/rezultate-2\/\">Cite\u0219te mai mult &raquo;<\/a><\/span><\/p>\n","protected":false},"author":2,"featured_media":0,"parent":0,"menu_order":0,"comment_status":"closed","ping_status":"closed","template":"","meta":{"_uag_custom_page_level_css":"","footnotes":""},"class_list":["post-234","page","type-page","status-publish","hentry"],"uagb_featured_image_src":{"full":false,"thumbnail":false,"medium":false,"medium_large":false,"large":false,"1536x1536":false,"2048x2048":false,"post-thumbnail":false,"excerpt-thumbnail":false,"excerpt-thumbnail-mobile":false,"rpwe-thumbnail":false},"uagb_author_info":{"display_name":"Elena Drig\u0103","author_link":"https:\/\/lpstgjiu.ro\/index.php\/author\/elenadriga\/"},"uagb_comment_info":0,"uagb_excerpt":"REZULTATE CREATIVE WRITING_etapa judeteana_29.03.2026 &nbsp; &nbsp; Felicit\u0103ri elevilor no\u0219tri pentru performan\u021ba deosebit\u0103 de a se califica la Olimpiada de Preg\u0103tire Sportiv\u0103 Teoretic\u0103! &nbsp; &nbsp;Prin munc\u0103, perseveren\u021b\u0103 \u0219i pasiune pentru domeniul sportului, a\u021bi demonstrat c\u0103 seriozitatea \u0219i dorin\u021ba de a progresa aduc rezultate remarcabile. Calificarea voastr\u0103 reprezint\u0103 nu doar o realizare personal\u0103, ci \u0219i un motiv\u2026&hellip;","_links":{"self":[{"href":"https:\/\/lpstgjiu.ro\/index.php\/wp-json\/wp\/v2\/pages\/234","targetHints":{"allow":["GET"]}}],"collection":[{"href":"https:\/\/lpstgjiu.ro\/index.php\/wp-json\/wp\/v2\/pages"}],"about":[{"href":"https:\/\/lpstgjiu.ro\/index.php\/wp-json\/wp\/v2\/types\/page"}],"author":[{"embeddable":true,"href":"https:\/\/lpstgjiu.ro\/index.php\/wp-json\/wp\/v2\/users\/2"}],"replies":[{"embeddable":true,"href":"https:\/\/lpstgjiu.ro\/index.php\/wp-json\/wp\/v2\/comments?post=234"}],"version-history":[{"count":57,"href":"https:\/\/lpstgjiu.ro\/index.php\/wp-json\/wp\/v2\/pages\/234\/revisions"}],"predecessor-version":[{"id":3251,"href":"https:\/\/lpstgjiu.ro\/index.php\/wp-json\/wp\/v2\/pages\/234\/revisions\/3251"}],"wp:attachment":[{"href":"https:\/\/lpstgjiu.ro\/index.php\/wp-json\/wp\/v2\/media?parent=234"}],"curies":[{"name":"wp","href":"https:\/\/api.w.org\/{rel}","templated":true}]}}