{"id":23,"date":"2019-04-22T08:39:20","date_gmt":"2019-04-22T08:39:20","guid":{"rendered":"http:\/\/lpstgjiu.ro\/?page_id=23"},"modified":"2026-03-10T16:42:23","modified_gmt":"2026-03-10T13:42:23","slug":"competitii-sportive","status":"publish","type":"page","link":"https:\/\/lpstgjiu.ro\/index.php\/competitii-sportive\/","title":{"rendered":"Concursuri \u0219i Olimpiade \u0218colare"},"content":{"rendered":"\n<figure class=\"wp-block-image size-large\"><img fetchpriority=\"high\" decoding=\"async\" width=\"1024\" height=\"768\" src=\"https:\/\/lpstgjiu.ro\/wp-content\/uploads\/2026\/03\/Olimpiada-Pregatire-Sportiva-Teoretica-afis-1-1024x768.jpg\" alt=\"\" class=\"wp-image-2823\" srcset=\"https:\/\/lpstgjiu.ro\/wp-content\/uploads\/2026\/03\/Olimpiada-Pregatire-Sportiva-Teoretica-afis-1-1024x768.jpg 1024w, https:\/\/lpstgjiu.ro\/wp-content\/uploads\/2026\/03\/Olimpiada-Pregatire-Sportiva-Teoretica-afis-1-300x225.jpg 300w, https:\/\/lpstgjiu.ro\/wp-content\/uploads\/2026\/03\/Olimpiada-Pregatire-Sportiva-Teoretica-afis-1-768x576.jpg 768w, https:\/\/lpstgjiu.ro\/wp-content\/uploads\/2026\/03\/Olimpiada-Pregatire-Sportiva-Teoretica-afis-1-660x495.jpg 660w, https:\/\/lpstgjiu.ro\/wp-content\/uploads\/2026\/03\/Olimpiada-Pregatire-Sportiva-Teoretica-afis-1.jpg 1500w\" sizes=\"(max-width: 1024px) 100vw, 1024px\" \/><\/figure>\n\n\n\n<p>Felicit\u0103ri elevilor no\u0219tri pentru performan\u021ba deosebit\u0103 de a se califica la Olimpiada de Preg\u0103tire Sportiv\u0103 Teoretic\u0103!<\/p>\n\n\n\n<p>Prin munc\u0103, perseveren\u021b\u0103 \u0219i pasiune pentru domeniul sportului, a\u021bi demonstrat c\u0103 seriozitatea \u0219i dorin\u021ba de a progresa aduc rezultate remarcabile. Calificarea voastr\u0103 reprezint\u0103 nu doar o realizare personal\u0103, ci \u0219i un motiv de m\u00e2ndrie pentru \u0219coal\u0103, profesori \u0219i colegi.<\/p>\n\n\n\n<p>V\u0103 dorim mult succes \u00een etapa urm\u0103toare, \u00eencredere \u00een propriile for\u021be \u0219i rezultate pe m\u0103sura efortului depus. Suntem convin\u0219i c\u0103 ve\u021bi reprezenta cu cinste \u0219coala noastr\u0103!<\/p>\n\n\n\n<p>Bravo \u0219i mult succes mai departe!<\/p>\n\n\n\n<div data-wp-interactive=\"core\/file\" class=\"wp-block-file\"><object data-wp-bind--hidden=\"!state.hasPdfPreview\" hidden class=\"wp-block-file__embed\" data=\"https:\/\/lpstgjiu.ro\/wp-content\/uploads\/2026\/03\/Criterii-departajare.pdf\" type=\"application\/pdf\" style=\"width:100%;height:600px\" aria-label=\"\u00cenglobare pentru Criterii departajare.\"><\/object><a id=\"wp-block-file--media-0eea2a00-16f7-4e74-ba07-b71578e30842\" href=\"https:\/\/lpstgjiu.ro\/wp-content\/uploads\/2026\/03\/Criterii-departajare.pdf\">Criterii departajare<\/a><a href=\"https:\/\/lpstgjiu.ro\/wp-content\/uploads\/2026\/03\/Criterii-departajare.pdf\" class=\"wp-block-file__button wp-element-button\" download aria-describedby=\"wp-block-file--media-0eea2a00-16f7-4e74-ba07-b71578e30842\">Descarc\u0103<\/a><\/div>\n","protected":false},"excerpt":{"rendered":"<p>Felicit\u0103ri elevilor no\u0219tri pentru performan\u021ba deosebit\u0103 de a se califica la Olimpiada de Preg\u0103tire Sportiv\u0103 Teoretic\u0103! Prin munc\u0103, perseveren\u021b\u0103 \u0219i pasiune pentru domeniul sportului, a\u021bi demonstrat c\u0103 seriozitatea \u0219i dorin\u021ba de a progresa aduc rezultate remarcabile. Calificarea voastr\u0103 reprezint\u0103 nu doar o realizare personal\u0103, ci \u0219i un motiv de m\u00e2ndrie pentru \u0219coal\u0103, profesori \u0219i colegi.\u2026 <span class=\"read-more\"><a href=\"https:\/\/lpstgjiu.ro\/index.php\/competitii-sportive\/\">Cite\u0219te mai mult &raquo;<\/a><\/span><\/p>\n","protected":false},"author":1,"featured_media":0,"parent":0,"menu_order":0,"comment_status":"closed","ping_status":"closed","template":"","meta":{"_uag_custom_page_level_css":"","footnotes":""},"class_list":["post-23","page","type-page","status-publish","hentry"],"uagb_featured_image_src":{"full":false,"thumbnail":false,"medium":false,"medium_large":false,"large":false,"1536x1536":false,"2048x2048":false,"post-thumbnail":false,"excerpt-thumbnail":false,"excerpt-thumbnail-mobile":false,"rpwe-thumbnail":false},"uagb_author_info":{"display_name":"Liana Popovici","author_link":"https:\/\/lpstgjiu.ro\/index.php\/author\/vuddxbj7cn\/"},"uagb_comment_info":0,"uagb_excerpt":"Felicit\u0103ri elevilor no\u0219tri pentru performan\u021ba deosebit\u0103 de a se califica la Olimpiada de Preg\u0103tire Sportiv\u0103 Teoretic\u0103! Prin munc\u0103, perseveren\u021b\u0103 \u0219i pasiune pentru domeniul sportului, a\u021bi demonstrat c\u0103 seriozitatea \u0219i dorin\u021ba de a progresa aduc rezultate remarcabile. Calificarea voastr\u0103 reprezint\u0103 nu doar o realizare personal\u0103, ci \u0219i un motiv de m\u00e2ndrie pentru \u0219coal\u0103, profesori \u0219i colegi.\u2026&hellip;","_links":{"self":[{"href":"https:\/\/lpstgjiu.ro\/index.php\/wp-json\/wp\/v2\/pages\/23","targetHints":{"allow":["GET"]}}],"collection":[{"href":"https:\/\/lpstgjiu.ro\/index.php\/wp-json\/wp\/v2\/pages"}],"about":[{"href":"https:\/\/lpstgjiu.ro\/index.php\/wp-json\/wp\/v2\/types\/page"}],"author":[{"embeddable":true,"href":"https:\/\/lpstgjiu.ro\/index.php\/wp-json\/wp\/v2\/users\/1"}],"replies":[{"embeddable":true,"href":"https:\/\/lpstgjiu.ro\/index.php\/wp-json\/wp\/v2\/comments?post=23"}],"version-history":[{"count":8,"href":"https:\/\/lpstgjiu.ro\/index.php\/wp-json\/wp\/v2\/pages\/23\/revisions"}],"predecessor-version":[{"id":2824,"href":"https:\/\/lpstgjiu.ro\/index.php\/wp-json\/wp\/v2\/pages\/23\/revisions\/2824"}],"wp:attachment":[{"href":"https:\/\/lpstgjiu.ro\/index.php\/wp-json\/wp\/v2\/media?parent=23"}],"curies":[{"name":"wp","href":"https:\/\/api.w.org\/{rel}","templated":true}]}}