{"id":226,"date":"2019-05-08T15:48:06","date_gmt":"2019-05-08T12:48:06","guid":{"rendered":"http:\/\/lpstgjiu.ro\/?page_id=226"},"modified":"2026-03-18T13:47:35","modified_gmt":"2026-03-18T10:47:35","slug":"inscriere-invatamant-primar","status":"publish","type":"page","link":"https:\/\/lpstgjiu.ro\/index.php\/inscriere-invatamant-primar\/","title":{"rendered":"\u00censcriere \u00eenv\u0103\u021b\u0103m\u00e2nt primar"},"content":{"rendered":"\n<div data-wp-interactive=\"core\/file\" class=\"wp-block-file\"><object data-wp-bind--hidden=\"!state.hasPdfPreview\" hidden class=\"wp-block-file__embed\" data=\"https:\/\/lpstgjiu.ro\/wp-content\/uploads\/2026\/03\/ORDIN-Nr.-3.334-DIN-26.02.2026-1.pdf\" type=\"application\/pdf\" style=\"width:100%;height:600px\" aria-label=\"\u00cenglobare pentru ORDIN Nr. 3.334 DIN 26.02.2026.\"><\/object><a id=\"wp-block-file--media-0f19c0b6-69e3-4b4e-9c9f-4a6aaae14963\" href=\"https:\/\/lpstgjiu.ro\/wp-content\/uploads\/2026\/03\/ORDIN-Nr.-3.334-DIN-26.02.2026-1.pdf\">ORDIN Nr. 3.334 DIN 26.02.2026<\/a><a href=\"https:\/\/lpstgjiu.ro\/wp-content\/uploads\/2026\/03\/ORDIN-Nr.-3.334-DIN-26.02.2026-1.pdf\" class=\"wp-block-file__button wp-element-button\" download aria-describedby=\"wp-block-file--media-0f19c0b6-69e3-4b4e-9c9f-4a6aaae14963\">Descarc\u0103<\/a><\/div>\n\n\n\n<div style=\"height:30px\" aria-hidden=\"true\" class=\"wp-block-spacer\"><\/div>\n\n\n\n<div data-wp-interactive=\"core\/file\" class=\"wp-block-file\"><object data-wp-bind--hidden=\"!state.hasPdfPreview\" hidden class=\"wp-block-file__embed\" data=\"https:\/\/lpstgjiu.ro\/wp-content\/uploads\/2026\/03\/ORDIN-NR.-4019-din-15-.03.2024-privind-aprobarea-Metodologiei-de-inscriere-a-copiilor-in-invatamantul-primar.pdf\" type=\"application\/pdf\" style=\"width:100%;height:600px\" aria-label=\"\u00cenglobare pentru ORDIN NR. 4019 din 15 .03.2024 privind aprobarea Metodologiei de inscriere a copiilor in invatamantul primar.\"><\/object><a id=\"wp-block-file--media-47e6674c-90e0-463c-ac07-eb4ef32e7c1c\" href=\"https:\/\/lpstgjiu.ro\/wp-content\/uploads\/2026\/03\/ORDIN-NR.-4019-din-15-.03.2024-privind-aprobarea-Metodologiei-de-inscriere-a-copiilor-in-invatamantul-primar.pdf\">ORDIN NR. 4019 din 15 .03.2024 privind aprobarea Metodologiei de inscriere a copiilor in invatamantul primar<\/a><a href=\"https:\/\/lpstgjiu.ro\/wp-content\/uploads\/2026\/03\/ORDIN-NR.-4019-din-15-.03.2024-privind-aprobarea-Metodologiei-de-inscriere-a-copiilor-in-invatamantul-primar.pdf\" class=\"wp-block-file__button wp-element-button\" download aria-describedby=\"wp-block-file--media-47e6674c-90e0-463c-ac07-eb4ef32e7c1c\">Descarc\u0103<\/a><\/div>\n\n\n\n<div data-wp-interactive=\"core\/file\" class=\"wp-block-file\"><object data-wp-bind--hidden=\"!state.hasPdfPreview\" hidden class=\"wp-block-file__embed\" data=\"https:\/\/lpstgjiu.ro\/wp-content\/uploads\/2026\/03\/Clasa-pregatitoare-2026-2027.pdf\" type=\"application\/pdf\" style=\"width:100%;height:600px\" aria-label=\"\u00cenglobare pentru Clasa prega\u0306titoare 2026-2027.\"><\/object><a id=\"wp-block-file--media-fbf472a4-2e4c-4555-b37f-6904d2d384d2\" href=\"https:\/\/lpstgjiu.ro\/wp-content\/uploads\/2026\/03\/Clasa-pregatitoare-2026-2027.pdf\">Clasa prega\u0306titoare 2026-2027<\/a><a href=\"https:\/\/lpstgjiu.ro\/wp-content\/uploads\/2026\/03\/Clasa-pregatitoare-2026-2027.pdf\" class=\"wp-block-file__button wp-element-button\" download aria-describedby=\"wp-block-file--media-fbf472a4-2e4c-4555-b37f-6904d2d384d2\">Descarc\u0103<\/a><\/div>\n\n\n\n<figure class=\"wp-block-image size-large\"><img fetchpriority=\"high\" decoding=\"async\" width=\"1024\" height=\"1024\" src=\"http:\/\/lpstgjiu.ro\/wp-content\/uploads\/2026\/02\/Calendar-inscriere-clasa-pregatitoare-2026-2027-2-1024x1024.jpg\" alt=\"\" class=\"wp-image-2695\" srcset=\"https:\/\/lpstgjiu.ro\/wp-content\/uploads\/2026\/02\/Calendar-inscriere-clasa-pregatitoare-2026-2027-2-1024x1024.jpg 1024w, https:\/\/lpstgjiu.ro\/wp-content\/uploads\/2026\/02\/Calendar-inscriere-clasa-pregatitoare-2026-2027-2-300x300.jpg 300w, https:\/\/lpstgjiu.ro\/wp-content\/uploads\/2026\/02\/Calendar-inscriere-clasa-pregatitoare-2026-2027-2-150x150.jpg 150w, https:\/\/lpstgjiu.ro\/wp-content\/uploads\/2026\/02\/Calendar-inscriere-clasa-pregatitoare-2026-2027-2-768x768.jpg 768w, https:\/\/lpstgjiu.ro\/wp-content\/uploads\/2026\/02\/Calendar-inscriere-clasa-pregatitoare-2026-2027-2-660x660.jpg 660w, https:\/\/lpstgjiu.ro\/wp-content\/uploads\/2026\/02\/Calendar-inscriere-clasa-pregatitoare-2026-2027-2.jpg 1080w\" sizes=\"(max-width: 1024px) 100vw, 1024px\" \/><\/figure>\n\n\n\n<div data-wp-interactive=\"core\/file\" class=\"wp-block-file aligncenter\"><object data-wp-bind--hidden=\"!state.hasPdfPreview\" hidden class=\"wp-block-file__embed\" data=\"https:\/\/lpstgjiu.ro\/wp-content\/uploads\/2026\/02\/Cateva-informatii-importante.pdf\" type=\"application\/pdf\" style=\"width:100%;height:600px\" aria-label=\"\u00cenglobare pentru C\u00e2teva informa\u021bii importante.\"><\/object><a id=\"wp-block-file--media-d46eaf86-98ae-428f-8080-6e9628fc7f0a\" href=\"https:\/\/lpstgjiu.ro\/wp-content\/uploads\/2026\/02\/Cateva-informatii-importante.pdf\">C\u00e2teva informa\u021bii importante<\/a><a href=\"https:\/\/lpstgjiu.ro\/wp-content\/uploads\/2026\/02\/Cateva-informatii-importante.pdf\" class=\"wp-block-file__button wp-element-button\" download aria-describedby=\"wp-block-file--media-d46eaf86-98ae-428f-8080-6e9628fc7f0a\">Descarc\u0103<\/a><\/div>\n\n\n\n<div data-wp-interactive=\"core\/file\" class=\"wp-block-file\"><object data-wp-bind--hidden=\"!state.hasPdfPreview\" hidden class=\"wp-block-file__embed\" data=\"https:\/\/lpstgjiu.ro\/wp-content\/uploads\/2026\/02\/Proiect_CALENDAR_inscriere_primar_2026_2027.pdf\" type=\"application\/pdf\" style=\"width:100%;height:600px\" aria-label=\"\u00cenglobare pentru P&lt;strong&gt;&lt;em&gt;roiect_CALENDAR_inscriere_primar_2026_2027&lt;\/em&gt;&lt;\/strong&gt;.\"><\/object><a id=\"wp-block-file--media-9da384ac-04a5-47f6-b5ba-9c4f4bdc2876\" href=\"https:\/\/lpstgjiu.ro\/wp-content\/uploads\/2026\/02\/Proiect_CALENDAR_inscriere_primar_2026_2027.pdf\">P<strong><em>roiect_CALENDAR_inscriere_primar_2026_2027<\/em><\/strong><\/a><a href=\"https:\/\/lpstgjiu.ro\/wp-content\/uploads\/2026\/02\/Proiect_CALENDAR_inscriere_primar_2026_2027.pdf\" class=\"wp-block-file__button wp-element-button\" download aria-describedby=\"wp-block-file--media-9da384ac-04a5-47f6-b5ba-9c4f4bdc2876\">Descarc\u0103<\/a><\/div>\n\n\n\n<div class=\"wp-block-group\"><div class=\"wp-block-group__inner-container is-layout-constrained wp-block-group-is-layout-constrained\"><\/div><\/div>\n\n\n\n<p class=\"has-very-light-gray-to-cyan-bluish-gray-gradient-background has-background\"><strong><em>\u00censcriere clasa preg\u0103titoare 2025-2026<\/em><\/strong><\/p>\n\n\n\n<div data-wp-interactive=\"core\/file\" class=\"wp-block-file\"><object data-wp-bind--hidden=\"!state.hasPdfPreview\" hidden class=\"wp-block-file__embed\" data=\"https:\/\/lpstgjiu.ro\/wp-content\/uploads\/2025\/05\/Lista-admisi-Clasa-pregatitoare.pdf\" type=\"application\/pdf\" style=\"width:100%;height:600px\" aria-label=\"\u00cenglobare pentru List\u0103 admisi-Clasa preg\u0103titoare.\"><\/object><a id=\"wp-block-file--media-1c757460-d417-4b77-9124-630fe21b25c1\" href=\"https:\/\/lpstgjiu.ro\/wp-content\/uploads\/2025\/05\/Lista-admisi-Clasa-pregatitoare.pdf\">List\u0103 admisi-Clasa preg\u0103titoare<\/a><a href=\"https:\/\/lpstgjiu.ro\/wp-content\/uploads\/2025\/05\/Lista-admisi-Clasa-pregatitoare.pdf\" class=\"wp-block-file__button wp-element-button\" download aria-describedby=\"wp-block-file--media-1c757460-d417-4b77-9124-630fe21b25c1\">Descarc\u0103<\/a><\/div>\n\n\n\n<div data-wp-interactive=\"core\/file\" class=\"wp-block-file\"><object data-wp-bind--hidden=\"!state.hasPdfPreview\" hidden class=\"wp-block-file__embed\" data=\"https:\/\/lpstgjiu.ro\/wp-content\/uploads\/2025\/03\/Anunt-inscriere-clasa-pregatitoare-pentru-anul-scolar-2025-2026-1.pdf\" type=\"application\/pdf\" style=\"width:100%;height:670px\" aria-label=\"\u00cenglobare pentru                                                 &lt;strong&gt;&lt;em&gt;Anunt-inscriere-clasa-pregatitoare-pentru-anul-scolar-2025-2026&lt;\/em&gt;&lt;\/strong&gt;.\"><\/object><a id=\"wp-block-file--media-47657546-0606-4e9d-b607-ffcdaf1edc51\" href=\"https:\/\/lpstgjiu.ro\/wp-content\/uploads\/2025\/03\/Anunt-inscriere-clasa-pregatitoare-pentru-anul-scolar-2025-2026-1.pdf\">                                                <strong><em>Anunt-inscriere-clasa-pregatitoare-pentru-anul-scolar-2025-2026<\/em><\/strong><\/a><a href=\"https:\/\/lpstgjiu.ro\/wp-content\/uploads\/2025\/03\/Anunt-inscriere-clasa-pregatitoare-pentru-anul-scolar-2025-2026-1.pdf\" class=\"wp-block-file__button wp-element-button\" download aria-describedby=\"wp-block-file--media-47657546-0606-4e9d-b607-ffcdaf1edc51\">Download<\/a><\/div>\n\n\n\n<div style=\"height:31px\" aria-hidden=\"true\" class=\"wp-block-spacer\"><\/div>\n\n\n\n<div class=\"wp-block-file alignleft\"><a id=\"wp-block-file--media-ed2df836-5f01-4111-8e7e-904ab1614ac3\" href=\"https:\/\/lpstgjiu.ro\/wp-content\/uploads\/2025\/03\/Circumscriptii-scolare-clasa-pregatitoare-2025.pdf.docx\">Circumscriptii-scolare-clasa-pregatitoare-2025.pdf<\/a><a href=\"https:\/\/lpstgjiu.ro\/wp-content\/uploads\/2025\/03\/Circumscriptii-scolare-clasa-pregatitoare-2025.pdf.docx\" class=\"wp-block-file__button wp-element-button\" download aria-describedby=\"wp-block-file--media-ed2df836-5f01-4111-8e7e-904ab1614ac3\">Download<\/a><\/div>\n\n\n\n<div style=\"height:35px\" aria-hidden=\"true\" class=\"wp-block-spacer\"><\/div>\n\n\n\n<div style=\"height:36px\" aria-hidden=\"true\" class=\"wp-block-spacer\"><\/div>\n\n\n\n<div data-wp-interactive=\"core\/file\" class=\"wp-block-file aligncenter\"><object data-wp-bind--hidden=\"!state.hasPdfPreview\" hidden class=\"wp-block-file__embed\" data=\"https:\/\/lpstgjiu.ro\/wp-content\/uploads\/2025\/03\/ORDIN-ME-4019_2024-Metodologie-inscriere-in-clasa-pregatitoare-1.pdf\" type=\"application\/pdf\" style=\"width:100%;height:810px\" aria-label=\"\u00cenglobare pentru ORDIN-ME-4019_2024-Metodologie-inscriere-in-clasa-pregatitoare.\"><\/object><a id=\"wp-block-file--media-50b6aa55-b403-4910-ac61-68d093ca7e73\" href=\"https:\/\/lpstgjiu.ro\/wp-content\/uploads\/2025\/03\/ORDIN-ME-4019_2024-Metodologie-inscriere-in-clasa-pregatitoare-1.pdf\">ORDIN-ME-4019_2024-Metodologie-inscriere-in-clasa-pregatitoare<\/a><a href=\"https:\/\/lpstgjiu.ro\/wp-content\/uploads\/2025\/03\/ORDIN-ME-4019_2024-Metodologie-inscriere-in-clasa-pregatitoare-1.pdf\" class=\"wp-block-file__button wp-element-button\" download aria-describedby=\"wp-block-file--media-50b6aa55-b403-4910-ac61-68d093ca7e73\">Download<\/a><\/div>\n\n\n\n<div style=\"height:32px\" aria-hidden=\"true\" class=\"wp-block-spacer\"><\/div>\n\n\n\n<div data-wp-interactive=\"core\/file\" class=\"wp-block-file aligncenter\"><object data-wp-bind--hidden=\"!state.hasPdfPreview\" hidden class=\"wp-block-file__embed\" data=\"https:\/\/lpstgjiu.ro\/wp-content\/uploads\/2025\/03\/CERERE-TIP-clasa-pregatitoare-Etapa-I-2025-1.pdf\" type=\"application\/pdf\" style=\"width:100%;height:640px\" aria-label=\"\u00cenglobare pentru CERERE-TIP-clasa-pregatitoare-Etapa-I-2025.\"><\/object><a id=\"wp-block-file--media-07978c4f-6dc7-4dc2-a4a2-0cf9403c3423\" href=\"https:\/\/lpstgjiu.ro\/wp-content\/uploads\/2025\/03\/CERERE-TIP-clasa-pregatitoare-Etapa-I-2025-1.pdf\">CERERE-TIP-clasa-pregatitoare-Etapa-I-2025<\/a><a href=\"https:\/\/lpstgjiu.ro\/wp-content\/uploads\/2025\/03\/CERERE-TIP-clasa-pregatitoare-Etapa-I-2025-1.pdf\" class=\"wp-block-file__button wp-element-button\" download aria-describedby=\"wp-block-file--media-07978c4f-6dc7-4dc2-a4a2-0cf9403c3423\">Download<\/a><\/div>\n\n\n\n<div style=\"height:39px\" aria-hidden=\"true\" class=\"wp-block-spacer\"><\/div>\n\n\n<div class=\"wp-block-image\">\n<figure class=\"aligncenter is-resized\"><img decoding=\"async\" width=\"1500\" height=\"2000\" src=\"http:\/\/lpstgjiu.ro\/wp-content\/uploads\/2024\/06\/admitere-2024.jpg\" alt=\"\" class=\"wp-image-1669\" style=\"width:724px;height:auto\" srcset=\"https:\/\/lpstgjiu.ro\/wp-content\/uploads\/2024\/06\/admitere-2024.jpg 1500w, https:\/\/lpstgjiu.ro\/wp-content\/uploads\/2024\/06\/admitere-2024-225x300.jpg 225w, https:\/\/lpstgjiu.ro\/wp-content\/uploads\/2024\/06\/admitere-2024-768x1024.jpg 768w, https:\/\/lpstgjiu.ro\/wp-content\/uploads\/2024\/06\/admitere-2024-1152x1536.jpg 1152w\" sizes=\"(max-width: 1500px) 100vw, 1500px\" \/><figcaption class=\"wp-element-caption\"><strong><em>Admitere-2024<\/em><\/strong><\/figcaption><\/figure>\n<\/div>\n\n\n<div style=\"height:36px\" aria-hidden=\"true\" class=\"wp-block-spacer\"><\/div>\n\n\n<div class=\"wp-block-image\">\n<figure class=\"aligncenter is-resized\"><img decoding=\"async\" width=\"1920\" height=\"2560\" src=\"http:\/\/lpstgjiu.ro\/wp-content\/uploads\/2024\/04\/CALENDAR-admitere-2024-scaled.jpg\" alt=\"\" class=\"wp-image-1651\" style=\"width:760px;height:auto\" srcset=\"https:\/\/lpstgjiu.ro\/wp-content\/uploads\/2024\/04\/CALENDAR-admitere-2024-scaled.jpg 1920w, https:\/\/lpstgjiu.ro\/wp-content\/uploads\/2024\/04\/CALENDAR-admitere-2024-225x300.jpg 225w, https:\/\/lpstgjiu.ro\/wp-content\/uploads\/2024\/04\/CALENDAR-admitere-2024-768x1024.jpg 768w, https:\/\/lpstgjiu.ro\/wp-content\/uploads\/2024\/04\/CALENDAR-admitere-2024-1152x1536.jpg 1152w, https:\/\/lpstgjiu.ro\/wp-content\/uploads\/2024\/04\/CALENDAR-admitere-2024-1536x2048.jpg 1536w\" sizes=\"(max-width: 1920px) 100vw, 1920px\" \/><\/figure>\n<\/div>\n\n\n<p class=\"has-text-align-center\">                                                                                                             \u00ce<strong>n<em>scriere \u00eenv\u0103\u021b\u0103m\u00e2nt primar pentru anul \u0219colar 2024-2025<\/em><\/strong><\/p>\n\n\n<div class=\"wp-block-image\">\n<figure class=\"aligncenter size-full is-resized\"><img loading=\"lazy\" decoding=\"async\" width=\"501\" height=\"720\" src=\"https:\/\/lpstgjiu.ro\/wp-content\/uploads\/2024\/04\/ZIUA-PORTILOR-DESCHISE-1.jpg\" alt=\"\" class=\"wp-image-1627\" style=\"width:501px;height:auto\" srcset=\"https:\/\/lpstgjiu.ro\/wp-content\/uploads\/2024\/04\/ZIUA-PORTILOR-DESCHISE-1.jpg 501w, https:\/\/lpstgjiu.ro\/wp-content\/uploads\/2024\/04\/ZIUA-PORTILOR-DESCHISE-1-209x300.jpg 209w\" sizes=\"(max-width: 501px) 100vw, 501px\" \/><\/figure>\n<\/div>\n\n\n<p><\/p>\n\n\n\n<p><a href=\"https:\/\/www.isjgorj.ro\/inscriere-invatamant-primar\/\">https:\/\/www.isjgorj.ro\/inscriere-invatamant-primar\/<\/a><\/p>\n\n\n\n<p><strong>\u00censcrierea \u00een \u00eenv\u0103\u0163\u0103m\u00e2ntul primar pentru anul \u015fcolar 2022-2023:<\/strong><\/p>\n\n\n<p><a href=\"http:\/\/lpstgjiu.ro\/wp-content\/uploads\/2022\/04\/CERERE-TIP_CLSPRG_2022_ETAPA_I.pdf\">CERERE-TIP_CLSPRG_2022_ETAPA_I<\/a><\/p>\n<p><a href=\"http:\/\/lpstgjiu.ro\/wp-content\/uploads\/2022\/04\/Arondarea-strazilor-la-unitatile-de-invatamant-2022.pdf\">Arondarea str\u0103zilor la unit\u0103\u0163ile de \u00eenv\u0103\u0163\u0103m\u00e2nt 2022<\/a><\/p>\n<p><a href=\"http:\/\/lpstgjiu.ro\/wp-content\/uploads\/2022\/04\/Plan-de-scolarizare-clasa-pregatitoare-2022-2023-Gorj-3.pdf\">Plan-de-scolarizare-clasa-pregatitoare-2022-2023-Gorj<\/a><\/p>\n<p><a href=\"http:\/\/lpstgjiu.ro\/wp-content\/uploads\/2022\/03\/Metodologia-de-inscriere-a-copiilor-in-inv.-primar-2022-2023-3.pdf\">Metodologia de \u00eenscriere a copiilor \u00een \u00eenv. primar 2022-2023<\/a><\/p>\n<p><a href=\"https:\/\/www.edu.ro\/inscriere-invatamant-primar\">https:\/\/www.edu.ro\/inscriere-invatamant-primar\u00a0\u00a0<\/a><\/p>\n<p>https:\/\/www.isjgorj.ro\/inscriere-invatamant-primar\/\u00a0<\/p>\n\n\n<hr class=\"wp-block-separator has-css-opacity\"\/>\n\n\n\n<figure class=\"wp-block-gallery has-nested-images columns-default is-cropped wp-block-gallery-1 is-layout-flex wp-block-gallery-is-layout-flex\">\n<figure class=\"wp-block-image size-large\"><img loading=\"lazy\" decoding=\"async\" width=\"663\" height=\"1024\" data-id=\"1217\" src=\"http:\/\/lpstgjiu.ro\/wp-content\/uploads\/2022\/04\/Afis-Ziua-portilor-deschise-2022-2-663x1024.jpg\" alt=\"\" class=\"wp-image-1217\" srcset=\"https:\/\/lpstgjiu.ro\/wp-content\/uploads\/2022\/04\/Afis-Ziua-portilor-deschise-2022-2-663x1024.jpg 663w, https:\/\/lpstgjiu.ro\/wp-content\/uploads\/2022\/04\/Afis-Ziua-portilor-deschise-2022-2-194x300.jpg 194w, https:\/\/lpstgjiu.ro\/wp-content\/uploads\/2022\/04\/Afis-Ziua-portilor-deschise-2022-2-768x1187.jpg 768w, https:\/\/lpstgjiu.ro\/wp-content\/uploads\/2022\/04\/Afis-Ziua-portilor-deschise-2022-2-994x1536.jpg 994w, https:\/\/lpstgjiu.ro\/wp-content\/uploads\/2022\/04\/Afis-Ziua-portilor-deschise-2022-2-1325x2048.jpg 1325w, https:\/\/lpstgjiu.ro\/wp-content\/uploads\/2022\/04\/Afis-Ziua-portilor-deschise-2022-2-scaled.jpg 1656w\" sizes=\"(max-width: 663px) 100vw, 663px\" \/><\/figure>\n<\/figure>\n\n\n\n<p class=\"has-very-light-gray-to-cyan-bluish-gray-gradient-background has-background\"><strong>\u00ce<em>nscrierea \u00een \u00eenv\u0103\u0163\u0103m\u00e2ntul primar pentru anul \u015fcolar 2021-2022:<\/em><\/strong><\/p>\n\n\n\n<div data-wp-interactive=\"core\/file\" class=\"wp-block-file\"><object data-wp-bind--hidden=\"!state.hasPdfPreview\" hidden class=\"wp-block-file__embed\" data=\"https:\/\/lpstgjiu.ro\/wp-content\/uploads\/2025\/04\/Inscriere-clasa-pregatitoare-2021-2022.pdf\" type=\"application\/pdf\" style=\"width:100%;height:600px\" aria-label=\"\u00cenglobare pentru Inscriere-clasa-pregatitoare  2021-2022.\"><\/object><a id=\"wp-block-file--media-2f0b5f69-119b-4831-99a1-3565c1be6043\" href=\"https:\/\/lpstgjiu.ro\/wp-content\/uploads\/2025\/04\/Inscriere-clasa-pregatitoare-2021-2022.pdf\">Inscriere-clasa-pregatitoare  2021-2022<\/a><a href=\"https:\/\/lpstgjiu.ro\/wp-content\/uploads\/2025\/04\/Inscriere-clasa-pregatitoare-2021-2022.pdf\" class=\"wp-block-file__button wp-element-button\" download aria-describedby=\"wp-block-file--media-2f0b5f69-119b-4831-99a1-3565c1be6043\">Descarc\u0103<\/a><\/div>\n\n\n\n<div class=\"wp-block-file\"><a id=\"wp-block-file--media-4b3960cd-7de6-439a-a261-9ca68f0fbf9e\" href=\"http:\/\/lpstgjiu.ro\/wp-content\/uploads\/2021\/05\/Procedura-inscriere-clasa-pregatitoare-etapa-a-II-a.pdf\">Procedura-inscriere-clasa-pregatitoare-etapa-a-II-a<\/a><a href=\"http:\/\/lpstgjiu.ro\/wp-content\/uploads\/2021\/05\/Procedura-inscriere-clasa-pregatitoare-etapa-a-II-a.pdf\" class=\"wp-block-file__button wp-element-button\" download aria-describedby=\"wp-block-file--media-4b3960cd-7de6-439a-a261-9ca68f0fbf9e\">Download<\/a><\/div>\n\n\n\n<div class=\"wp-block-file\"><a id=\"wp-block-file--media-60e0bc3f-3f16-4fc2-a7f6-c456ed6451d7\" href=\"http:\/\/lpstgjiu.ro\/wp-content\/uploads\/2021\/05\/Situatia_locurilor_disponibile_dupa_etapa_I.pdf\">Situatia_locurilor_disponibile_dupa_etapa_I<\/a><a href=\"http:\/\/lpstgjiu.ro\/wp-content\/uploads\/2021\/05\/Situatia_locurilor_disponibile_dupa_etapa_I.pdf\" class=\"wp-block-file__button wp-element-button\" download aria-describedby=\"wp-block-file--media-60e0bc3f-3f16-4fc2-a7f6-c456ed6451d7\">Download<\/a><\/div>\n\n\n\n<div class=\"wp-block-file\"><a id=\"wp-block-file--media-6e01f232-d909-4332-86f1-d2d271d71323\" href=\"http:\/\/lpstgjiu.ro\/wp-content\/uploads\/2021\/03\/CERERE-TIP_CLSPRG_2021_ETAPA_I.pdf\">CERERE-TIP_CLSPRG_2021_ETAPA_I<\/a><a href=\"http:\/\/lpstgjiu.ro\/wp-content\/uploads\/2021\/03\/CERERE-TIP_CLSPRG_2021_ETAPA_I.pdf\" class=\"wp-block-file__button wp-element-button\" download aria-describedby=\"wp-block-file--media-6e01f232-d909-4332-86f1-d2d271d71323\">Download<\/a><\/div>\n\n\n\n<div class=\"wp-block-file\"><a id=\"wp-block-file--media-aa4835d9-0cb3-48fc-985b-297cac86b8fa\" href=\"http:\/\/lpstgjiu.ro\/wp-content\/uploads\/2021\/03\/Circumscriptii-scolare.pdf\">Circumscriptii-scolare<\/a><a href=\"http:\/\/lpstgjiu.ro\/wp-content\/uploads\/2021\/03\/Circumscriptii-scolare.pdf\" class=\"wp-block-file__button wp-element-button\" download aria-describedby=\"wp-block-file--media-aa4835d9-0cb3-48fc-985b-297cac86b8fa\">Download<\/a><\/div>\n\n\n\n<div class=\"wp-block-file\"><a id=\"wp-block-file--media-1aa7af31-ac3f-4a66-b862-6f9ca44541dc\" href=\"http:\/\/lpstgjiu.ro\/wp-content\/uploads\/2021\/03\/Precizari-inscriere-clasa-pregatitoare-2021.pdf\">Precizari-inscriere-clasa-pregatitoare-2021<\/a><a href=\"http:\/\/lpstgjiu.ro\/wp-content\/uploads\/2021\/03\/Precizari-inscriere-clasa-pregatitoare-2021.pdf\" class=\"wp-block-file__button wp-element-button\" download aria-describedby=\"wp-block-file--media-1aa7af31-ac3f-4a66-b862-6f9ca44541dc\">Download<\/a><\/div>\n\n\n\n<div class=\"wp-block-file\"><a id=\"wp-block-file--media-d1a90283-9d3a-4be4-8d94-3a54c6c09780\" href=\"http:\/\/lpstgjiu.ro\/wp-content\/uploads\/2021\/03\/Criterii-generale-de-departajare-1.pdf\">Criterii-generale-de-departajare-1<\/a><a href=\"http:\/\/lpstgjiu.ro\/wp-content\/uploads\/2021\/03\/Criterii-generale-de-departajare-1.pdf\" class=\"wp-block-file__button wp-element-button\" download aria-describedby=\"wp-block-file--media-d1a90283-9d3a-4be4-8d94-3a54c6c09780\">Download<\/a><\/div>\n\n\n\n<div class=\"wp-block-file\"><a id=\"wp-block-file--media-9dd8306b-e890-4f20-b345-a67bb15c45bf\" href=\"http:\/\/lpstgjiu.ro\/wp-content\/uploads\/2021\/03\/Programul-centrului-de-evaluare.pdf\">Programul-centrului-de-evaluare<\/a><a href=\"http:\/\/lpstgjiu.ro\/wp-content\/uploads\/2021\/03\/Programul-centrului-de-evaluare.pdf\" class=\"wp-block-file__button wp-element-button\" download aria-describedby=\"wp-block-file--media-9dd8306b-e890-4f20-b345-a67bb15c45bf\">Download<\/a><\/div>\n\n\n\n<div class=\"wp-block-file\"><a id=\"wp-block-file--media-35985e8a-4865-4624-ae3c-ce6d4e8be424\" href=\"http:\/\/lpstgjiu.ro\/wp-content\/uploads\/2021\/03\/Informare-prelucrare-date-caracter-persona-proces-inscriere-invatamanat-primar-2020.pdf\">Informare-prelucrare-date-caracter-persona-proces-inscriere-invatamanat-primar-2020<\/a><a href=\"http:\/\/lpstgjiu.ro\/wp-content\/uploads\/2021\/03\/Informare-prelucrare-date-caracter-persona-proces-inscriere-invatamanat-primar-2020.pdf\" class=\"wp-block-file__button wp-element-button\" download aria-describedby=\"wp-block-file--media-35985e8a-4865-4624-ae3c-ce6d4e8be424\">Download<\/a><\/div>\n\n\n\n<div class=\"wp-block-file\"><a id=\"wp-block-file--media-fa42a3f9-1a77-409a-8060-7071dd637869\" href=\"http:\/\/lpstgjiu.ro\/wp-content\/uploads\/2021\/03\/Anexa-2-Calendar_inscriere_primar_2021_2022.pdf\">Anexa-2-Calendar_inscriere_primar_2021_2022<\/a><a href=\"http:\/\/lpstgjiu.ro\/wp-content\/uploads\/2021\/03\/Anexa-2-Calendar_inscriere_primar_2021_2022.pdf\" class=\"wp-block-file__button wp-element-button\" download aria-describedby=\"wp-block-file--media-fa42a3f9-1a77-409a-8060-7071dd637869\">Download<\/a><\/div>\n\n\n\n<div class=\"wp-block-file\"><a id=\"wp-block-file--media-38c24f7a-832f-49b8-80e3-b26d004b75f5\" href=\"http:\/\/lpstgjiu.ro\/wp-content\/uploads\/2021\/03\/Anexe-1-2-3-metodologie-inscriere-invatamant-primar-2021_2022.pdf\">Anexe-1-2-3-metodologie-inscriere-invatamant-primar-2021_2022<\/a><a href=\"http:\/\/lpstgjiu.ro\/wp-content\/uploads\/2021\/03\/Anexe-1-2-3-metodologie-inscriere-invatamant-primar-2021_2022.pdf\" class=\"wp-block-file__button wp-element-button\" download aria-describedby=\"wp-block-file--media-38c24f7a-832f-49b8-80e3-b26d004b75f5\">Download<\/a><\/div>\n\n\n\n<div class=\"wp-block-file\"><a id=\"wp-block-file--media-99f19da5-0311-40f4-ac2c-37165de2d609\" href=\"http:\/\/lpstgjiu.ro\/wp-content\/uploads\/2021\/03\/Anexa-1-Metodologie-inscriere-invatamant-primar-2021_2022.pdf\">Anexa-1-Metodologie-inscriere-invatamant-primar-2021_2022<\/a><a href=\"http:\/\/lpstgjiu.ro\/wp-content\/uploads\/2021\/03\/Anexa-1-Metodologie-inscriere-invatamant-primar-2021_2022.pdf\" class=\"wp-block-file__button wp-element-button\" download aria-describedby=\"wp-block-file--media-99f19da5-0311-40f4-ac2c-37165de2d609\">Download<\/a><\/div>\n\n\n\n<div class=\"wp-block-file\"><a id=\"wp-block-file--media-3b78234d-ff7c-421e-99ca-cf8100fbd16d\" href=\"http:\/\/lpstgjiu.ro\/wp-content\/uploads\/2021\/03\/OME-3473_.2021.pdf\">OME-3473_.2021<\/a><a href=\"http:\/\/lpstgjiu.ro\/wp-content\/uploads\/2021\/03\/OME-3473_.2021.pdf\" class=\"wp-block-file__button wp-element-button\" download aria-describedby=\"wp-block-file--media-3b78234d-ff7c-421e-99ca-cf8100fbd16d\">Download<\/a><\/div>\n\n\n\n<p><\/p>\n\n\n\n<h2 class=\"wp-block-heading\"><\/h2>\n\n\n\n<ul class=\"wp-block-list\">\n<li><\/li>\n\n\n\n<li><\/li>\n<\/ul>\n\n\n\n<p><\/p>\n\n\n\n<p><\/p>\n","protected":false},"excerpt":{"rendered":"<p>\u00censcriere clasa preg\u0103titoare 2025-2026 \u00censcriere \u00eenv\u0103\u021b\u0103m\u00e2nt primar pentru anul \u0219colar 2024-2025 https:\/\/www.isjgorj.ro\/inscriere-invatamant-primar\/ \u00censcrierea \u00een \u00eenv\u0103\u0163\u0103m\u00e2ntul primar pentru anul \u015fcolar 2022-2023: CERERE-TIP_CLSPRG_2022_ETAPA_I Arondarea str\u0103zilor la unit\u0103\u0163ile de \u00eenv\u0103\u0163\u0103m\u00e2nt 2022 Plan-de-scolarizare-clasa-pregatitoare-2022-2023-Gorj Metodologia de \u00eenscriere a copiilor \u00een \u00eenv. primar 2022-2023 https:\/\/www.edu.ro\/inscriere-invatamant-primar\u00a0\u00a0 https:\/\/www.isjgorj.ro\/inscriere-invatamant-primar\/\u00a0 \u00censcrierea \u00een \u00eenv\u0103\u0163\u0103m\u00e2ntul primar pentru anul \u015fcolar 2021-2022:<\/p>\n","protected":false},"author":1,"featured_media":0,"parent":0,"menu_order":0,"comment_status":"closed","ping_status":"closed","template":"","meta":{"_uag_custom_page_level_css":"","footnotes":""},"class_list":["post-226","page","type-page","status-publish","hentry"],"uagb_featured_image_src":{"full":false,"thumbnail":false,"medium":false,"medium_large":false,"large":false,"1536x1536":false,"2048x2048":false,"post-thumbnail":false,"excerpt-thumbnail":false,"excerpt-thumbnail-mobile":false,"rpwe-thumbnail":false},"uagb_author_info":{"display_name":"Liana Popovici","author_link":"https:\/\/lpstgjiu.ro\/index.php\/author\/vuddxbj7cn\/"},"uagb_comment_info":0,"uagb_excerpt":"\u00censcriere clasa preg\u0103titoare 2025-2026 \u00censcriere \u00eenv\u0103\u021b\u0103m\u00e2nt primar pentru anul \u0219colar 2024-2025 https:\/\/www.isjgorj.ro\/inscriere-invatamant-primar\/ \u00censcrierea \u00een \u00eenv\u0103\u0163\u0103m\u00e2ntul primar pentru anul \u015fcolar 2022-2023: CERERE-TIP_CLSPRG_2022_ETAPA_I Arondarea str\u0103zilor la unit\u0103\u0163ile de \u00eenv\u0103\u0163\u0103m\u00e2nt 2022 Plan-de-scolarizare-clasa-pregatitoare-2022-2023-Gorj Metodologia de \u00eenscriere a copiilor \u00een \u00eenv. primar 2022-2023 https:\/\/www.edu.ro\/inscriere-invatamant-primar\u00a0\u00a0 https:\/\/www.isjgorj.ro\/inscriere-invatamant-primar\/\u00a0 \u00censcrierea \u00een \u00eenv\u0103\u0163\u0103m\u00e2ntul primar pentru anul \u015fcolar 2021-2022:","_links":{"self":[{"href":"https:\/\/lpstgjiu.ro\/index.php\/wp-json\/wp\/v2\/pages\/226","targetHints":{"allow":["GET"]}}],"collection":[{"href":"https:\/\/lpstgjiu.ro\/index.php\/wp-json\/wp\/v2\/pages"}],"about":[{"href":"https:\/\/lpstgjiu.ro\/index.php\/wp-json\/wp\/v2\/types\/page"}],"author":[{"embeddable":true,"href":"https:\/\/lpstgjiu.ro\/index.php\/wp-json\/wp\/v2\/users\/1"}],"replies":[{"embeddable":true,"href":"https:\/\/lpstgjiu.ro\/index.php\/wp-json\/wp\/v2\/comments?post=226"}],"version-history":[{"count":54,"href":"https:\/\/lpstgjiu.ro\/index.php\/wp-json\/wp\/v2\/pages\/226\/revisions"}],"predecessor-version":[{"id":2848,"href":"https:\/\/lpstgjiu.ro\/index.php\/wp-json\/wp\/v2\/pages\/226\/revisions\/2848"}],"wp:attachment":[{"href":"https:\/\/lpstgjiu.ro\/index.php\/wp-json\/wp\/v2\/media?parent=226"}],"curies":[{"name":"wp","href":"https:\/\/api.w.org\/{rel}","templated":true}]}}