{"id":1111,"date":"2022-01-04T12:21:48","date_gmt":"2022-01-04T09:21:48","guid":{"rendered":"http:\/\/lpstgjiu.ro\/?page_id=1111"},"modified":"2025-10-02T14:49:28","modified_gmt":"2025-10-02T11:49:28","slug":"documente-manageriale","status":"publish","type":"page","link":"https:\/\/lpstgjiu.ro\/index.php\/documente-manageriale\/","title":{"rendered":"Documente manageriale"},"content":{"rendered":"\n<div data-wp-interactive=\"core\/file\" class=\"wp-block-file\"><object data-wp-bind--hidden=\"!state.hasPdfPreview\" hidden class=\"wp-block-file__embed\" data=\"https:\/\/lpstgjiu.ro\/wp-content\/uploads\/2025\/10\/ROI.pdf\" type=\"application\/pdf\" style=\"width:100%;height:600px\" aria-label=\"\u00cenglobare pentru ROI.\"><\/object><a id=\"wp-block-file--media-105cbb96-06fb-4698-86c7-3058047023ea\" href=\"https:\/\/lpstgjiu.ro\/wp-content\/uploads\/2025\/10\/ROI.pdf\">ROI<\/a><a href=\"https:\/\/lpstgjiu.ro\/wp-content\/uploads\/2025\/10\/ROI.pdf\" class=\"wp-block-file__button wp-element-button\" download aria-describedby=\"wp-block-file--media-105cbb96-06fb-4698-86c7-3058047023ea\">Descarc\u0103<\/a><\/div>\n\n\n\n<div style=\"height:52px\" aria-hidden=\"true\" class=\"wp-block-spacer\"><\/div>\n\n\n\n<div data-wp-interactive=\"core\/file\" class=\"wp-block-file\"><object data-wp-bind--hidden=\"!state.hasPdfPreview\" hidden class=\"wp-block-file__embed\" data=\"https:\/\/lpstgjiu.ro\/wp-content\/uploads\/2025\/10\/REGULAMENT-DE-ORGANIZARE-SI-FUNCTIONARE.pdf\" type=\"application\/pdf\" style=\"width:100%;height:600px\" aria-label=\"\u00cenglobare pentru REGULAMENT DE ORGANIZARE \u0218I FUNC\u021aIONARE.\"><\/object><a id=\"wp-block-file--media-1ca5adae-04b8-44e0-b99c-9d7be26dd517\" href=\"https:\/\/lpstgjiu.ro\/wp-content\/uploads\/2025\/10\/REGULAMENT-DE-ORGANIZARE-SI-FUNCTIONARE.pdf\">REGULAMENT DE ORGANIZARE \u0218I FUNC\u021aIONARE<\/a><a href=\"https:\/\/lpstgjiu.ro\/wp-content\/uploads\/2025\/10\/REGULAMENT-DE-ORGANIZARE-SI-FUNCTIONARE.pdf\" class=\"wp-block-file__button wp-element-button\" download aria-describedby=\"wp-block-file--media-1ca5adae-04b8-44e0-b99c-9d7be26dd517\">Descarc\u0103<\/a><\/div>\n\n\n\n<div style=\"height:59px\" aria-hidden=\"true\" class=\"wp-block-spacer\"><\/div>\n\n\n\n<div data-wp-interactive=\"core\/file\" class=\"wp-block-file\"><object data-wp-bind--hidden=\"!state.hasPdfPreview\" hidden class=\"wp-block-file__embed\" data=\"https:\/\/lpstgjiu.ro\/wp-content\/uploads\/2025\/10\/PDI.pdf\" type=\"application\/pdf\" style=\"width:100%;height:600px\" aria-label=\"\u00cenglobare pentru PDI.\"><\/object><a id=\"wp-block-file--media-1852af41-6f1a-4cdb-9318-aefbfcf9e5ff\" href=\"https:\/\/lpstgjiu.ro\/wp-content\/uploads\/2025\/10\/PDI.pdf\">PDI<\/a><a href=\"https:\/\/lpstgjiu.ro\/wp-content\/uploads\/2025\/10\/PDI.pdf\" class=\"wp-block-file__button wp-element-button\" download aria-describedby=\"wp-block-file--media-1852af41-6f1a-4cdb-9318-aefbfcf9e5ff\">Descarc\u0103<\/a><\/div>\n\n\n\n<div style=\"height:46px\" aria-hidden=\"true\" class=\"wp-block-spacer\"><\/div>\n\n\n\n<div data-wp-interactive=\"core\/file\" class=\"wp-block-file\"><object data-wp-bind--hidden=\"!state.hasPdfPreview\" hidden class=\"wp-block-file__embed\" data=\"https:\/\/lpstgjiu.ro\/wp-content\/uploads\/2025\/10\/CODUL-DE-CONDUITA-ETICA-AL-ELEVULUI.pdf\" type=\"application\/pdf\" style=\"width:100%;height:600px\" aria-label=\"\u00cenglobare pentru CODUL DE CONDUIT\u0102 ETIC\u0102 AL ELEVULUI.\"><\/object><a id=\"wp-block-file--media-bbd329f4-e2e5-4913-8428-1f998da212b0\" href=\"https:\/\/lpstgjiu.ro\/wp-content\/uploads\/2025\/10\/CODUL-DE-CONDUITA-ETICA-AL-ELEVULUI.pdf\">CODUL DE CONDUIT\u0102 ETIC\u0102 AL ELEVULUI<\/a><a href=\"https:\/\/lpstgjiu.ro\/wp-content\/uploads\/2025\/10\/CODUL-DE-CONDUITA-ETICA-AL-ELEVULUI.pdf\" class=\"wp-block-file__button wp-element-button\" download aria-describedby=\"wp-block-file--media-bbd329f4-e2e5-4913-8428-1f998da212b0\">Descarc\u0103<\/a><\/div>\n\n\n\n<div data-wp-interactive=\"core\/file\" class=\"wp-block-file\"><object data-wp-bind--hidden=\"!state.hasPdfPreview\" hidden class=\"wp-block-file__embed\" data=\"https:\/\/lpstgjiu.ro\/wp-content\/uploads\/2025\/10\/COD-DE-CONDUITA-ETICA.pdf\" type=\"application\/pdf\" style=\"width:100%;height:600px\" aria-label=\"\u00cenglobare pentru COD DE CONDUIT\u0102 ETIC\u0102.\"><\/object><a id=\"wp-block-file--media-404bc5ac-0017-485f-bd0f-97a5e0868329\" href=\"https:\/\/lpstgjiu.ro\/wp-content\/uploads\/2025\/10\/COD-DE-CONDUITA-ETICA.pdf\">COD DE CONDUIT\u0102 ETIC\u0102<\/a><a href=\"https:\/\/lpstgjiu.ro\/wp-content\/uploads\/2025\/10\/COD-DE-CONDUITA-ETICA.pdf\" class=\"wp-block-file__button wp-element-button\" download aria-describedby=\"wp-block-file--media-404bc5ac-0017-485f-bd0f-97a5e0868329\">Descarc\u0103<\/a><\/div>\n\n\n\n<div data-wp-interactive=\"core\/file\" class=\"wp-block-file\"><object data-wp-bind--hidden=\"!state.hasPdfPreview\" hidden class=\"wp-block-file__embed\" data=\"https:\/\/lpstgjiu.ro\/wp-content\/uploads\/2024\/10\/Regulament-de-ordine-si-functionare-2024-2025.pdf\" type=\"application\/pdf\" style=\"width:100%;height:600px\" aria-label=\"\u00cenglobare pentru Regulament de ordine \u0219i func\u021bionare 2024-2025.\"><\/object><a id=\"wp-block-file--media-6ee591fa-283f-47ac-8a08-265096d3b923\" href=\"https:\/\/lpstgjiu.ro\/wp-content\/uploads\/2024\/10\/Regulament-de-ordine-si-functionare-2024-2025.pdf\">Regulament de ordine \u0219i func\u021bionare 2024-2025<\/a><a href=\"https:\/\/lpstgjiu.ro\/wp-content\/uploads\/2024\/10\/Regulament-de-ordine-si-functionare-2024-2025.pdf\" class=\"wp-block-file__button wp-element-button\" download aria-describedby=\"wp-block-file--media-6ee591fa-283f-47ac-8a08-265096d3b923\">Download<\/a><\/div>\n\n\n\n<p>Plan de dezvoltare institu\u021bional\u0103 2020-2024:<\/p>\n\n\n\n<div style=\"height:47px\" aria-hidden=\"true\" class=\"wp-block-spacer\"><\/div>\n\n\n\n<div data-wp-interactive=\"core\/file\" class=\"wp-block-file\"><object data-wp-bind--hidden=\"!state.hasPdfPreview\" hidden class=\"wp-block-file__embed\" data=\"https:\/\/lpstgjiu.ro\/wp-content\/uploads\/2024\/10\/Regulament-Intern_2024_2025-1.pdf\" type=\"application\/pdf\" style=\"width:100%;height:600px\" aria-label=\"\u00cenglobare pentru Regulament Intern_2024_2025.\"><\/object><a id=\"wp-block-file--media-ca0bbfb4-01c2-498a-a7c4-2635d63256c3\" href=\"https:\/\/lpstgjiu.ro\/wp-content\/uploads\/2024\/10\/Regulament-Intern_2024_2025-1.pdf\">Regulament Intern_2024_2025<\/a><a href=\"https:\/\/lpstgjiu.ro\/wp-content\/uploads\/2024\/10\/Regulament-Intern_2024_2025-1.pdf\" class=\"wp-block-file__button wp-element-button\" download aria-describedby=\"wp-block-file--media-ca0bbfb4-01c2-498a-a7c4-2635d63256c3\">Download<\/a><\/div>\n","protected":false},"excerpt":{"rendered":"<p>Plan de dezvoltare institu\u021bional\u0103 2020-2024:<\/p>\n","protected":false},"author":2,"featured_media":0,"parent":0,"menu_order":0,"comment_status":"closed","ping_status":"closed","template":"","meta":{"_uag_custom_page_level_css":"","footnotes":""},"class_list":["post-1111","page","type-page","status-publish","hentry"],"uagb_featured_image_src":{"full":false,"thumbnail":false,"medium":false,"medium_large":false,"large":false,"1536x1536":false,"2048x2048":false,"post-thumbnail":false,"excerpt-thumbnail":false,"excerpt-thumbnail-mobile":false,"rpwe-thumbnail":false},"uagb_author_info":{"display_name":"Elena Drig\u0103","author_link":"https:\/\/lpstgjiu.ro\/index.php\/author\/elenadriga\/"},"uagb_comment_info":0,"uagb_excerpt":"Plan de dezvoltare institu\u021bional\u0103 2020-2024:","_links":{"self":[{"href":"https:\/\/lpstgjiu.ro\/index.php\/wp-json\/wp\/v2\/pages\/1111","targetHints":{"allow":["GET"]}}],"collection":[{"href":"https:\/\/lpstgjiu.ro\/index.php\/wp-json\/wp\/v2\/pages"}],"about":[{"href":"https:\/\/lpstgjiu.ro\/index.php\/wp-json\/wp\/v2\/types\/page"}],"author":[{"embeddable":true,"href":"https:\/\/lpstgjiu.ro\/index.php\/wp-json\/wp\/v2\/users\/2"}],"replies":[{"embeddable":true,"href":"https:\/\/lpstgjiu.ro\/index.php\/wp-json\/wp\/v2\/comments?post=1111"}],"version-history":[{"count":7,"href":"https:\/\/lpstgjiu.ro\/index.php\/wp-json\/wp\/v2\/pages\/1111\/revisions"}],"predecessor-version":[{"id":2463,"href":"https:\/\/lpstgjiu.ro\/index.php\/wp-json\/wp\/v2\/pages\/1111\/revisions\/2463"}],"wp:attachment":[{"href":"https:\/\/lpstgjiu.ro\/index.php\/wp-json\/wp\/v2\/media?parent=1111"}],"curies":[{"name":"wp","href":"https:\/\/api.w.org\/{rel}","templated":true}]}}